{"id":5499,"date":"2025-09-17T11:16:44","date_gmt":"2025-09-17T09:16:44","guid":{"rendered":"https:\/\/boreait.com\/hu\/?post_type=product&#038;p=5499"},"modified":"2025-09-17T11:17:33","modified_gmt":"2025-09-17T09:17:33","slug":"dell-latitude-e7270-series-0r37f7-ventilator-es-hutoborda-hatekony-hutesi-megoldas","status":"publish","type":"product","link":"https:\/\/boreait.com\/hu\/termek\/dell-latitude-e7270-series-0r37f7-ventilator-es-hutoborda-hatekony-hutesi-megoldas\/","title":{"rendered":"Dell Latitude E7270 Series 0R37F7 ventil\u00e1tor \u00e9s h\u0171t\u0151borda \u2013 Hat\u00e9kony h\u0171t\u00e9si megold\u00e1s"},"content":{"rendered":"<p>N\u00f6velje Dell Latitude E7270 laptopja h\u0171t\u00e9si k\u00e9pess\u00e9geit a Dell 0R37F7 ventil\u00e1tor \u00e9s amp; H\u0171t\u0151borda. Ez az eredeti Dell-tartoz\u00e9k kulcsfontoss\u00e1g\u00fa eleme az optim\u00e1lis \u00fczemi h\u0151m\u00e9rs\u00e9klet fenntart\u00e1s\u00e1nak, k\u00fcl\u00f6n\u00f6sen a meger\u0151ltet\u0151 feladatok sor\u00e1n.<\/p>\n<p>F\u0151bb jellemz\u0151k:<\/p>\n<ul>\n<li>Kompatibilit\u00e1s: Dell Latitude E7270 sorozat<\/li>\n<li>Alkatr\u00e9szsz\u00e1m: 0R37F7<\/li>\n<li>Hat\u00e9kony h\u0171t\u00e9s: A ventil\u00e1tor \u00e9s a h\u0171t\u0151borda p\u00e1rhuzamosan vezeti el a h\u0151t, megakad\u00e1lyozza a t\u00falmeleged\u00e9st \u00e9s biztos\u00edtja a zavartalan m\u0171k\u00f6d\u00e9st.<\/li>\n<li>Eredeti Dell-term\u00e9k: B\u00edzzon a megb\u00edzhat\u00f3s\u00e1gban \u00e9s a min\u0151s\u00e9gbiztos\u00edt\u00e1sban, amelyet az eredeti Dell h\u0171t\u00e9si megold\u00e1sok haszn\u00e1lnak.<\/li>\n<\/ul>\n<p>Friss\u00edtse Dell Latitude E7270 h\u0171t\u0151rendszer\u00e9t ezzel a ventil\u00e1torral &amp; H\u0171t\u0151borda du\u00f3. Ak\u00e1r hib\u00e1s egys\u00e9get cser\u00e9l, ak\u00e1r laptopja h\u0171t\u00e9si teljes\u00edtm\u00e9ny\u00e9t szeretn\u00e9 fokozni, a 0R37F7 a t\u00f6k\u00e9letes megold\u00e1s.<\/p>\n<p>K\u00e9rj\u00fck, vegye figyelembe, hogy ez az adatlap val\u00f3di f\u00e9nyk\u00e9peket tartalmaz a Dell Latitude E7270 Series 0R37F7 ventil\u00e1torr\u00f3l \u00e9s a ventil\u00e1torr\u00f3l; H\u0171t\u0151borda, \u00e9s nincs beszerel\u00e9si \u00fatmutat\u00f3. Ha b\u00e1rmilyen k\u00e9rd\u00e9se van, vagy seg\u00edts\u00e9gre van sz\u00fcks\u00e9ge, forduljon bizalommal. Gondoskodjon arr\u00f3l, hogy Dell laptopja nyom\u00e1s alatt is hideg maradjon ezzel az eredeti Dell h\u0171t\u0151tartoz\u00e9kkal.<\/p>\n","protected":false},"excerpt":{"rendered":"<p>Tartsa a Dell Latitude E7270 h\u0171v\u00f6s m\u0171k\u00f6d\u00e9s\u00e9t a 0R37F7 ventil\u00e1tor \u00e9s amp; H\u0171t\u0151borda. Az optim\u00e1lis h\u0171t\u00e9si hat\u00e9konys\u00e1gra tervezett eredeti Dell-tartoz\u00e9k biztos\u00edtja, hogy laptopja megfelel\u0151 h\u0151m\u00e9rs\u00e9kleten maradjon az intenz\u00edv feladatok sor\u00e1n. Friss\u00edtse h\u0171t\u0151rendszer\u00e9t a cs\u00facsteljes\u00edtm\u00e9ny \u00e9s a megb\u00edzhat\u00f3s\u00e1g \u00e9rdek\u00e9ben.<\/p>\n","protected":false},"featured_media":5551,"template":"","meta":[],"product_brand":[],"product_cat":[33],"product_tag":[17],"class_list":{"0":"post-5499","1":"product","2":"type-product","3":"status-publish","4":"has-post-thumbnail","6":"product_cat-cpu-fans-heatsinks","7":"product_tag-dell","9":"first","10":"instock","11":"taxable","12":"shipping-taxable","13":"purchasable","14":"product-type-simple"},"_links":{"self":[{"href":"https:\/\/boreait.com\/hu\/wp-json\/wp\/v2\/product\/5499","targetHints":{"allow":["GET"]}}],"collection":[{"href":"https:\/\/boreait.com\/hu\/wp-json\/wp\/v2\/product"}],"about":[{"href":"https:\/\/boreait.com\/hu\/wp-json\/wp\/v2\/types\/product"}],"wp:featuredmedia":[{"embeddable":true,"href":"https:\/\/boreait.com\/hu\/wp-json\/wp\/v2\/media\/5551"}],"wp:attachment":[{"href":"https:\/\/boreait.com\/hu\/wp-json\/wp\/v2\/media?parent=5499"}],"wp:term":[{"taxonomy":"product_brand","embeddable":true,"href":"https:\/\/boreait.com\/hu\/wp-json\/wp\/v2\/product_brand?post=5499"},{"taxonomy":"product_cat","embeddable":true,"href":"https:\/\/boreait.com\/hu\/wp-json\/wp\/v2\/product_cat?post=5499"},{"taxonomy":"product_tag","embeddable":true,"href":"https:\/\/boreait.com\/hu\/wp-json\/wp\/v2\/product_tag?post=5499"}],"curies":[{"name":"wp","href":"https:\/\/api.w.org\/{rel}","templated":true}]}}