{"id":5497,"date":"2025-09-17T11:16:44","date_gmt":"2025-09-17T09:16:44","guid":{"rendered":"https:\/\/boreait.com\/hu\/?post_type=product&#038;p=5497"},"modified":"2025-09-17T11:17:26","modified_gmt":"2025-09-17T09:17:26","slug":"eredeti-dell-latitude-e7270-bal-jobb-zsanerok-laptop-kepernyo-csuklopant-csere","status":"publish","type":"product","link":"https:\/\/boreait.com\/hu\/termek\/eredeti-dell-latitude-e7270-bal-jobb-zsanerok-laptop-kepernyo-csuklopant-csere\/","title":{"rendered":"Eredeti Dell Latitude E7270 bal jobb zsan\u00e9rok \u2013 Laptop k\u00e9perny\u0151 csukl\u00f3p\u00e1nt csere"},"content":{"rendered":"<p>Friss\u00edtse \u00e9s tartsa karban Dell Latitude E7270 laptopj\u00e1t az eredeti Dell Latitude E7270 bal jobb zsan\u00e9rokkal. Ha probl\u00e9m\u00e1kat tapasztal a laptop k\u00e9perny\u0151j\u00e9nek mozg\u00e1s\u00e1val, vagy ha a zsan\u00e9rok megs\u00e9r\u00fcltek, ezek az eredeti Dell cserealkatr\u00e9szek a t\u00f6k\u00e9letes megold\u00e1st jelentik.<\/p>\n<p>F\u0151bb jellemz\u0151k:<\/p>\n<ul>\n<li>Eredeti Dell Latitude E7270 bal jobb csukl\u00f3p\u00e1ntok<\/li>\n<li>Ide\u00e1lis laptop k\u00e9perny\u0151j\u00e9nek zsan\u00e9rcser\u00e9j\u00e9hez<\/li>\n<li>\u00dagy tervezt\u00e9k, hogy t\u00f6k\u00e9letesen illeszkedjen a Dell Latitude E7270 modellhez<\/li>\n<li>A z\u00f6kken\u0151mentes nyit\u00e1si \u00e9s z\u00e1r\u00e1si m\u0171velet vissza\u00e1ll\u00edt\u00e1sa<\/li>\n<li>Gondoskodjon laptopja k\u00e9perny\u0151j\u00e9nek hossz\u00fa \u00e9lettartam\u00e1r\u00f3l \u00e9s tart\u00f3ss\u00e1g\u00e1r\u00f3l<\/li>\n<\/ul>\n<p>Ezeket a zsan\u00e9rokat a Dell gy\u00e1rtja, biztos\u00edtva, hogy megfeleljenek az eredeti Dell alkatr\u00e9szekt\u0151l elv\u00e1rt magas min\u0151s\u00e9gi \u00e9s kompatibilit\u00e1si k\u00f6vetelm\u00e9nyeknek. A laptop zsan\u00e9rjainak cser\u00e9j\u00e9vel nemcsak az aktu\u00e1lis probl\u00e9m\u00e1kat oldja meg, hanem megel\u0151zi a k\u00e9perny\u0151 \u00e9s m\u00e1s alkatr\u00e9szek esetleges k\u00e1rosod\u00e1s\u00e1t is.<\/p>\n<p>K\u00e9rj\u00fck, vegye figyelembe, hogy ez a lista val\u00f3di f\u00e9nyk\u00e9peket tartalmaz az Eredeti Dell Latitude E7270 bal jobb oldali zsan\u00e9rokr\u00f3l, \u00e9s nem tartalmaz telep\u00edt\u00e9si utas\u00edt\u00e1st. Ha b\u00e1rmilyen k\u00e9rd\u00e9se van, vagy tov\u00e1bbi seg\u00edts\u00e9gre van sz\u00fcks\u00e9ge, forduljon bizalommal. Adjon \u00faj \u00e9letet Dell Latitude E7270 k\u00e9sz\u00fcl\u00e9k\u00e9nek ezekkel az eredeti Dell cserep\u00e1ntokkal.<\/p>\n","protected":false},"excerpt":{"rendered":"<p>Cser\u00e9lje ki Dell Latitude E7270 laptopja bal \u00e9s jobb oldali zsan\u00e9rjait ezekkel az eredeti Dell alkatr\u00e9szekkel. A t\u00f6k\u00e9letes illeszked\u00e9sre tervezett zsan\u00e9rok biztos\u00edtj\u00e1k laptopja k\u00e9perny\u0151j\u00e9nek tart\u00f3ss\u00e1g\u00e1t \u00e9s hossz\u00fa \u00e9lettartam\u00e1t. \u00c1ll\u00edtsa vissza laptopja z\u00f6kken\u0151mentes nyit\u00e1s\u00e1t \u00e9s z\u00e1r\u00e1s\u00e1t, meghosszabb\u00edtva annak teljes \u00e9lettartam\u00e1t. A hiteles Dell min\u0151s\u00e9g garant\u00e1lja a Latitude E7270 megb\u00edzhat\u00f3 zsan\u00e9rcser\u00e9j\u00e9t.<\/p>\n","protected":false},"featured_media":5538,"template":"","meta":[],"product_brand":[],"product_cat":[19],"product_tag":[17],"class_list":{"0":"post-5497","1":"product","2":"type-product","3":"status-publish","4":"has-post-thumbnail","6":"product_cat-screen-hinge","7":"product_tag-dell","9":"first","10":"instock","11":"taxable","12":"shipping-taxable","13":"purchasable","14":"product-type-simple"},"_links":{"self":[{"href":"https:\/\/boreait.com\/hu\/wp-json\/wp\/v2\/product\/5497","targetHints":{"allow":["GET"]}}],"collection":[{"href":"https:\/\/boreait.com\/hu\/wp-json\/wp\/v2\/product"}],"about":[{"href":"https:\/\/boreait.com\/hu\/wp-json\/wp\/v2\/types\/product"}],"wp:featuredmedia":[{"embeddable":true,"href":"https:\/\/boreait.com\/hu\/wp-json\/wp\/v2\/media\/5538"}],"wp:attachment":[{"href":"https:\/\/boreait.com\/hu\/wp-json\/wp\/v2\/media?parent=5497"}],"wp:term":[{"taxonomy":"product_brand","embeddable":true,"href":"https:\/\/boreait.com\/hu\/wp-json\/wp\/v2\/product_brand?post=5497"},{"taxonomy":"product_cat","embeddable":true,"href":"https:\/\/boreait.com\/hu\/wp-json\/wp\/v2\/product_cat?post=5497"},{"taxonomy":"product_tag","embeddable":true,"href":"https:\/\/boreait.com\/hu\/wp-json\/wp\/v2\/product_tag?post=5497"}],"curies":[{"name":"wp","href":"https:\/\/api.w.org\/{rel}","templated":true}]}}