{"id":5480,"date":"2025-09-17T11:16:21","date_gmt":"2025-09-17T09:16:21","guid":{"rendered":"https:\/\/boreait.com\/hu\/?post_type=product&#038;p=5480"},"modified":"2025-09-17T11:17:24","modified_gmt":"2025-09-17T09:17:24","slug":"dell-latitude-7270-e7270-lan-port-tapcsatlakozo-zsanerburkolatok-eredeti-csere","status":"publish","type":"product","link":"https:\/\/boreait.com\/hu\/termek\/dell-latitude-7270-e7270-lan-port-tapcsatlakozo-zsanerburkolatok-eredeti-csere\/","title":{"rendered":"Dell Latitude 7270 E7270 LAN-port, t\u00e1pcsatlakoz\u00f3, zsan\u00e9rburkolatok \u2013 eredeti csere"},"content":{"rendered":"<p>Friss\u00edtse Dell Latitude 7270 E7270 laptopj\u00e1t ezekkel az alapvet\u0151 LAN-portokkal \u00e9s t\u00e1pcsatlakoz\u00f3-burkolatokkal. Eredeti cserek\u00e9nt tervezett burkolatok t\u00f6k\u00e9letes illeszked\u00e9st k\u00edn\u00e1lnak, biztos\u00edtva laptopja hossz\u00fa \u00e9lettartam\u00e1t \u00e9s funkcionalit\u00e1s\u00e1t.<\/p>\n<p>F\u0151bb jellemz\u0151k:<\/p>\n<ul>\n<li>Eredeti Dell cser\u00e9k<\/li>\n<li>Kompatibilis a Dell Latitude 7270 E7270 k\u00e9sz\u00fcl\u00e9kkel<\/li>\n<li>Megv\u00e9di a LAN-portot \u00e9s a t\u00e1pcsatlakoz\u00f3t a port\u00f3l \u00e9s a t\u00f6rmel\u00e9kt\u0151l<\/li>\n<li>K\u00f6nnyen telep\u00edthet\u0151<\/li>\n<\/ul>\n<p>\u0150rizze meg laptopja eleg\u00e1ns \u00e9s professzion\u00e1lis megjelen\u00e9s\u00e9t ezekkel az autentikus Dell bor\u00edt\u00e1sokkal. A LAN port \u00e9s a t\u00e1pcsatlakoz\u00f3 fedelek d\u00f6nt\u0151 szerepet j\u00e1tszanak abban, hogy megakad\u00e1lyozz\u00e1k a por \u00e9s t\u00f6rmel\u00e9k bejut\u00e1s\u00e1t a l\u00e9tfontoss\u00e1g\u00fa portokba, \u00edgy biztos\u00edtva az optim\u00e1lis teljes\u00edtm\u00e9nyt.<\/p>\n<p>A telep\u00edt\u00e9s gyerekj\u00e1t\u00e9k, lehet\u0151v\u00e9 teszi a laptop friss\u00edt\u00e9s\u00e9t percek alatt. Nem kell agg\u00f3dnia a kompatibilit\u00e1s miatt \u2013 ezeket a bor\u00edt\u00f3kat kifejezetten a Dell Latitude 7270 E7270 modellhez tervezt\u00e9k.<\/p>\n<p>K\u00e9rj\u00fck, vegye figyelembe, hogy a lista val\u00f3di f\u00e9nyk\u00e9peket tartalmaz a Dell Latitude 7270 E7270 LAN-portj\u00e1r\u00f3l \u00e9s a t\u00e1pcsatlakoz\u00f3k fedel\u00e9r\u0151l. Ha b\u00e1rmilyen k\u00e9rd\u00e9se van, vagy tov\u00e1bbi seg\u00edts\u00e9gre van sz\u00fcks\u00e9ge, forduljon bizalommal. Fektessen be az eredeti Dell alkatr\u00e9szek megb\u00edzhat\u00f3s\u00e1g\u00e1ba, \u00e9s tartsa laptopj\u00e1t kiv\u00e1l\u00f3 \u00e1llapotban.<\/p>\n","protected":false},"excerpt":{"rendered":"<p>N\u00f6velje Dell Latitude 7270 E7270 laptopja \u00e9lettartam\u00e1t ezekkel az eredeti LAN-portokkal \u00e9s t\u00e1pcsatlakoz\u00f3-burkolatokkal. Ezek a z\u00f6kken\u0151mentesen illeszked\u0151 burkolatok v\u00e9delmet ny\u00fajtanak, \u00e9s meg\u0151rzik k\u00e9sz\u00fcl\u00e9ke eleg\u00e1ns megjelen\u00e9s\u00e9t. K\u00f6nnyen telep\u00edthet\u0151, ezek az eredeti Dell cserealkatr\u00e9szek biztos\u00edtj\u00e1k, hogy laptop portjai por- \u00e9s t\u00f6rmel\u00e9kmentesek maradjanak. Fektessen be Dell Latitude eredeti alkatr\u00e9szeinek megb\u00edzhat\u00f3s\u00e1g\u00e1ba.<\/p>\n","protected":false},"featured_media":5535,"template":"","meta":[],"product_brand":[],"product_cat":[16],"product_tag":[17],"class_list":{"0":"post-5480","1":"product","2":"type-product","3":"status-publish","4":"has-post-thumbnail","6":"product_cat-laptop-housing","7":"product_tag-dell","9":"first","10":"instock","11":"taxable","12":"shipping-taxable","13":"purchasable","14":"product-type-simple"},"_links":{"self":[{"href":"https:\/\/boreait.com\/hu\/wp-json\/wp\/v2\/product\/5480","targetHints":{"allow":["GET"]}}],"collection":[{"href":"https:\/\/boreait.com\/hu\/wp-json\/wp\/v2\/product"}],"about":[{"href":"https:\/\/boreait.com\/hu\/wp-json\/wp\/v2\/types\/product"}],"wp:featuredmedia":[{"embeddable":true,"href":"https:\/\/boreait.com\/hu\/wp-json\/wp\/v2\/media\/5535"}],"wp:attachment":[{"href":"https:\/\/boreait.com\/hu\/wp-json\/wp\/v2\/media?parent=5480"}],"wp:term":[{"taxonomy":"product_brand","embeddable":true,"href":"https:\/\/boreait.com\/hu\/wp-json\/wp\/v2\/product_brand?post=5480"},{"taxonomy":"product_cat","embeddable":true,"href":"https:\/\/boreait.com\/hu\/wp-json\/wp\/v2\/product_cat?post=5480"},{"taxonomy":"product_tag","embeddable":true,"href":"https:\/\/boreait.com\/hu\/wp-json\/wp\/v2\/product_tag?post=5480"}],"curies":[{"name":"wp","href":"https:\/\/api.w.org\/{rel}","templated":true}]}}