{"id":5479,"date":"2025-09-17T11:16:21","date_gmt":"2025-09-17T09:16:21","guid":{"rendered":"https:\/\/boreait.com\/hu\/?post_type=product&#038;p=5479"},"modified":"2025-09-17T11:17:23","modified_gmt":"2025-09-17T09:17:23","slug":"dell-latitude-7270-e7270-smartcard-smart-card-olvaso-rdjjh-0rdjjh","status":"publish","type":"product","link":"https:\/\/boreait.com\/hu\/termek\/dell-latitude-7270-e7270-smartcard-smart-card-olvaso-rdjjh-0rdjjh\/","title":{"rendered":"Dell Latitude 7270 E7270 SmartCard Smart Card olvas\u00f3 &#8211; RDJJH 0RDJJH"},"content":{"rendered":"<p>N\u00f6velje Dell Latitude 7270 E7270 laptopja biztons\u00e1g\u00e1t az Eredeti OEM SmartCard Smart Card Reader seg\u00edts\u00e9g\u00e9vel. Ezt az alapvet\u0151 tartoz\u00e9kot \u00fagy tervezt\u00e9k, hogy fejlett hiteles\u00edt\u00e9st biztos\u00edtson, \u00e9s tov\u00e1bbi v\u00e9delmi r\u00e9teget adjon eszk\u00f6z\u00e9hez.<\/p>\n<p>F\u0151bb jellemz\u0151k:<\/p>\n<ul>\n<li>Kompatibilis a Dell Latitude 7270 E7270 laptopokkal<\/li>\n<li>Eredeti OEM-term\u00e9k<\/li>\n<li>SmartCard Smart Card Reader a fokozott biztons\u00e1g \u00e9rdek\u00e9ben<\/li>\n<li>Megb\u00edzhat\u00f3 \u00e9s k\u00f6nnyen telep\u00edthet\u0151<\/li>\n<li>Alkatr\u00e9szsz\u00e1m: RDJJH 0RDJJH<\/li>\n<\/ul>\n<p>Az intelligensk\u00e1rtya-olvas\u00f3 k\u00f6telez\u0151 darabja azoknak, akik az adatbiztons\u00e1got fontosnak tartj\u00e1k. Biztons\u00e1gos hozz\u00e1f\u00e9r\u00e9st tesz lehet\u0151v\u00e9 laptopj\u00e1hoz, biztos\u00edtva, hogy csak arra jogosult felhaszn\u00e1l\u00f3k jelentkezhessenek be. Ez k\u00fcl\u00f6n\u00f6sen azoknak a szakembereknek el\u0151ny\u00f6s, akik \u00e9rz\u00e9keny inform\u00e1ci\u00f3kat kezelnek, \u00e9s meg akarj\u00e1k \u00f3vni adataikat az illet\u00e9ktelen hozz\u00e1f\u00e9r\u00e9st\u0151l.<\/p>\n<p>K\u00e9rj\u00fck, vegye figyelembe, hogy ez a lista val\u00f3s f\u00e9nyk\u00e9peket tartalmaz a Dell Latitude 7270 E7270 SmartCard intelligensk\u00e1rtya-olvas\u00f3r\u00f3l, \u00e9s nem tartalmaz telep\u00edt\u00e9si utas\u00edt\u00e1st. Ha b\u00e1rmilyen k\u00e9rd\u00e9se van, vagy tov\u00e1bbi seg\u00edts\u00e9gre van sz\u00fcks\u00e9ge, forduljon hozz\u00e1nk bizalommal. N\u00f6velje Dell laptopja biztons\u00e1g\u00e1t ezzel az Eredeti OEM Smart Card Readerrel \u2013 megb\u00edzhat\u00f3 t\u00e1rs\u00e1val az adatv\u00e9delemben.<\/p>\n","protected":false},"excerpt":{"rendered":"<p>Fokozza Dell Latitude 7270 E7270 laptopja biztons\u00e1g\u00e1t az Eredeti OEM SmartCard Smart Card Reader seg\u00edts\u00e9g\u00e9vel. A megb\u00edzhat\u00f3s\u00e1gra \u00e9s kompatibilit\u00e1sra tervezett Smart Card Reader biztons\u00e1gos hozz\u00e1f\u00e9r\u00e9st biztos\u00edt az eszk\u00f6zh\u00f6z. \u00c9lvezze a nyugalmat, tudva, hogy adatait fejlett hiteles\u00edt\u00e9si technol\u00f3gia v\u00e9di. N\u00f6velje laptopja biztons\u00e1g\u00e1t ezzel a Dell \u00e1ltal j\u00f3v\u00e1hagyott intelligensk\u00e1rtya-olvas\u00f3val.<\/p>\n","protected":false},"featured_media":5534,"template":"","meta":[],"product_brand":[],"product_cat":[27],"product_tag":[17],"class_list":{"0":"post-5479","1":"product","2":"type-product","3":"status-publish","4":"has-post-thumbnail","6":"product_cat-motherboards-board-parts","7":"product_tag-dell","9":"first","10":"instock","11":"taxable","12":"shipping-taxable","13":"purchasable","14":"product-type-simple"},"_links":{"self":[{"href":"https:\/\/boreait.com\/hu\/wp-json\/wp\/v2\/product\/5479","targetHints":{"allow":["GET"]}}],"collection":[{"href":"https:\/\/boreait.com\/hu\/wp-json\/wp\/v2\/product"}],"about":[{"href":"https:\/\/boreait.com\/hu\/wp-json\/wp\/v2\/types\/product"}],"wp:featuredmedia":[{"embeddable":true,"href":"https:\/\/boreait.com\/hu\/wp-json\/wp\/v2\/media\/5534"}],"wp:attachment":[{"href":"https:\/\/boreait.com\/hu\/wp-json\/wp\/v2\/media?parent=5479"}],"wp:term":[{"taxonomy":"product_brand","embeddable":true,"href":"https:\/\/boreait.com\/hu\/wp-json\/wp\/v2\/product_brand?post=5479"},{"taxonomy":"product_cat","embeddable":true,"href":"https:\/\/boreait.com\/hu\/wp-json\/wp\/v2\/product_cat?post=5479"},{"taxonomy":"product_tag","embeddable":true,"href":"https:\/\/boreait.com\/hu\/wp-json\/wp\/v2\/product_tag?post=5479"}],"curies":[{"name":"wp","href":"https:\/\/api.w.org\/{rel}","templated":true}]}}