{"id":5473,"date":"2025-09-17T11:16:20","date_gmt":"2025-09-17T09:16:20","guid":{"rendered":"https:\/\/boreait.com\/hu\/?post_type=product&#038;p=5473"},"modified":"2025-09-17T11:17:01","modified_gmt":"2025-09-17T09:17:01","slug":"dell-latitude-e7470-kabel-dc02c00av00-dc02c00av10-dckm0-0dckm0-eredeti-csere","status":"publish","type":"product","link":"https:\/\/boreait.com\/hu\/termek\/dell-latitude-e7470-kabel-dc02c00av00-dc02c00av10-dckm0-0dckm0-eredeti-csere\/","title":{"rendered":"DELL Latitude E7470 k\u00e1bel (DC02C00AV00 DC02C00AV10 DCKM0 0DCKM0) \u2013 Eredeti csere"},"content":{"rendered":"<p>Friss\u00edtse DELL Latitude E7470 non-Touch laptopj\u00e1t az eredeti cserek\u00e1bellel (DC02C00AV00 DC02C00AV10 DCKM0 0DCKM0). Ezt a k\u00e1belt \u00fagy tervezt\u00e9k, hogy megb\u00edzhat\u00f3 kapcsolatot biztos\u00edtson, biztos\u00edtva a laptop megfelel\u0151 m\u0171k\u00f6d\u00e9s\u00e9t.<\/p>\n<p>F\u0151bb jellemz\u0151k:<\/p>\n<ul>\n<li>Kompatibilis a DELL Latitude E7470 nem Touch modellekkel<\/li>\n<li>A DC02C00AV00, DC02C00AV10, DCKM0, 0DCKM0 hely\u00e9re l\u00e9p<\/li>\n<li>Eredeti \u00e9s megb\u00edzhat\u00f3 a z\u00f6kken\u0151mentes teljes\u00edtm\u00e9ny \u00e9rdek\u00e9ben<\/li>\n<\/ul>\n<p>Ak\u00e1r csatlakoz\u00e1si probl\u00e9m\u00e1kat tapasztal, ak\u00e1r megb\u00edzhat\u00f3 cser\u00e9re van sz\u00fcks\u00e9ge, ez a k\u00e1bel a t\u00f6k\u00e9letes megold\u00e1s. \u00dagy tervezt\u00e9k, hogy megfeleljen a DELL Latitude E7470 non-Touch laptop specifik\u00e1ci\u00f3inak, \u00edgy probl\u00e9mamentes telep\u00edt\u00e9st \u00e9s optim\u00e1lis teljes\u00edtm\u00e9nyt biztos\u00edt.<\/p>\n<p>K\u00e9rj\u00fck, vegye figyelembe, hogy ez a lista val\u00f3di term\u00e9kfot\u00f3kat tartalmaz, \u00e9s nem tartalmaz telep\u00edt\u00e9si utas\u00edt\u00e1st. Ha b\u00e1rmilyen k\u00e9rd\u00e9se van, vagy tov\u00e1bbi seg\u00edts\u00e9gre van sz\u00fcks\u00e9ge, forduljon hozz\u00e1nk bizalommal. Fektessen be ennek az eredeti DELL Latitude E7470 k\u00e1belnek a min\u0151s\u00e9g\u00e9be \u00e9s megb\u00edzhat\u00f3s\u00e1g\u00e1ba a g\u00f6rd\u00fcl\u00e9keny sz\u00e1m\u00edt\u00e1si \u00e9lm\u00e9ny \u00e9rdek\u00e9ben.<\/p>\n","protected":false},"excerpt":{"rendered":"<p>Cser\u00e9lje ki DELL Latitude E7470 non-Touch laptopk\u00e1bel\u00e9t ezzel az eredeti \u00e9s megb\u00edzhat\u00f3 csereeszk\u00f6zzel. A DC02C00AV00, DC02C00AV10, DCKM0 \u00e9s 0DCKM0 k\u00e1belekkel kompatibilis ez a k\u00e1bel z\u00f6kken\u0151mentes csatlakoz\u00e1st biztos\u00edt a laptopon bel\u00fcl. B\u00edzzon min\u0151s\u00e9g\u00e9ben a megb\u00edzhat\u00f3 jav\u00edt\u00e1s \u00e9rdek\u00e9ben, hogy laptopja z\u00f6kken\u0151mentesen m\u0171k\u00f6dj\u00f6n.<\/p>\n","protected":false},"featured_media":5513,"template":"","meta":[],"product_brand":[],"product_cat":[20],"product_tag":[17],"class_list":{"0":"post-5473","1":"product","2":"type-product","3":"status-publish","4":"has-post-thumbnail","6":"product_cat-cables","7":"product_tag-dell","9":"first","10":"instock","11":"taxable","12":"shipping-taxable","13":"purchasable","14":"product-type-simple"},"_links":{"self":[{"href":"https:\/\/boreait.com\/hu\/wp-json\/wp\/v2\/product\/5473","targetHints":{"allow":["GET"]}}],"collection":[{"href":"https:\/\/boreait.com\/hu\/wp-json\/wp\/v2\/product"}],"about":[{"href":"https:\/\/boreait.com\/hu\/wp-json\/wp\/v2\/types\/product"}],"wp:featuredmedia":[{"embeddable":true,"href":"https:\/\/boreait.com\/hu\/wp-json\/wp\/v2\/media\/5513"}],"wp:attachment":[{"href":"https:\/\/boreait.com\/hu\/wp-json\/wp\/v2\/media?parent=5473"}],"wp:term":[{"taxonomy":"product_brand","embeddable":true,"href":"https:\/\/boreait.com\/hu\/wp-json\/wp\/v2\/product_brand?post=5473"},{"taxonomy":"product_cat","embeddable":true,"href":"https:\/\/boreait.com\/hu\/wp-json\/wp\/v2\/product_cat?post=5473"},{"taxonomy":"product_tag","embeddable":true,"href":"https:\/\/boreait.com\/hu\/wp-json\/wp\/v2\/product_tag?post=5473"}],"curies":[{"name":"wp","href":"https:\/\/api.w.org\/{rel}","templated":true}]}}