{"id":5459,"date":"2025-09-17T11:15:59","date_gmt":"2025-09-17T09:15:59","guid":{"rendered":"https:\/\/boreait.com\/hu\/?post_type=product&#038;p=5459"},"modified":"2025-09-17T11:16:58","modified_gmt":"2025-09-17T09:16:58","slug":"hp-compaq-6830s-laptop-csuklopantok-6053b0326801-es-6053b0326901-eredeti-cserealkatreszek","status":"publish","type":"product","link":"https:\/\/boreait.com\/hu\/termek\/hp-compaq-6830s-laptop-csuklopantok-6053b0326801-es-6053b0326901-eredeti-cserealkatreszek\/","title":{"rendered":"HP Compaq 6830S laptop csukl\u00f3p\u00e1ntok (6053B0326801 \u00e9s 6053B0326901) \u2013 Eredeti cserealkatr\u00e9szek"},"content":{"rendered":"<p>Revitaliz\u00e1lja HP \u200b\u200bCompaq 6830S laptopj\u00e1t ezekkel a 6053B0326801 \u00e9s 6053B0326901 cikksz\u00e1m\u00fa eredeti cserep\u00e1ntokkal. Ha probl\u00e9m\u00e1kat tapasztal laptopja k\u00e9perny\u0151j\u00e9vel, p\u00e9ld\u00e1ul merevs\u00e9ggel, eltol\u00f3d\u00e1ssal vagy nyit\u00e1si \u00e9s z\u00e1r\u00e1si neh\u00e9zs\u00e9gekkel, ezek a zsan\u00e9rok a t\u00f6k\u00e9letes megold\u00e1st.<\/p>\n<p>F\u0151bb jellemz\u0151k:<\/p>\n<ul>\n<li>Kompatibilis a HP Compaq 6830S k\u00e9sz\u00fcl\u00e9kkel<\/li>\n<li>Alkatr\u00e9szsz\u00e1mok: 6053B0326801 &amp; 6053B0326901<\/li>\n<li>Eredeti cserealkatr\u00e9szek az optim\u00e1lis teljes\u00edtm\u00e9ny \u00e9rdek\u00e9ben<\/li>\n<li>A tart\u00f3ss\u00e1g \u00e9rdek\u00e9ben prec\u00edzen elk\u00e9sz\u00edtve<\/li>\n<\/ul>\n<p>Ezeket a zsan\u00e9rokat \u00fagy tervezt\u00e9k, hogy megfeleljenek a legmagasabb szabv\u00e1nyoknak, biztos\u00edtva a laptop k\u00e9perny\u0151j\u00e9nek megb\u00edzhat\u00f3 \u00e9s z\u00f6kken\u0151mentes m\u0171k\u00f6d\u00e9s\u00e9t. Ak\u00e1r bark\u00e1csol\u00f3, ak\u00e1r professzion\u00e1lis technikus vagy, a zsan\u00e9rok cser\u00e9je egyszer\u0171 folyamat, \u00edgy a laptop kijelz\u0151je \u00fajszer\u0171 \u00e1llapotba ker\u00fcl.<\/p>\n<p>K\u00e9rj\u00fck, vegye figyelembe, hogy a kapott zsan\u00e9rokr\u00f3l k\u00e9sz\u00fclt val\u00f3di f\u00e9nyk\u00e9pek szerepelnek ezen a list\u00e1n. Telep\u00edt\u00e9si \u00fatmutat\u00f3 nem tal\u00e1lhat\u00f3, de ha k\u00e9rd\u00e9se van, vagy seg\u00edts\u00e9gre van sz\u00fcks\u00e9ge, forduljon bizalommal. Fektessen be HP Compaq 6830S k\u00e9sz\u00fcl\u00e9ke hossz\u00fa \u00e9lettartam\u00e1ba ezekkel az eredeti cserep\u00e1ntokkal. N\u00f6velje laptopja teljes\u00edtm\u00e9ny\u00e9t m\u00e9g ma!<\/p>\n","protected":false},"excerpt":{"rendered":"<p>N\u00f6velje HP Compaq 6830S k\u00e9sz\u00fcl\u00e9k\u00e9nek \u00e9lettartam\u00e1t \u00e9s funkcionalit\u00e1s\u00e1t ezekkel az eredeti cserep\u00e1ntokkal. A prec\u00edzi\u00f3s kialak\u00edt\u00e1s\u00fa zsan\u00e9rok (6053B0326801 \u00e9s 6053B0326901) t\u00f6k\u00e9letes megold\u00e1st jelentenek a laptop kijelz\u0151j\u00e9nek optim\u00e1lis teljes\u00edtm\u00e9nyre val\u00f3 vissza\u00e1ll\u00edt\u00e1s\u00e1ra. Ezek a tart\u00f3ss\u00e1gra tervezett zsan\u00e9rok biztos\u00edtj\u00e1k a laptop k\u00e9perny\u0151j\u00e9nek z\u00f6kken\u0151mentes nyit\u00e1s\u00e1t \u00e9s z\u00e1r\u00e1s\u00e1t, megb\u00edzhat\u00f3 megold\u00e1st ny\u00fajtva a mindennapi haszn\u00e1latra.<\/p>\n","protected":false},"featured_media":5511,"template":"","meta":[],"product_brand":[],"product_cat":[19],"product_tag":[25],"class_list":{"0":"post-5459","1":"product","2":"type-product","3":"status-publish","4":"has-post-thumbnail","6":"product_cat-screen-hinge","7":"product_tag-hp","9":"first","10":"instock","11":"taxable","12":"shipping-taxable","13":"purchasable","14":"product-type-simple"},"_links":{"self":[{"href":"https:\/\/boreait.com\/hu\/wp-json\/wp\/v2\/product\/5459","targetHints":{"allow":["GET"]}}],"collection":[{"href":"https:\/\/boreait.com\/hu\/wp-json\/wp\/v2\/product"}],"about":[{"href":"https:\/\/boreait.com\/hu\/wp-json\/wp\/v2\/types\/product"}],"wp:featuredmedia":[{"embeddable":true,"href":"https:\/\/boreait.com\/hu\/wp-json\/wp\/v2\/media\/5511"}],"wp:attachment":[{"href":"https:\/\/boreait.com\/hu\/wp-json\/wp\/v2\/media?parent=5459"}],"wp:term":[{"taxonomy":"product_brand","embeddable":true,"href":"https:\/\/boreait.com\/hu\/wp-json\/wp\/v2\/product_brand?post=5459"},{"taxonomy":"product_cat","embeddable":true,"href":"https:\/\/boreait.com\/hu\/wp-json\/wp\/v2\/product_cat?post=5459"},{"taxonomy":"product_tag","embeddable":true,"href":"https:\/\/boreait.com\/hu\/wp-json\/wp\/v2\/product_tag?post=5459"}],"curies":[{"name":"wp","href":"https:\/\/api.w.org\/{rel}","templated":true}]}}