{"id":5457,"date":"2025-09-17T11:15:59","date_gmt":"2025-09-17T09:15:59","guid":{"rendered":"https:\/\/boreait.com\/hu\/?post_type=product&#038;p=5457"},"modified":"2025-09-17T11:16:54","modified_gmt":"2025-09-17T09:16:54","slug":"hp-456806-001-6053b0320501-6053b0320401-oem-pantkeszlet-nagy-550-eredeti-alkatreszek","status":"publish","type":"product","link":"https:\/\/boreait.com\/hu\/termek\/hp-456806-001-6053b0320501-6053b0320401-oem-pantkeszlet-nagy-550-eredeti-alkatreszek\/","title":{"rendered":"HP 456806-001 6053B0320501 6053B0320401 OEM p\u00e1ntk\u00e9szlet, nagy 550 &#8211; Eredeti alkatr\u00e9szek!"},"content":{"rendered":"<p>N\u00f6velje HP laptopja szerkezeti stabilit\u00e1s\u00e1t a HP 456806-001 6053B0320501 6053B0320401 OEM csukl\u00f3k\u00e9szlettel. Ez az eredeti OEM k\u00e9szlet \u00fagy k\u00e9sz\u00fclt, hogy megfeleljen a HP szigor\u00fa min\u0151s\u00e9gi el\u0151\u00edr\u00e1sainak, garant\u00e1lva a kompatibilit\u00e1st \u00e9s az optim\u00e1lis teljes\u00edtm\u00e9nyt a HP laptopmodellekkel.<\/p>\n<p>F\u0151bb jellemz\u0151k:<\/p>\n<ul>\n<li>OEM cikksz\u00e1mok: 456806-001, 6053B0320501, 6053B0320401<\/li>\n<li>Nagy 550-es sorozat\u00fa laptopokhoz tervezve<\/li>\n<li>Eredeti HP alkatr\u00e9szek a megb\u00edzhat\u00f3 teljes\u00edtm\u00e9ny \u00e9rdek\u00e9ben<\/li>\n<li>Vissza\u00e1ll\u00edtja a sima csukl\u00f3p\u00e1nt m\u0171k\u00f6d\u00e9s\u00e9t<\/li>\n<\/ul>\n<p>A hiteles HP alkatr\u00e9szek beszerel\u00e9se biztos\u00edtja, hogy laptopja meg\u0151rizze szerkezeti integrit\u00e1s\u00e1t \u00e9s z\u00f6kken\u0151mentesen m\u0171k\u00f6dj\u00f6n. Ak\u00e1r az elhaszn\u00e1l\u00f3dott zsan\u00e9rokat cser\u00e9li, ak\u00e1r proakt\u00edvan meger\u0151s\u00edti laptopj\u00e1t, ez a zsan\u00e9rk\u00e9szlet a t\u00f6k\u00e9letes megold\u00e1s.<\/p>\n<p>K\u00e9rj\u00fck, vegye figyelembe, hogy a HP 456806-001 6053B0320501 6053B0320401 OEM csukl\u00f3k\u00e9szlet val\u00f3di f\u00e9nyk\u00e9pei szerepelnek ezen a list\u00e1n. Nincsenek telep\u00edt\u00e9si utas\u00edt\u00e1sok; azonban, ha k\u00e9rd\u00e9se van, vagy seg\u00edts\u00e9gre van sz\u00fcks\u00e9ge, nyugodtan \u00edrjon nek\u00fcnk. Fektessen be HP laptopja hossz\u00fa \u00e9lettartam\u00e1ba \u00e9s megb\u00edzhat\u00f3s\u00e1g\u00e1ba ezzel az eredeti HP csukl\u00f3s k\u00e9szlettel. Friss\u00edtsen m\u00e9g ma!<\/p>\n","protected":false},"excerpt":{"rendered":"<p>N\u00f6velje HP laptopja tart\u00f3ss\u00e1g\u00e1t az eredeti HP 456806-001 csukl\u00f3k\u00e9szlettel. Ezt az OEM k\u00e9szletet, amely a 6053B0320501 \u00e9s a 6053B0320401 cikksz\u00e1mokat tartalmazza, kifejezetten HP laptopokhoz tervezt\u00e9k, \u00edgy biztos\u00edtva a t\u00f6k\u00e9letes illeszked\u00e9st. Er\u0151s\u00edtse meg laptopja szerkezeti integrit\u00e1s\u00e1t, \u00e9s \u00e1ll\u00edtsa vissza a zsan\u00e9rok z\u00f6kken\u0151mentes m\u0171k\u00f6d\u00e9s\u00e9t. B\u00edzzon az eredeti HP alkatr\u00e9szekben a megb\u00edzhat\u00f3 teljes\u00edtm\u00e9ny \u00e9s a hossz\u00fa \u00e9lettartam \u00e9rdek\u00e9ben.<\/p>\n","protected":false},"featured_media":5509,"template":"","meta":[],"product_brand":[],"product_cat":[19],"product_tag":[25],"class_list":{"0":"post-5457","1":"product","2":"type-product","3":"status-publish","4":"has-post-thumbnail","6":"product_cat-screen-hinge","7":"product_tag-hp","9":"first","10":"instock","11":"taxable","12":"shipping-taxable","13":"purchasable","14":"product-type-simple"},"_links":{"self":[{"href":"https:\/\/boreait.com\/hu\/wp-json\/wp\/v2\/product\/5457","targetHints":{"allow":["GET"]}}],"collection":[{"href":"https:\/\/boreait.com\/hu\/wp-json\/wp\/v2\/product"}],"about":[{"href":"https:\/\/boreait.com\/hu\/wp-json\/wp\/v2\/types\/product"}],"wp:featuredmedia":[{"embeddable":true,"href":"https:\/\/boreait.com\/hu\/wp-json\/wp\/v2\/media\/5509"}],"wp:attachment":[{"href":"https:\/\/boreait.com\/hu\/wp-json\/wp\/v2\/media?parent=5457"}],"wp:term":[{"taxonomy":"product_brand","embeddable":true,"href":"https:\/\/boreait.com\/hu\/wp-json\/wp\/v2\/product_brand?post=5457"},{"taxonomy":"product_cat","embeddable":true,"href":"https:\/\/boreait.com\/hu\/wp-json\/wp\/v2\/product_cat?post=5457"},{"taxonomy":"product_tag","embeddable":true,"href":"https:\/\/boreait.com\/hu\/wp-json\/wp\/v2\/product_tag?post=5457"}],"curies":[{"name":"wp","href":"https:\/\/api.w.org\/{rel}","templated":true}]}}