{"id":5456,"date":"2025-09-17T11:15:59","date_gmt":"2025-09-17T09:15:59","guid":{"rendered":"https:\/\/boreait.com\/hu\/?post_type=product&#038;p=5456"},"modified":"2025-09-17T11:16:53","modified_gmt":"2025-09-17T09:16:53","slug":"lenovo-thinkpad-t430-t430i-kepernyoelolap-eredeti-cserealkatresz","status":"publish","type":"product","link":"https:\/\/boreait.com\/hu\/termek\/lenovo-thinkpad-t430-t430i-kepernyoelolap-eredeti-cserealkatresz\/","title":{"rendered":"Lenovo ThinkPad T430 T430i k\u00e9perny\u0151el\u0151lap \u2013 Eredeti cserealkatr\u00e9sz"},"content":{"rendered":"<p>Revitaliz\u00e1lja Lenovo ThinkPad T430 vagy T430i k\u00e9sz\u00fcl\u00e9k\u00e9t az eredeti k\u00e9perny\u0151el\u0151lap cser\u00e9vel. Ezt az eredeti Lenovo alkatr\u00e9szt \u00fagy tervezt\u00e9k, hogy t\u00f6k\u00e9letes illeszked\u00e9st biztos\u00edtson, \u00e9s z\u00f6kken\u0151mentesen illeszkedjen a laptop diz\u00e1jnj\u00e1ba.<\/p>\n<p>F\u0151bb jellemz\u0151k:<\/p>\n<ul>\n<li>Kompatibilit\u00e1s: Lenovo ThinkPad T430 \u00e9s T430i sz\u00e1m\u00e1ra k\u00e9sz\u00fclt<\/li>\n<li>Eredeti csere: Ezzel az eredeti Lenovo alkatr\u00e9szrel biztos\u00edtsa laptopja hiteless\u00e9g\u00e9t \u00e9s min\u0151s\u00e9g\u00e9t.<\/li>\n<li>Eleg\u00e1ns fel\u00fclet: Fokozza laptopja eszt\u00e9tik\u00e1j\u00e1t a professzion\u00e1lis \u00e9s tart\u00f3s k\u00e9perny\u0151el\u0151lappal<\/li>\n<li>Egyszer\u0171 telep\u00edt\u00e9s: k\u00f6nnyed\u00e9n cser\u00e9lje ki a s\u00e9r\u00fclt vagy elhaszn\u00e1l\u00f3dott el\u0151lapot, hogy vissza\u00e1ll\u00edtsa laptopja eredeti var\u00e1zs\u00e1t.<\/li>\n<\/ul>\n<p>Ak\u00e1r v\u00e9letlen\u00fcl s\u00e9r\u00fclt, ak\u00e1r az id\u0151 m\u00fal\u00e1s\u00e1val az el\u0151lap elkopott, ez a csere a megold\u00e1s a laptop megjelen\u00e9s\u00e9nek felfriss\u00edt\u00e9s\u00e9re. Az eredeti Lenovo ThinkPad T430 T430i k\u00e9perny\u0151el\u0151lap biztons\u00e1gos \u00e9s megb\u00edzhat\u00f3 illeszked\u00e9st biztos\u00edt, \u00edgy professzion\u00e1lis megjelen\u00e9st k\u00f6lcs\u00f6n\u00f6z laptopj\u00e1nak, amit meg\u00e9rdemel.<\/p>\n<p>K\u00e9rj\u00fck, vegye figyelembe, hogy a list\u00e1ban a t\u00e9nyleges term\u00e9kfot\u00f3k is szerepelnek, \u00edgy j\u00f3l l\u00e1that\u00f3 a cserek\u00e9perny\u0151 el\u0151lapja. Ha b\u00e1rmilyen k\u00e9rd\u00e9se van, vagy tov\u00e1bbi seg\u00edts\u00e9gre van sz\u00fcks\u00e9ge, forduljon bizalommal. Emelje fel laptopja eszt\u00e9tik\u00e1j\u00e1t ezzel az autentikus Lenovo ThinkPad cserealkatr\u00e9szrel.<\/p>\n","protected":false},"excerpt":{"rendered":"<p>Fokozza Lenovo ThinkPad T430 vagy T430i eszt\u00e9tik\u00e1j\u00e1t az eredeti k\u00e9perny\u0151el\u0151lap cser\u00e9vel. Ez a z\u00f6kken\u0151mentesen illeszked\u0151 el\u0151lap eleg\u00e1ns megjelen\u00e9st k\u00f6lcs\u00f6n\u00f6z laptopj\u00e1nak, tart\u00f3ss\u00e1got \u00e9s professzion\u00e1lis megjelen\u00e9st biztos\u00edtva. T\u00f6k\u00e9letes a s\u00e9r\u00fclt vagy elhaszn\u00e1l\u00f3dott el\u0151lap cser\u00e9j\u00e9hez, visszaadja laptopja eredeti var\u00e1zs\u00e1t.<\/p>\n","protected":false},"featured_media":5507,"template":"","meta":[],"product_brand":[],"product_cat":[16],"product_tag":[26],"class_list":{"0":"post-5456","1":"product","2":"type-product","3":"status-publish","4":"has-post-thumbnail","6":"product_cat-laptop-housing","7":"product_tag-lenovo","9":"first","10":"instock","11":"taxable","12":"shipping-taxable","13":"purchasable","14":"product-type-simple"},"_links":{"self":[{"href":"https:\/\/boreait.com\/hu\/wp-json\/wp\/v2\/product\/5456","targetHints":{"allow":["GET"]}}],"collection":[{"href":"https:\/\/boreait.com\/hu\/wp-json\/wp\/v2\/product"}],"about":[{"href":"https:\/\/boreait.com\/hu\/wp-json\/wp\/v2\/types\/product"}],"wp:featuredmedia":[{"embeddable":true,"href":"https:\/\/boreait.com\/hu\/wp-json\/wp\/v2\/media\/5507"}],"wp:attachment":[{"href":"https:\/\/boreait.com\/hu\/wp-json\/wp\/v2\/media?parent=5456"}],"wp:term":[{"taxonomy":"product_brand","embeddable":true,"href":"https:\/\/boreait.com\/hu\/wp-json\/wp\/v2\/product_brand?post=5456"},{"taxonomy":"product_cat","embeddable":true,"href":"https:\/\/boreait.com\/hu\/wp-json\/wp\/v2\/product_cat?post=5456"},{"taxonomy":"product_tag","embeddable":true,"href":"https:\/\/boreait.com\/hu\/wp-json\/wp\/v2\/product_tag?post=5456"}],"curies":[{"name":"wp","href":"https:\/\/api.w.org\/{rel}","templated":true}]}}