{"id":5454,"date":"2025-09-17T11:15:59","date_gmt":"2025-09-17T09:15:59","guid":{"rendered":"https:\/\/boreait.com\/hu\/?post_type=product&#038;p=5454"},"modified":"2026-01-19T08:03:11","modified_gmt":"2026-01-19T07:03:11","slug":"lenovo-g50-70-z50-75-laptop-usb-port-audiokartya-olvaso-kartya-nbx0001ah00","status":"publish","type":"product","link":"https:\/\/boreait.com\/hu\/termek\/lenovo-g50-70-z50-75-laptop-usb-port-audiokartya-olvaso-kartya-nbx0001ah00\/","title":{"rendered":"Lenovo G50-70 Z50-75 laptop USB port audiok\u00e1rtya olvas\u00f3 k\u00e1rtya NBX0001AH00"},"content":{"rendered":"<p>A Lenovo NBX0001AH00 USB-portos hangk\u00e1rtya-olvas\u00f3k\u00e1rtya elengedhetetlen friss\u00edt\u00e9s Lenovo G50-70 vagy Z50-75 laptopj\u00e1hoz, amely tov\u00e1bbi csatlakoz\u00e1si lehet\u0151s\u00e9geket biztos\u00edt, \u00e9s jav\u00edtja az \u00e1ltal\u00e1nos sz\u00e1m\u00edt\u00e1stechnikai \u00e9lm\u00e9nyt.<\/p>\n<p>F\u0151bb jellemz\u0151k:<\/p>\n<ul>\n<li>Lenovo G50-70 \u00e9s Z50-75 laptopokkal kompatibilis<\/li>\n<li>Extra USB-portokkal b\u0151v\u00edti a csatlakoz\u00e1st<\/li>\n<li>Be\u00e9p\u00edtett k\u00e1rtyaolvas\u00f3t tartalmaz a k\u00e9nyelmes adat\u00e1tvitel \u00e9rdek\u00e9ben<\/li>\n<li>Eredeti Lenovo term\u00e9k a megb\u00edzhat\u00f3 teljes\u00edtm\u00e9ny \u00e9rdek\u00e9ben<\/li>\n<\/ul>\n<p>Ak\u00e1r t\u00f6bb eszk\u00f6zt szeretne csatlakoztatni, ak\u00e1r egyszer\u0171s\u00edteni szeretn\u00e9 az adat\u00e1tviteli folyamatot, ez a k\u00e1rtya a t\u00f6k\u00e9letes megold\u00e1s. A hozz\u00e1adott USB-portokkal egyszer\u0171en csatlakoztathat perif\u00e9ri\u00e1kat, p\u00e9ld\u00e1ul k\u00fcls\u0151 merevlemezeket, nyomtat\u00f3kat stb. A be\u00e9p\u00edtett k\u00e1rtyaolvas\u00f3 gyors \u00e9s hat\u00e9kony adat\u00e1tvitelt tesz lehet\u0151v\u00e9 mem\u00f3riak\u00e1rty\u00e1ir\u00f3l.<\/p>\n<p>Friss\u00edtse laptopj\u00e1t bonyolult telep\u00edt\u00e9sek vagy utas\u00edt\u00e1sok n\u00e9lk\u00fcl. K\u00e9rj\u00fck, vegye figyelembe, hogy ez a lista val\u00f3di f\u00e9nyk\u00e9peket tartalmaz a Lenovo NBX0001AH00 USB-portos hangk\u00e1rtya-olvas\u00f3 k\u00e1rty\u00e1r\u00f3l, \u00e9s nem tartalmaz telep\u00edt\u00e9si utas\u00edt\u00e1st. Ha b\u00e1rmilyen k\u00e9rd\u00e9se van, vagy seg\u00edts\u00e9gre van sz\u00fcks\u00e9ge, forduljon bizalommal. Emelje fel Lenovo G50-70 vagy Z50-75 laptopj\u00e1t ezzel az eredeti Lenovo friss\u00edt\u00e9ssel, \u00e9s \u00e9lvezze a kib\u0151v\u00edtett csatlakoztathat\u00f3s\u00e1got \u00e9s funkcionalit\u00e1st.<\/p>\n","protected":false},"excerpt":{"rendered":"<p>B\u0151v\u00edtse Lenovo G50-70 vagy Z50-75 laptopj\u00e1t a Lenovo NBX0001AH00 USB-portos hangk\u00e1rtya-olvas\u00f3 k\u00e1rty\u00e1val. Ez az alaplap tov\u00e1bbi USB-portokat \u00e9s k\u00e1rtyaolvas\u00f3t k\u00edn\u00e1l, \u00edgy k\u00e9nyelmes \u00e9s kib\u0151v\u00edtett csatlakoztathat\u00f3s\u00e1got biztos\u00edt laptopj\u00e1hoz. Friss\u00edtse m\u00e9g ma a z\u00f6kken\u0151mentes adat\u00e1tvitel \u00e9s a tov\u00e1bbfejlesztett funkcionalit\u00e1s \u00e9rdek\u00e9ben.<\/p>\n","protected":false},"featured_media":5492,"template":"","meta":[],"product_brand":[],"product_cat":[27],"product_tag":[],"class_list":{"0":"post-5454","1":"product","2":"type-product","3":"status-publish","4":"has-post-thumbnail","6":"product_cat-motherboards-board-parts","8":"first","9":"instock","10":"taxable","11":"shipping-taxable","12":"purchasable","13":"product-type-simple"},"_links":{"self":[{"href":"https:\/\/boreait.com\/hu\/wp-json\/wp\/v2\/product\/5454","targetHints":{"allow":["GET"]}}],"collection":[{"href":"https:\/\/boreait.com\/hu\/wp-json\/wp\/v2\/product"}],"about":[{"href":"https:\/\/boreait.com\/hu\/wp-json\/wp\/v2\/types\/product"}],"wp:featuredmedia":[{"embeddable":true,"href":"https:\/\/boreait.com\/hu\/wp-json\/wp\/v2\/media\/5492"}],"wp:attachment":[{"href":"https:\/\/boreait.com\/hu\/wp-json\/wp\/v2\/media?parent=5454"}],"wp:term":[{"taxonomy":"product_brand","embeddable":true,"href":"https:\/\/boreait.com\/hu\/wp-json\/wp\/v2\/product_brand?post=5454"},{"taxonomy":"product_cat","embeddable":true,"href":"https:\/\/boreait.com\/hu\/wp-json\/wp\/v2\/product_cat?post=5454"},{"taxonomy":"product_tag","embeddable":true,"href":"https:\/\/boreait.com\/hu\/wp-json\/wp\/v2\/product_tag?post=5454"}],"curies":[{"name":"wp","href":"https:\/\/api.w.org\/{rel}","templated":true}]}}