{"id":5453,"date":"2025-09-17T11:15:58","date_gmt":"2025-09-17T09:15:58","guid":{"rendered":"https:\/\/boreait.com\/hu\/?post_type=product&#038;p=5453"},"modified":"2026-01-19T08:02:49","modified_gmt":"2026-01-19T07:02:49","slug":"hp-compaq-nx7300-339393-002-bcm92045nmd-bluetooth-modul-kartya","status":"publish","type":"product","link":"https:\/\/boreait.com\/hu\/termek\/hp-compaq-nx7300-339393-002-bcm92045nmd-bluetooth-modul-kartya\/","title":{"rendered":"HP Compaq nx7300 339393-002 BCM92045NMD Bluetooth modul K\u00c1RTYA"},"content":{"rendered":"<p>B\u0151v\u00edtse HP laptopja csatlakoztathat\u00f3s\u00e1g\u00e1t a HP Compaq nx7300 339393-002 BCM92045NMD Bluetooth modul K\u00c1RTY\u00c1VAL. Ezt az eredeti Bluetooth modult \u00fagy tervezt\u00e9k, hogy z\u00f6kken\u0151mentes vezet\u00e9k n\u00e9lk\u00fcli kommunik\u00e1ci\u00f3t biztos\u00edtson kompatibilis laptopja sz\u00e1m\u00e1ra.<\/p>\n<p>F\u0151bb jellemz\u0151k:<\/p>\n<ul>\n<li>Alkatr\u00e9szsz\u00e1m: 339393-002 BCM92045NMD<\/li>\n<li>Kompatibilit\u00e1s: HP Compaq nx7300 \u00e9s m\u00e1s kompatibilis modellek<\/li>\n<li>Eredeti HP term\u00e9k a megb\u00edzhat\u00f3 teljes\u00edtm\u00e9ny \u00e9rdek\u00e9ben<\/li>\n<\/ul>\n<p>Ez a Bluetooth modul lehet\u0151v\u00e9 teszi, hogy vezet\u00e9k n\u00e9lk\u00fcl csatlakozzon sz\u00e1mos eszk\u00f6zh\u00f6z, k\u00e9nyelmes \u00e9s hat\u00e9kony megold\u00e1st k\u00edn\u00e1lva a f\u00e1jlmegoszt\u00e1shoz, a vezet\u00e9k n\u00e9lk\u00fcli perif\u00e9ri\u00e1khoz stb. Egyszer\u0171en csatlakoztassa a modult, \u00e9s tapasztalja meg a vezet\u00e9k n\u00e9lk\u00fcli kapcsolat szabads\u00e1g\u00e1t.<\/p>\n<p>K\u00e9rj\u00fck, vegye figyelembe, hogy a HP Compaq nx7300 339393-002 BCM92045NMD Bluetooth Module CARD val\u00f3di f\u00e9nyk\u00e9pei szerepelnek ezen a list\u00e1n. Nincsenek telep\u00edt\u00e9si utas\u00edt\u00e1sok; Ha azonban b\u00e1rmilyen k\u00e9rd\u00e9se van, vagy seg\u00edts\u00e9gre van sz\u00fcks\u00e9ge, nyugodtan \u00edrjon nek\u00fcnk.<\/p>\n<p>Friss\u00edtse laptopja k\u00e9pess\u00e9geit m\u00e9g ma ezzel az eredeti HP Bluetooth-modullal. \u00c9lvezze a vezet\u00e9k n\u00e9lk\u00fcli kapcsolatok ny\u00fajtotta k\u00e9nyelmet, \u00e9s emelje a sz\u00e1m\u00edt\u00e1stechnikai \u00e9lm\u00e9nyt a k\u00f6vetkez\u0151 szintre.<\/p>\n","protected":false},"excerpt":{"rendered":"<p>Fokozza laptopja csatlakoztathat\u00f3s\u00e1g\u00e1t a HP Compaq nx7300 339393-002 BCM92045NMD Bluetooth modulk\u00e1rty\u00e1val. Ez az eredeti Bluetooth modul z\u00f6kken\u0151mentes vezet\u00e9k n\u00e9lk\u00fcli kommunik\u00e1ci\u00f3t biztos\u00edt HP laptopja sz\u00e1m\u00e1ra. Egyszer\u0171en csatlakoztassa, \u00e9s \u00e9lvezze a k\u00fcl\u00f6nf\u00e9le eszk\u00f6z\u00f6k vezet\u00e9k n\u00e9lk\u00fcli csatlakoz\u00e1s\u00e1nak k\u00e9nyelm\u00e9t. B\u0151v\u00edtse laptopja k\u00e9pess\u00e9geit ezzel a megb\u00edzhat\u00f3 Bluetooth modullal.<\/p>\n","protected":false},"featured_media":5491,"template":"","meta":[],"product_brand":[],"product_cat":[27],"product_tag":[25],"class_list":{"0":"post-5453","1":"product","2":"type-product","3":"status-publish","4":"has-post-thumbnail","6":"product_cat-motherboards-board-parts","7":"product_tag-hp","9":"first","10":"instock","11":"taxable","12":"shipping-taxable","13":"purchasable","14":"product-type-simple"},"_links":{"self":[{"href":"https:\/\/boreait.com\/hu\/wp-json\/wp\/v2\/product\/5453","targetHints":{"allow":["GET"]}}],"collection":[{"href":"https:\/\/boreait.com\/hu\/wp-json\/wp\/v2\/product"}],"about":[{"href":"https:\/\/boreait.com\/hu\/wp-json\/wp\/v2\/types\/product"}],"wp:featuredmedia":[{"embeddable":true,"href":"https:\/\/boreait.com\/hu\/wp-json\/wp\/v2\/media\/5491"}],"wp:attachment":[{"href":"https:\/\/boreait.com\/hu\/wp-json\/wp\/v2\/media?parent=5453"}],"wp:term":[{"taxonomy":"product_brand","embeddable":true,"href":"https:\/\/boreait.com\/hu\/wp-json\/wp\/v2\/product_brand?post=5453"},{"taxonomy":"product_cat","embeddable":true,"href":"https:\/\/boreait.com\/hu\/wp-json\/wp\/v2\/product_cat?post=5453"},{"taxonomy":"product_tag","embeddable":true,"href":"https:\/\/boreait.com\/hu\/wp-json\/wp\/v2\/product_tag?post=5453"}],"curies":[{"name":"wp","href":"https:\/\/api.w.org\/{rel}","templated":true}]}}