{"id":542,"date":"2025-09-17T09:27:44","date_gmt":"2025-09-17T07:27:44","guid":{"rendered":"https:\/\/boreait.com\/hu\/?post_type=product&#038;p=542"},"modified":"2025-09-17T09:28:26","modified_gmt":"2025-09-17T07:28:26","slug":"eredeti-zsanerok-lenovo-thinkpad-t450-sh50a40332-es-sh50a40333","status":"publish","type":"product","link":"https:\/\/boreait.com\/hu\/termek\/eredeti-zsanerok-lenovo-thinkpad-t450-sh50a40332-es-sh50a40333\/","title":{"rendered":"Eredeti zsan\u00e9rok Lenovo Thinkpad T450 &#8211; SH50A40332 \u00e9s SH50A40333"},"content":{"rendered":"<p>\u00c1ll\u00edtsa vissza Lenovo ThinkPad T450 laptopja zsan\u00e9rmechanizmus\u00e1nak m\u0171k\u00f6d\u00e9s\u00e9t az SH50A40332 \u00e9s SH50A40333 zsan\u00e9rk\u00e9szlettel. Ezeket az eredeti Lenovo zsan\u00e9rokat \u00fagy tervezt\u00e9k, hogy helyettes\u00edts\u00e9k a laptop eredeti zsan\u00e9rjait, biztos\u00edtva a megfelel\u0151 m\u0171k\u00f6d\u00e9st, stabilit\u00e1st, valamint a k\u00e9perny\u0151 z\u00f6kken\u0151mentes nyit\u00e1s\u00e1t \u00e9s z\u00e1r\u00e1s\u00e1t.<\/p>\n<p>Id\u0151vel a zsan\u00e9rok elhaszn\u00e1l\u00f3dhatnak vagy megs\u00e9r\u00fclhetnek, ami laza vagy instabil kijelz\u0151t eredm\u00e9nyezhet. A zsan\u00e9rok SH50A40332 \u00e9s SH50A40333 zsan\u00e9rk\u00e9szletre cser\u00e9l\u00e9s\u00e9vel vissza\u00e1ll\u00edthatja laptopja zsan\u00e9rmechanizmus\u00e1t az optim\u00e1lis \u00e1llapotba.<\/p>\n<p>Az SH50A40332 \u00e9s SH50A40333 zsan\u00e9rk\u00e9szlet k\u00f6zvetlen\u00fcl a Lenovo-t\u00f3l sz\u00e1rmazik, \u00edgy biztos\u00edtva a kompatibilit\u00e1st, a megb\u00edzhat\u00f3s\u00e1got \u00e9s a t\u00f6k\u00e9letes illeszked\u00e9st ThinkPad T450 laptopj\u00e1hoz. Tartalmazza az \u00f6sszes sz\u00fcks\u00e9ges alkatr\u00e9szt a teljes zsan\u00e9rcser\u00e9hez, lehet\u0151v\u00e9 t\u00e9ve a laptop funkcionalit\u00e1s\u00e1nak egyszer\u0171 vissza\u00e1ll\u00edt\u00e1s\u00e1t.<\/p>\n<p>Az SH50A40332 \u00e9s SH50A40333 zsan\u00e9rk\u00e9szlet beszerel\u00e9se egyszer\u0171 folyamat. Egyszer\u0171en t\u00e1vol\u00edtsa el a r\u00e9gi zsan\u00e9rokat, \u00e9s cser\u00e9lje ki \u0151ket \u00fajakra, biztos\u00edtva a megfelel\u0151 be\u00e1ll\u00edt\u00e1st \u00e9s biztons\u00e1gos r\u00f6gz\u00edt\u00e9st. Ez egy k\u00f6lts\u00e9ghat\u00e9kony megold\u00e1s, amely lehet\u0151v\u00e9 teszi a laptop csukl\u00f3p\u00e1nt-mechanizmus\u00e1nak helyre\u00e1ll\u00edt\u00e1s\u00e1t an\u00e9lk\u00fcl, hogy teljes rendszercser\u00e9re lenne sz\u00fcks\u00e9g.<\/p>\n<p>Helyezze vissza Lenovo ThinkPad T450 laptopj\u00e1t optim\u00e1lis \u00e1llapot\u00e1ba az SH50A40332 \u00e9s SH50A40333 zsan\u00e9rk\u00e9szlettel. \u00c9lvezze a k\u00e9perny\u0151 sima nyit\u00e1s\u00e1t \u00e9s z\u00e1r\u00e1s\u00e1t, a stabilit\u00e1st \u00e9s a jobb \u00e1ltal\u00e1nos funkcionalit\u00e1st. V\u00e1s\u00e1roljon n\u00e1lunk most, \u00e9s tapasztalja meg az eredeti Lenovo zsan\u00e9rok el\u0151nyeit.<\/p>\n","protected":false},"excerpt":{"rendered":"<p>Cser\u00e9lje ki a Lenovo ThinkPad T450 laptop zsan\u00e9rjait az SH50A40332 \u00e9s SH50A40333 zsan\u00e9rk\u00e9szletre. Ezek az eredeti Lenovo csukl\u00f3p\u00e1ntok biztos\u00edtj\u00e1k a laptop kijelz\u0151j\u00e9nek megfelel\u0151 m\u0171k\u00f6d\u00e9s\u00e9t \u00e9s stabilit\u00e1s\u00e1t. \u00c1ll\u00edtsa helyre laptopja zsan\u00e9rmechanizmus\u00e1t, \u00e9s \u00e9lvezze a k\u00e9perny\u0151 z\u00f6kken\u0151mentes nyit\u00e1s\u00e1t \u00e9s z\u00e1r\u00e1s\u00e1t. V\u00e1s\u00e1roljon most, \u00e9s \u00e1ll\u00edtsa vissza Lenovo ThinkPad T450 k\u00e9sz\u00fcl\u00e9k\u00e9t az optim\u00e1lis \u00e1llapotba.<\/p>\n","protected":false},"featured_media":587,"template":"","meta":[],"product_brand":[],"product_cat":[19],"product_tag":[26],"class_list":{"0":"post-542","1":"product","2":"type-product","3":"status-publish","4":"has-post-thumbnail","6":"product_cat-screen-hinge","7":"product_tag-lenovo","9":"first","10":"instock","11":"taxable","12":"shipping-taxable","13":"purchasable","14":"product-type-simple"},"_links":{"self":[{"href":"https:\/\/boreait.com\/hu\/wp-json\/wp\/v2\/product\/542","targetHints":{"allow":["GET"]}}],"collection":[{"href":"https:\/\/boreait.com\/hu\/wp-json\/wp\/v2\/product"}],"about":[{"href":"https:\/\/boreait.com\/hu\/wp-json\/wp\/v2\/types\/product"}],"wp:featuredmedia":[{"embeddable":true,"href":"https:\/\/boreait.com\/hu\/wp-json\/wp\/v2\/media\/587"}],"wp:attachment":[{"href":"https:\/\/boreait.com\/hu\/wp-json\/wp\/v2\/media?parent=542"}],"wp:term":[{"taxonomy":"product_brand","embeddable":true,"href":"https:\/\/boreait.com\/hu\/wp-json\/wp\/v2\/product_brand?post=542"},{"taxonomy":"product_cat","embeddable":true,"href":"https:\/\/boreait.com\/hu\/wp-json\/wp\/v2\/product_cat?post=542"},{"taxonomy":"product_tag","embeddable":true,"href":"https:\/\/boreait.com\/hu\/wp-json\/wp\/v2\/product_tag?post=542"}],"curies":[{"name":"wp","href":"https:\/\/api.w.org\/{rel}","templated":true}]}}