{"id":5410,"date":"2025-09-17T11:15:10","date_gmt":"2025-09-17T09:15:10","guid":{"rendered":"https:\/\/boreait.com\/hu\/?post_type=product&#038;p=5410"},"modified":"2026-01-13T14:46:30","modified_gmt":"2026-01-13T13:46:30","slug":"asus-eee-pc-1001pg-1001pg0-videokabel-kijelzokabel-1422-00ml000","status":"publish","type":"product","link":"https:\/\/boreait.com\/hu\/termek\/asus-eee-pc-1001pg-1001pg0-videokabel-kijelzokabel-1422-00ml000\/","title":{"rendered":"ASUS Eee PC 1001PG\/1001PG0 videok\u00e1bel kijelz\u0151k\u00e1bel 1422-00ML000"},"content":{"rendered":"<p>Revitaliz\u00e1lja ASUS Eee PC 1001PG\/1001PG0 k\u00e9sz\u00fcl\u00e9k\u00e9t az ASUS videok\u00e1bel 1422-00ML000 kijelz\u0151k\u00e1bellel. Ez a k\u00e1bel a kulcs a laptop alaplapja \u00e9s a kijelz\u0151 k\u00f6z\u00f6tti hib\u00e1tlan kapcsolat fenntart\u00e1s\u00e1hoz, ami \u00e9les \u00e9s \u00e9l\u00e9nk vizu\u00e1lis \u00e9lm\u00e9nyt biztos\u00edt.<\/p>\n<p>F\u0151bb jellemz\u0151k:<\/p>\n<ul>\n<li>Kompatibilis az ASUS Eee PC 1001PG\/1001PG0 k\u00e9sz\u00fcl\u00e9kkel<\/li>\n<li>Modell: 1422-00ML000<\/li>\n<li>Eredeti ASUS cserealkatr\u00e9sz<\/li>\n<li>Megb\u00edzhat\u00f3 \u00e9s tart\u00f3s konstrukci\u00f3<\/li>\n<\/ul>\n<p>Ak\u00e1r megjelen\u00edt\u00e9si probl\u00e9m\u00e1kat tapasztal, ak\u00e1r laptopja videok\u00e1bel\u00e9t szeretn\u00e9 friss\u00edteni, ez az ASUS-k\u00e1bel a t\u00f6k\u00e9letes megold\u00e1s. \u00dagy tervezt\u00e9k, hogy megfeleljen az ASUS magas min\u0151s\u00e9gi \u00e9s teljes\u00edtm\u00e9nyi k\u00f6vetelm\u00e9nyeinek.<\/p>\n<p>K\u00e9rj\u00fck, vegye figyelembe, hogy ez a lista hiteles f\u00e9nyk\u00e9peket tartalmaz az ASUS videok\u00e1bel 1422-00ML000 kijelz\u0151k\u00e1bel\u00e9r\u0151l, \u00e9s nem tartalmaz telep\u00edt\u00e9si utas\u00edt\u00e1st. Ha b\u00e1rmilyen k\u00e9rd\u00e9se van, vagy seg\u00edts\u00e9gre van sz\u00fcks\u00e9ge, forduljon bizalommal. N\u00f6velje laptopja megjelen\u00edt\u00e9si min\u0151s\u00e9g\u00e9t ezzel az eredeti ASUS-k\u00e1bellel, \u00edgy biztos\u00edtva az elv\u00e1r\u00e1sainak megfelel\u0151 vizu\u00e1lis \u00e9lm\u00e9nyt.<\/p>\n","protected":false},"excerpt":{"rendered":"<p>Fejlessze ASUS Eee PC 1001PG\/1001PG0 k\u00e9sz\u00fcl\u00e9k\u00e9t az 1422-00ML000 videok\u00e1bel kijelz\u0151k\u00e1bellel. Ez az eredeti ASUS-k\u00e1bel megb\u00edzhat\u00f3 csatlakoz\u00e1st biztos\u00edt a z\u00f6kken\u0151mentes videomegjelen\u00edt\u00e9shez. Ide\u00e1lis a s\u00e9r\u00fclt vagy hib\u00e1s k\u00e1bel cser\u00e9j\u00e9hez, \u00e9les l\u00e1tv\u00e1nyt garant\u00e1l laptopja sz\u00e1m\u00e1ra. B\u00edzzon az ASUS min\u0151s\u00e9g\u00e9ben a sima \u00e9s tiszta megjelen\u00edt\u00e9s \u00e9rdek\u00e9ben.<\/p>\n","protected":false},"featured_media":5467,"template":"","meta":[],"product_brand":[],"product_cat":[20],"product_tag":[30],"class_list":{"0":"post-5410","1":"product","2":"type-product","3":"status-publish","4":"has-post-thumbnail","6":"product_cat-cables","7":"product_tag-asus","9":"first","10":"instock","11":"taxable","12":"shipping-taxable","13":"purchasable","14":"product-type-simple"},"_links":{"self":[{"href":"https:\/\/boreait.com\/hu\/wp-json\/wp\/v2\/product\/5410","targetHints":{"allow":["GET"]}}],"collection":[{"href":"https:\/\/boreait.com\/hu\/wp-json\/wp\/v2\/product"}],"about":[{"href":"https:\/\/boreait.com\/hu\/wp-json\/wp\/v2\/types\/product"}],"wp:featuredmedia":[{"embeddable":true,"href":"https:\/\/boreait.com\/hu\/wp-json\/wp\/v2\/media\/5467"}],"wp:attachment":[{"href":"https:\/\/boreait.com\/hu\/wp-json\/wp\/v2\/media?parent=5410"}],"wp:term":[{"taxonomy":"product_brand","embeddable":true,"href":"https:\/\/boreait.com\/hu\/wp-json\/wp\/v2\/product_brand?post=5410"},{"taxonomy":"product_cat","embeddable":true,"href":"https:\/\/boreait.com\/hu\/wp-json\/wp\/v2\/product_cat?post=5410"},{"taxonomy":"product_tag","embeddable":true,"href":"https:\/\/boreait.com\/hu\/wp-json\/wp\/v2\/product_tag?post=5410"}],"curies":[{"name":"wp","href":"https:\/\/api.w.org\/{rel}","templated":true}]}}