{"id":540,"date":"2025-09-17T09:27:44","date_gmt":"2025-09-17T07:27:44","guid":{"rendered":"https:\/\/boreait.com\/hu\/?post_type=product&#038;p=540"},"modified":"2025-09-17T09:28:25","modified_gmt":"2025-09-17T07:28:25","slug":"ltn156at01-l01-hasznalt-lcd-kepernyo-156-hd-1366x768-30-tus","status":"publish","type":"product","link":"https:\/\/boreait.com\/hu\/termek\/ltn156at01-l01-hasznalt-lcd-kepernyo-156-hd-1366x768-30-tus\/","title":{"rendered":"LTN156AT01-L01 Haszn\u00e1lt LCD k\u00e9perny\u0151 \u2013 15,6&#8243; HD 1366&#215;768, 30 t\u0171s"},"content":{"rendered":"<p data-start=\"586\" data-end=\"885\">Cser\u00e9lje ki s\u00e9r\u00fclt vagy nem m\u0171k\u00f6d\u0151 laptop kijelz\u0151j\u00e9t erre az eredeti Samsung LTN156AT01-L01 k\u00e9perny\u0151re. Ez egy <strong data-start=\"696\" data-end=\"711\">haszn\u00e1lt k\u00e9perny\u0151<\/strong>, gondosan elt\u00e1vol\u00edtott\u00e1k a m\u0171k\u00f6d\u0151 laptopokr\u00f3l, \u00e9s <strong data-start=\"767\" data-end=\"789\">teljes funkcionalit\u00e1st<\/strong> teszteltek. Kiv\u00e1l\u00f3 megjelen\u00edt\u00e9si min\u0151s\u00e9get k\u00edn\u00e1l, \u00e9s k\u00f6lts\u00e9ghat\u00e9kony megold\u00e1st jelent laptopja jav\u00edt\u00e1s\u00e1hoz.<\/p>\n<p data-start=\"887\" data-end=\"912\"><strong data-start=\"890\" data-end=\"910\">Term\u00e9k r\u00e9szletei:<\/strong><\/p>\n<ul data-start=\"913\" data-end=\"1202\">\n<li data-start=\"913\" data-end=\"942\">\n<p data-start=\"915\" data-end=\"942\"><strong data-start=\"915\" data-end=\"925\">Modell:<\/strong> LTN156AT01-L01<\/p>\n<\/li>\n<li data-start=\"943\" data-end=\"977\">\n<p data-start=\"945\" data-end=\"977\"><strong data-start=\"945\" data-end=\"954\">M\u00e9ret:<\/strong> 15,6 h\u00fcvelyk (\u00e1tl\u00f3s)<\/p>\n<\/li>\n<li data-start=\"978\" data-end=\"1016\">\n<p data-start=\"980\" data-end=\"1016\"><strong data-start=\"980\" data-end=\"995\">Felbont\u00e1s:<\/strong> HD 1366&#215;768 (WXGA)<\/p>\n<\/li>\n<li data-start=\"1017\" data-end=\"1058\">\n<p data-start=\"1019\" data-end=\"1058\"><strong data-start=\"1019\" data-end=\"1033\">Csatlakoz\u00f3:<\/strong> 30 t\u0171 (jobbra lent)<\/p>\n<\/li>\n<li data-start=\"1059\" data-end=\"1112\">\n<p data-start=\"1061\" data-end=\"1112\"><strong data-start=\"1061\" data-end=\"1073\">Fel\u00fclet:<\/strong> F\u00e9nyes (a k\u00e9szlett\u0151l f\u00fcgg\u0151en v\u00e1ltozhat)<\/p>\n<\/li>\n<li data-start=\"1113\" data-end=\"1202\">\n<p data-start=\"1115\" data-end=\"1202\"><strong data-start=\"1115\" data-end=\"1129\">\u00c1llapot:<\/strong> Haszn\u00e1lt (A fokozat \u2013 minim\u00e1lis haszn\u00e1lati nyomok, nincsenek halott k\u00e9ppontok, 100%-ban m\u0171k\u00f6d\u0151k\u00e9pes)<\/p>\n<\/li>\n<\/ul>\n<p data-start=\"1204\" data-end=\"1408\">\ud83d\udd27 <strong data-start=\"1207\" data-end=\"1225\">Kompatibilit\u00e1s:<\/strong><br data-start=\"1225\" data-end=\"1228\" \/>Ez a k\u00e9perny\u0151 sok laptopm\u00e1rk\u00e1val \u00e9s modellel kompatibilis, amelyek 15-\u00f6s sz\u00e1m\u00fa HD-kijelz\u0151t haszn\u00e1lnak. r\u00e9gi k\u00e9perny\u0151j\u00e9t, vagy forduljon hozz\u00e1nk seg\u00edts\u00e9g\u00e9rt.<\/p>\n<p data-start=\"1410\" data-end=\"1434\"><strong data-start=\"1412\" data-end=\"1432\">Mi\u00e9rt \u00e9rdemes t\u0151l\u00fcnk v\u00e1s\u00e1rolni?<\/strong><\/p>\n<ul data-start=\"1435\" data-end=\"1639\">\n<li data-start=\"1435\" data-end=\"1485\">\n<p data-start=\"1437\" data-end=\"1485\">Sz\u00e1ll\u00edt\u00e1s el\u0151tt alapos tesztel\u00e9s \u00e9s ellen\u0151rz\u00e9s<\/p>\n<\/li>\n<li data-start=\"1486\" data-end=\"1524\">\n<p data-start=\"1488\" data-end=\"1524\">Gyors kisz\u00e1ll\u00edt\u00e1s helyi rakt\u00e1rk\u00e9szlet\u00fcnkr\u0151l<\/p>\n<\/li>\n<li data-start=\"1525\" data-end=\"1585\">\n<p data-start=\"1527\" data-end=\"1585\">Ingyenes m\u0171szaki t\u00e1mogat\u00e1s, amely seg\u00edt megtal\u00e1lni a megfelel\u0151 k\u00e9perny\u0151t<\/p>\n<\/li>\n<li data-start=\"1586\" data-end=\"1639\">\n<p data-start=\"1588\" data-end=\"1639\">Versenyk\u00e9pes \u00e1rk\u00e9pz\u00e9s min\u0151s\u00e9gi kompromisszumok n\u00e9lk\u00fcl<\/p>\n<\/li>\n<\/ul>\n<p data-start=\"1641\" data-end=\"1804\"><strong data-start=\"1644\" data-end=\"1663\">Fontos megjegyz\u00e9s:<\/strong><br data-start=\"1663\" data-end=\"1666\" \/>Ez egy <strong data-start=\"1676\" data-end=\"1666\" \/>Csak a <strong data-start=\"1676\" data-end=\"170.3\">170-es k\u00e9perny\u0151<\/strong>re. A telep\u00edt\u00e9st szakembernek kell elv\u00e9geznie, ha nincs j\u00e1rtas laptopjav\u00edt\u00e1sban.<\/p>\n<p data-start=\"1806\" data-end=\"1957\"><strong data-start=\"1809\" data-end=\"1823\">Seg\u00edts\u00e9gre van sz\u00fcks\u00e9ge?<\/strong><br data-start=\"1823\" data-end=\"1826\" \/>Ha nem biztos a kompatibilit\u00e1sban, k\u00fcldje el nek\u00fcnk az eredeti laptop modell c\u00edmk\u00e9j\u00e9t, vagy megn\u00e9zz\u00fck a k\u00e9perny\u0151k\u00e9p\u00e9t.<\/strong><\/p>\n","protected":false},"excerpt":{"rendered":"<p>Kiv\u00e1l\u00f3 min\u0151s\u00e9g\u0171 haszn\u00e1lt 15,6&#8243; LCD k\u00e9perny\u0151 (LTN156AT01-L01) HD 1366&#215;768 felbont\u00e1ssal \u00e9s 30 t\u0171s csatlakoz\u00f3val. Ide\u00e1lis csere repedt vagy hib\u00e1s laptop kijelz\u0151kh\u00f6z. Tesztelve \u00e9s teljesen m\u0171k\u00f6d\u0151k\u00e9pes.<\/p>\n","protected":false},"featured_media":585,"template":"","meta":[],"product_brand":[],"product_cat":[21],"product_tag":[],"class_list":{"0":"post-540","1":"product","2":"type-product","3":"status-publish","4":"has-post-thumbnail","6":"product_cat-laptop-screens-lcd-panels","8":"first","9":"instock","10":"taxable","11":"shipping-taxable","12":"purchasable","13":"product-type-simple"},"_links":{"self":[{"href":"https:\/\/boreait.com\/hu\/wp-json\/wp\/v2\/product\/540","targetHints":{"allow":["GET"]}}],"collection":[{"href":"https:\/\/boreait.com\/hu\/wp-json\/wp\/v2\/product"}],"about":[{"href":"https:\/\/boreait.com\/hu\/wp-json\/wp\/v2\/types\/product"}],"wp:featuredmedia":[{"embeddable":true,"href":"https:\/\/boreait.com\/hu\/wp-json\/wp\/v2\/media\/585"}],"wp:attachment":[{"href":"https:\/\/boreait.com\/hu\/wp-json\/wp\/v2\/media?parent=540"}],"wp:term":[{"taxonomy":"product_brand","embeddable":true,"href":"https:\/\/boreait.com\/hu\/wp-json\/wp\/v2\/product_brand?post=540"},{"taxonomy":"product_cat","embeddable":true,"href":"https:\/\/boreait.com\/hu\/wp-json\/wp\/v2\/product_cat?post=540"},{"taxonomy":"product_tag","embeddable":true,"href":"https:\/\/boreait.com\/hu\/wp-json\/wp\/v2\/product_tag?post=540"}],"curies":[{"name":"wp","href":"https:\/\/api.w.org\/{rel}","templated":true}]}}