{"id":5392,"date":"2025-09-17T11:14:47","date_gmt":"2025-09-17T09:14:47","guid":{"rendered":"https:\/\/boreait.com\/hu\/?post_type=product&#038;p=5392"},"modified":"2025-09-17T11:16:03","modified_gmt":"2025-09-17T09:16:03","slug":"fujitsu-24-46399-00-amilo-pro-v2030-lcd-karpitelolap-eredeti-cserealkatresz","status":"publish","type":"product","link":"https:\/\/boreait.com\/hu\/termek\/fujitsu-24-46399-00-amilo-pro-v2030-lcd-karpitelolap-eredeti-cserealkatresz\/","title":{"rendered":"Fujitsu 24-46399-00 Amilo Pro V2030 LCD k\u00e1rpitel\u0151lap \u2013 Eredeti cserealkatr\u00e9sz"},"content":{"rendered":"<p>N\u00f6velje Fujitsu Amilo Pro V2030 megjelen\u00e9s\u00e9t az eredeti Fujitsu 24-46399-00 LCD d\u00edszkerettel. Ez az el\u0151lap t\u00f6bb, mint puszt\u00e1n kozmetikai kieg\u00e9sz\u00edt\u0151 \u2013 ez egy val\u00f3di cserealkatr\u00e9sz, amelyet a pontos specifik\u00e1ci\u00f3k szerint alak\u00edtottak ki, biztos\u00edtva a z\u00f6kken\u0151mentes illeszked\u00e9st \u00e9s a hossz\u00fa \u00e9lettartamot.<\/p>\n<p>F\u0151bb jellemz\u0151k:<\/p>\n<ul>\n<li>Kompatibilit\u00e1s: kifejezetten a Fujitsu Amilo Pro V2030-hoz k\u00e9sz\u00fclt<\/li>\n<li>Eredeti cserealkatr\u00e9sz: A hiteless\u00e9g \u00e9s a t\u00f6k\u00e9letes illeszked\u00e9s biztos\u00edt\u00e1sa<\/li>\n<li>Eleg\u00e1ns kialak\u00edt\u00e1s: Fokozza laptopja \u00e1ltal\u00e1nos megjelen\u00e9s\u00e9t<\/li>\n<\/ul>\n<p>A d\u00edsz\u00edt\u0151 keret felszerel\u00e9se egyszer\u0171, de hat\u00e9kony m\u00f3dja annak, hogy \u00faj \u00e9letet leheljen laptopj\u00e1ba. A karcs\u00fa kialak\u00edt\u00e1s nem csak egy csipetnyi kifinomults\u00e1got ad, hanem seg\u00edt megv\u00e9deni az LCD-k\u00e9perny\u0151 sz\u00e9leit is. Az eredeti Fujitsu 24-46399-00 LCD d\u00edszl\u00e9c a Fujitsu min\u0151s\u00e9g \u00e9s precizit\u00e1s ir\u00e1nti elk\u00f6telezetts\u00e9g\u00e9t bizony\u00edtja.<\/p>\n<p>K\u00e9rj\u00fck, vegye figyelembe, hogy a Fujitsu 24-46399-00 Amilo Pro V2030 LCD d\u00edszel\u0151lap val\u00f3di fot\u00f3k szerepelnek ezen a list\u00e1n. Telep\u00edt\u00e9si \u00fatmutat\u00f3 nem tal\u00e1lhat\u00f3, de ha k\u00e9rd\u00e9se van, vagy seg\u00edts\u00e9gre van sz\u00fcks\u00e9ge, forduljon bizalommal. Emelje fel Fujitsu Amilo Pro V2030 eszt\u00e9tik\u00e1j\u00e1t ezzel az eredeti csereburkolattal.<\/p>\n","protected":false},"excerpt":{"rendered":"<p>Fokozza Fujitsu Amilo Pro V2030 megjelen\u00e9s\u00e9t az eredeti Fujitsu 24-46399-00 LCD d\u00edszkerettel. Ezt az el\u0151lapot \u00fagy tervezt\u00e9k, hogy t\u00f6k\u00e9letesen illeszkedjen \u00e9s kieg\u00e9sz\u00edtse laptopj\u00e1t, \u00edgy eleg\u00e1ns \u00e9s professzion\u00e1lis megjelen\u00e9st k\u00f6lcs\u00f6n\u00f6z neki. A prec\u00edzen megalkotott el\u0151lap eredeti cserealkatr\u00e9sz, amely biztos\u00edtja a tart\u00f3ss\u00e1got \u00e9s a z\u00f6kken\u0151mentes illeszked\u00e9st. N\u00f6velje laptopja eszt\u00e9tikai megjelen\u00e9s\u00e9t ezzel az autentikus Fujitsu burkolattal.<\/p>\n","protected":false},"featured_media":5460,"template":"","meta":[],"product_brand":[],"product_cat":[16],"product_tag":[28],"class_list":{"0":"post-5392","1":"product","2":"type-product","3":"status-publish","4":"has-post-thumbnail","6":"product_cat-laptop-housing","7":"product_tag-fujitsu","9":"first","10":"instock","11":"taxable","12":"shipping-taxable","13":"purchasable","14":"product-type-simple"},"_links":{"self":[{"href":"https:\/\/boreait.com\/hu\/wp-json\/wp\/v2\/product\/5392","targetHints":{"allow":["GET"]}}],"collection":[{"href":"https:\/\/boreait.com\/hu\/wp-json\/wp\/v2\/product"}],"about":[{"href":"https:\/\/boreait.com\/hu\/wp-json\/wp\/v2\/types\/product"}],"wp:featuredmedia":[{"embeddable":true,"href":"https:\/\/boreait.com\/hu\/wp-json\/wp\/v2\/media\/5460"}],"wp:attachment":[{"href":"https:\/\/boreait.com\/hu\/wp-json\/wp\/v2\/media?parent=5392"}],"wp:term":[{"taxonomy":"product_brand","embeddable":true,"href":"https:\/\/boreait.com\/hu\/wp-json\/wp\/v2\/product_brand?post=5392"},{"taxonomy":"product_cat","embeddable":true,"href":"https:\/\/boreait.com\/hu\/wp-json\/wp\/v2\/product_cat?post=5392"},{"taxonomy":"product_tag","embeddable":true,"href":"https:\/\/boreait.com\/hu\/wp-json\/wp\/v2\/product_tag?post=5392"}],"curies":[{"name":"wp","href":"https:\/\/api.w.org\/{rel}","templated":true}]}}