{"id":539,"date":"2025-09-17T09:27:44","date_gmt":"2025-09-17T07:27:44","guid":{"rendered":"https:\/\/boreait.com\/hu\/?post_type=product&#038;p=539"},"modified":"2025-09-17T09:28:25","modified_gmt":"2025-09-17T07:28:25","slug":"bulk-4x-1gb-ddr2-667mhz-240-tus-pc2-5300u-2rx8-cl5-memoria","status":"publish","type":"product","link":"https:\/\/boreait.com\/hu\/termek\/bulk-4x-1gb-ddr2-667mhz-240-tus-pc2-5300u-2rx8-cl5-memoria\/","title":{"rendered":"BULK 4x 1GB DDR2 667Mhz 240 t\u0171s PC2-5300U 2Rx8 CL5 mem\u00f3ria"},"content":{"rendered":"<div class=\"s-item__title\"><span role=\"heading\">1 GB Hynix HYMP512U64CP8-Y5<\/span><\/div>\n<p>1GB Hot Black Dragon DDR2-800 PC2-6400U GB22GB6400C4DC<\/p>\n<p>1GB DDR2-667 DIMM Kingston KPN424-ELG<\/p>\n<p>Elpida EBE10UE8ACWA-6E-E PC2-5300U-555 1 GB mem\u00f3ria RAM<\/p>\n<p>N\u00f6velje asztali sz\u00e1m\u00edt\u00f3g\u00e9pe teljes\u00edtm\u00e9ny\u00e9t ezzel a n\u00e9gy darab 1 GB-os DDR2 667 MHz-es 240 t\u0171s PC2-5300U 2Rx8 CL5 asztali mem\u00f3riamodullal. Ezeket a kiv\u00e1l\u00f3 min\u0151s\u00e9g\u0171 mem\u00f3riamodulokat \u00fagy tervezt\u00e9k, hogy hat\u00e9kony \u00e9s megb\u00edzhat\u00f3 teljes\u00edtm\u00e9nyt ny\u00fajtsanak az asztali alkalmaz\u00e1sok sz\u00e1m\u00e1ra.<\/p>\n<p>Minden 1 GB-os DDR2 mem\u00f3riamodul 1 GB kapacit\u00e1st k\u00edn\u00e1l, \u00edgy t\u00f6bb feladatot is k\u00f6nnyed\u00e9n kezelhet \u00e9s mindennapi alkalmaz\u00e1sokat futtathat. Ak\u00e1r az interneten b\u00f6ng\u00e9szik, ak\u00e1r irodai alkalmaz\u00e1sokkal dolgozik, ak\u00e1r multim\u00e9di\u00e1s tartalmakat \u00e9lvez, ezek a mem\u00f3riamodulok biztos\u00edtj\u00e1k a z\u00f6kken\u0151mentes t\u00f6bbfeladatos munkav\u00e9gz\u00e9st \u00e9s a rendszer jobb v\u00e1laszk\u00e9szs\u00e9g\u00e9t.<\/p>\n<p>A 667 MHz-es sebess\u00e9ggel m\u0171k\u00f6d\u0151 mem\u00f3riamodulok gyors \u00e9s hat\u00e9kony adat\u00e1tviteli sebess\u00e9get biztos\u00edtanak, lehet\u0151v\u00e9 t\u00e9ve az adatok gyorsabb el\u00e9r\u00e9s\u00e9t \u00e9s cs\u00f6kkentve a k\u00e9s\u00e9st. \u00c9szrevehet\u0151 javul\u00e1st biztos\u00edtanak a rendszer \u00e1ltal\u00e1nos teljes\u00edtm\u00e9ny\u00e9ben, lehet\u0151v\u00e9 t\u00e9ve, hogy sim\u00e1bb \u00e9s gyorsabban reag\u00e1ljon a sz\u00e1m\u00edt\u00e1stechnika.<\/p>\n<p>2Rx8 konfigur\u00e1ci\u00f3jukkal \u00e9s CL5 k\u00e9sleltet\u00e9s\u00fckkel a mem\u00f3riamodulokat \u00fagy tervezt\u00e9k, hogy optim\u00e1lis kompatibilit\u00e1st \u00e9s teljes\u00edtm\u00e9nyt biztos\u00edtsanak a DDR2 mem\u00f3ri\u00e1t t\u00e1mogat\u00f3 asztali rendszerekben. Minden sz\u00fcks\u00e9ges min\u0151s\u00e9gi szabv\u00e1nynak megfelelnek, biztos\u00edtva a megb\u00edzhat\u00f3s\u00e1got \u00e9s a stabil m\u0171k\u00f6d\u00e9st az eur\u00f3pai asztali sz\u00e1m\u00edt\u00f3g\u00e9peken bel\u00fcl.<\/p>\n<p>Az 1 GB-os DDR2 667 MHz 240 t\u0171s PC2-5300U 2Rx8 CL5 mem\u00f3riamodulok telep\u00edt\u00e9se egyszer\u0171 folyamat. Egyszer\u0171en helyezze be a modulokat az asztali alaplap szabad mem\u00f3riahelyeibe, \u00edgy biztos\u00edtva a megfelel\u0151 igaz\u00edt\u00e1st \u00e9s a biztons\u00e1gos csatlakoz\u00e1st. Ez egy k\u00f6lts\u00e9ghat\u00e9kony megold\u00e1s, amely lehet\u0151v\u00e9 teszi a rendszer mem\u00f3riakapacit\u00e1s\u00e1nak b\u0151v\u00edt\u00e9s\u00e9t an\u00e9lk\u00fcl, hogy teljes rendszercser\u00e9re lenne sz\u00fcks\u00e9g.<\/p>\n<p>B\u0151v\u00edtse asztali sz\u00e1m\u00edt\u00f3g\u00e9pe mem\u00f3ri\u00e1j\u00e1t m\u00e9g ma ezzel a n\u00e9gy darab 1 GB-os DDR2 667 MHz-es 240 t\u0171s PC2-5300U 2Rx8 CL5 asztali mem\u00f3riamodullal. Tapasztalja meg a tov\u00e1bbfejlesztett t\u00f6bbfeladatos munkav\u00e9gz\u00e9st, a gyorsabb adathozz\u00e1f\u00e9r\u00e9st \u00e9s a fokozott rendszerteljes\u00edtm\u00e9nyt. V\u00e1s\u00e1roljon n\u00e1lunk most, \u00e9s \u00e9lvezze a megb\u00edzhat\u00f3 \u00e9s kiv\u00e1l\u00f3 min\u0151s\u00e9g\u0171 RAM modulok el\u0151nyeit.<\/p>\n","protected":false},"excerpt":{"rendered":"<div class=\"s-item__title\"><span role=\"heading\">1 GB Hynix HYMP512U64CP8-Y5<\/span><\/div>\n<p>1GB Hot Black Dragon DDR2-800 PC2-6400U GB22GB6400C4DC<\/p>\n<p>1GB DDR2-667 DIMM Kingston KPN424-ELG<\/p>\n<p>Elpida EBE10UE8ACWA-6E-E PC2-5300U-555 1 GB mem\u00f3ria<\/p>\n<p>B\u0151v\u00edtse asztali sz\u00e1m\u00edt\u00f3g\u00e9p\u00e9nek mem\u00f3ri\u00e1j\u00e1t ezzel a n\u00e9gy darab 1 GB-os DDR2 667 MHz-es 240 t\u0171s PC2-5300U 2Rx8 CL5 asztali mem\u00f3riamodullal. Mindegyik modul 1 GB kapacit\u00e1st k\u00edn\u00e1l, \u00e9s 667 MHz-es sebess\u00e9ggel m\u0171k\u00f6dik. 2Rx8 konfigur\u00e1ci\u00f3jukkal \u00e9s CL5 k\u00e9sleltet\u00e9s\u00fckkel ezek a mem\u00f3riamodulok hat\u00e9kony \u00e9s megb\u00edzhat\u00f3 teljes\u00edtm\u00e9nyt ny\u00fajtanak az asztali alkalmaz\u00e1sok sz\u00e1m\u00e1ra. B\u0151v\u00edtse rendszere mem\u00f3ri\u00e1j\u00e1t \u00e9s jav\u00edtsa \u00e1ltal\u00e1nos teljes\u00edtm\u00e9ny\u00e9t. V\u00e1s\u00e1roljon most, \u00e9s tapasztalja meg a jobb t\u00f6bbfeladatos munkav\u00e9gz\u00e9st \u00e9s a v\u00e1laszk\u00e9szs\u00e9get.<\/p>\n","protected":false},"featured_media":584,"template":"","meta":[],"product_brand":[],"product_cat":[41,36],"product_tag":[],"class_list":{"0":"post-539","1":"product","2":"type-product","3":"status-publish","4":"has-post-thumbnail","6":"product_cat-ddr2","7":"product_cat-ram-memory","9":"first","10":"instock","11":"taxable","12":"shipping-taxable","13":"purchasable","14":"product-type-simple"},"_links":{"self":[{"href":"https:\/\/boreait.com\/hu\/wp-json\/wp\/v2\/product\/539","targetHints":{"allow":["GET"]}}],"collection":[{"href":"https:\/\/boreait.com\/hu\/wp-json\/wp\/v2\/product"}],"about":[{"href":"https:\/\/boreait.com\/hu\/wp-json\/wp\/v2\/types\/product"}],"wp:featuredmedia":[{"embeddable":true,"href":"https:\/\/boreait.com\/hu\/wp-json\/wp\/v2\/media\/584"}],"wp:attachment":[{"href":"https:\/\/boreait.com\/hu\/wp-json\/wp\/v2\/media?parent=539"}],"wp:term":[{"taxonomy":"product_brand","embeddable":true,"href":"https:\/\/boreait.com\/hu\/wp-json\/wp\/v2\/product_brand?post=539"},{"taxonomy":"product_cat","embeddable":true,"href":"https:\/\/boreait.com\/hu\/wp-json\/wp\/v2\/product_cat?post=539"},{"taxonomy":"product_tag","embeddable":true,"href":"https:\/\/boreait.com\/hu\/wp-json\/wp\/v2\/product_tag?post=539"}],"curies":[{"name":"wp","href":"https:\/\/api.w.org\/{rel}","templated":true}]}}