{"id":5370,"date":"2025-09-17T11:14:23","date_gmt":"2025-09-17T09:14:23","guid":{"rendered":"https:\/\/boreait.com\/hu\/?post_type=product&#038;p=5370"},"modified":"2025-09-17T11:15:30","modified_gmt":"2025-09-17T09:15:30","slug":"acer-aspire-5742-5741-5336-5253-5552-felso-lcd-fedel-hatso-burkolat-ap0fo000110","status":"publish","type":"product","link":"https:\/\/boreait.com\/hu\/termek\/acer-aspire-5742-5741-5336-5253-5552-felso-lcd-fedel-hatso-burkolat-ap0fo000110\/","title":{"rendered":"Acer Aspire 5742 5741 5336 5253 5552 fels\u0151 LCD fed\u00e9l H\u00e1ts\u00f3 burkolat AP0FO000110"},"content":{"rendered":"<p>Friss\u00edtse Acer Aspire laptopja megjelen\u00e9s\u00e9t \u00e9s v\u00e9delm\u00e9t az Acer Aspire 5742 5741 5336 5253 5552 fels\u0151 LCD fed\u00e9l h\u00e1tlappal AP0FO000110. A t\u00f6bb Acer Aspire modellel val\u00f3 kompatibilit\u00e1sra tervezett fels\u0151 fed\u00e9l t\u00f6k\u00e9letesen illeszkedik laptopj\u00e1hoz.<\/p>\n<p>F\u0151bb jellemz\u0151k:<\/p>\n<ul>\n<li>Modell kompatibilit\u00e1s: Acer Aspire 5742, 5741, 5336, 5253, 5552<\/li>\n<li>Alkatr\u00e9szsz\u00e1m: AP0FO000110<\/li>\n<li>Funkci\u00f3: Fels\u0151 LCD fed\u00e9l h\u00e1tlapja<\/li>\n<li>Tart\u00f3s \u00e9s st\u00edlusos kialak\u00edt\u00e1s<\/li>\n<\/ul>\n<p>A prec\u00edzen megalkotott fels\u0151 fed\u00e9l nem csak v\u00e9delmet ny\u00fajt laptopja kijelz\u0151j\u00e9nek, hanem egy kis eleganci\u00e1t is ad. Az eleg\u00e1ns diz\u00e1jn jav\u00edtja Acer Aspire laptopja \u00e1ltal\u00e1nos eszt\u00e9tik\u00e1j\u00e1t, \u00e9s olyan j\u00f3l n\u00e9z ki, mint az \u00faj.<\/p>\n<p>A telep\u00edt\u00e9s egyszer\u0171, lehet\u0151v\u00e9 teszi laptopja arculat\u00e1nak felfriss\u00edt\u00e9s\u00e9t an\u00e9lk\u00fcl, hogy professzion\u00e1lis seg\u00edts\u00e9gre lenne sz\u00fcks\u00e9ge. Az Acer Aspire 5742 5741 5336 5253 5552 fels\u0151 LCD fed\u00e9l h\u00e1tlapja AP0FO000110 kiv\u00e1l\u00f3 min\u0151s\u00e9g\u0171 anyagokb\u00f3l k\u00e9sz\u00fclt, biztos\u00edtva a tart\u00f3ss\u00e1got \u00e9s a hossz\u00fa \u00e9lettartamot.<\/p>\n<p>K\u00e9rj\u00fck, vegye figyelembe, hogy ez a lista val\u00f3di f\u00e9nyk\u00e9peket tartalmaz az Acer Aspire 5742 5741 5336 5253 5552 fels\u0151 LCD fed\u00e9l h\u00e1tlapj\u00e1r\u00f3l AP0FO000110. Nincsenek telep\u00edt\u00e9si utas\u00edt\u00e1sok; azonban, ha b\u00e1rmilyen k\u00e9rd\u00e9se van, vagy seg\u00edts\u00e9gre van sz\u00fcks\u00e9ge, forduljon bizalommal. Emelje fel Acer Aspire laptopja megjelen\u00e9s\u00e9t \u00e9s v\u00e9delm\u00e9t ezzel a kiv\u00e1l\u00f3 min\u0151s\u00e9g\u0171 cserefed\u00e9llel.<\/p>\n","protected":false},"excerpt":{"rendered":"<p>Fokozza az eszt\u00e9tik\u00e1t \u00e9s v\u00e9dje meg laptopj\u00e1t az Acer Aspire 5742 5741 5336 5253 5552 fels\u0151 LCD fed\u00e9l h\u00e1tlappal AP0FO000110. Ez a tart\u00f3ss\u00e1gra \u00e9s st\u00edlusra tervezett fels\u0151 fed\u00e9l t\u00f6k\u00e9letes helyettes\u00edti Acer Aspire laptopj\u00e1t. K\u00f6nnyen felszerelhet\u0151, eleg\u00e1ns \u00e9s csiszolt megjelen\u00e9st biztos\u00edt, \u00edgy laptopja kiemelkedik.<\/p>\n","protected":false},"featured_media":5427,"template":"","meta":[],"product_brand":[],"product_cat":[16],"product_tag":[],"class_list":{"0":"post-5370","1":"product","2":"type-product","3":"status-publish","4":"has-post-thumbnail","6":"product_cat-laptop-housing","8":"first","9":"instock","10":"taxable","11":"shipping-taxable","12":"purchasable","13":"product-type-simple"},"_links":{"self":[{"href":"https:\/\/boreait.com\/hu\/wp-json\/wp\/v2\/product\/5370","targetHints":{"allow":["GET"]}}],"collection":[{"href":"https:\/\/boreait.com\/hu\/wp-json\/wp\/v2\/product"}],"about":[{"href":"https:\/\/boreait.com\/hu\/wp-json\/wp\/v2\/types\/product"}],"wp:featuredmedia":[{"embeddable":true,"href":"https:\/\/boreait.com\/hu\/wp-json\/wp\/v2\/media\/5427"}],"wp:attachment":[{"href":"https:\/\/boreait.com\/hu\/wp-json\/wp\/v2\/media?parent=5370"}],"wp:term":[{"taxonomy":"product_brand","embeddable":true,"href":"https:\/\/boreait.com\/hu\/wp-json\/wp\/v2\/product_brand?post=5370"},{"taxonomy":"product_cat","embeddable":true,"href":"https:\/\/boreait.com\/hu\/wp-json\/wp\/v2\/product_cat?post=5370"},{"taxonomy":"product_tag","embeddable":true,"href":"https:\/\/boreait.com\/hu\/wp-json\/wp\/v2\/product_tag?post=5370"}],"curies":[{"name":"wp","href":"https:\/\/api.w.org\/{rel}","templated":true}]}}