{"id":5367,"date":"2025-09-17T11:14:22","date_gmt":"2025-09-17T09:14:22","guid":{"rendered":"https:\/\/boreait.com\/hu\/?post_type=product&#038;p=5367"},"modified":"2025-09-17T11:15:21","modified_gmt":"2025-09-17T09:15:21","slug":"toshiba-satellite-a300-a300-201-nemet-billentyuzet-9j-n9082-eredeti-es-megbizhato","status":"publish","type":"product","link":"https:\/\/boreait.com\/hu\/termek\/toshiba-satellite-a300-a300-201-nemet-billentyuzet-9j-n9082-eredeti-es-megbizhato\/","title":{"rendered":"Toshiba Satellite A300 (A300-201) n\u00e9met billenty\u0171zet 9J.N9082 &#8211; Eredeti \u00e9s megb\u00edzhat\u00f3!"},"content":{"rendered":"<p>Fedezze fel a Toshiba Satellite A300 (A300-201) n\u00e9met billenty\u0171zet (9J.N9082) hiteless\u00e9g\u00e9t \u2013 ez a t\u00f6k\u00e9letes megold\u00e1s laptopja g\u00e9pel\u00e9si ig\u00e9nyeire. A pontoss\u00e1gra \u00e9s tart\u00f3ss\u00e1gra tervezett billenty\u0171zet sima \u00e9s k\u00e9nyelmes g\u00e9pel\u00e9st garant\u00e1l.<\/p>\n<p>F\u0151bb jellemz\u0151k:<\/p>\n<ul>\n<li>Kompatibilit\u00e1s: Toshiba Satellite A300 (A300-201)<\/li>\n<li>Modell: 9J.N9082<\/li>\n<li>Nyelv: n\u00e9met szlov\u00e9n l\u00e9zeres elrendez\u00e9ssel<\/li>\n<li>Elrendez\u00e9s: QWERTZ<\/li>\n<li>Eredeti Toshiba term\u00e9k a megb\u00edzhat\u00f3s\u00e1g \u00e9rdek\u00e9ben<\/li>\n<\/ul>\n<p>Ak\u00e1r s\u00e9r\u00fclt billenty\u0171zetet cser\u00e9l, ak\u00e1r laptopj\u00e1t friss\u00edti, a Toshiba Satellite A300 n\u00e9met billenty\u0171zet az ide\u00e1lis v\u00e1laszt\u00e1s. A n\u00e9met elrendez\u00e9s egy extra funkcionalit\u00e1si r\u00e9teget ad, \u00edgy a felhaszn\u00e1l\u00f3k sz\u00e9lesebb k\u00f6r\u00e9t szolg\u00e1lja ki.<\/p>\n<p>K\u00e9rj\u00fck, vegye figyelembe, hogy a lista val\u00f3di f\u00e9nyk\u00e9peket tartalmaz a Toshiba Satellite A300 (A300-201) 9J.N9082 t\u00edpus\u00fa n\u00e9met billenty\u0171zet\u00e9r\u0151l, \u00edgy vil\u00e1gos k\u00e9pet ad a kapott term\u00e9kr\u0151l. B\u00e1rmilyen k\u00e9rd\u00e9ssel vagy tov\u00e1bbi inform\u00e1ci\u00f3val kapcsolatban forduljon hozz\u00e1nk bizalommal. N\u00f6velje g\u00e9pel\u00e9si \u00e9lm\u00e9ny\u00e9t, \u00e9s \u00e1ll\u00edtsa vissza Toshiba laptopja eredeti hat\u00e9konys\u00e1g\u00e1t ezzel az eredeti n\u00e9met billenty\u0171zettel.<\/p>\n","protected":false},"excerpt":{"rendered":"<p>Fokozza a g\u00e9pel\u00e9si \u00e9lm\u00e9nyt az eredeti Toshiba Satellite A300 (A300-201) n\u00e9met billenty\u0171zettel (9J.N9082). A pontoss\u00e1gra \u00e9s tart\u00f3ss\u00e1gra tervezett billenty\u0171zet z\u00f6kken\u0151mentes \u00e9s k\u00e9nyelmes g\u00e9pel\u00e9si \u00e9lm\u00e9nyt biztos\u00edt. T\u00f6k\u00e9letes cser\u00e9re vagy friss\u00edt\u00e9sre, a n\u00e9met elrendez\u00e9s sokoldal\u00fabb\u00e1 teszi Toshiba laptopj\u00e1t. Ezzel az eredeti Toshiba billenty\u0171zettel \u00e1ll\u00edtsa vissza laptopj\u00e1t eredeti f\u00e9ny\u00e9be.<\/p>\n","protected":false},"featured_media":5421,"template":"","meta":[],"product_brand":[],"product_cat":[35],"product_tag":[34],"class_list":{"0":"post-5367","1":"product","2":"type-product","3":"status-publish","4":"has-post-thumbnail","6":"product_cat-laptop-keyboard","7":"product_tag-toshiba","9":"first","10":"instock","11":"taxable","12":"shipping-taxable","13":"purchasable","14":"product-type-simple"},"_links":{"self":[{"href":"https:\/\/boreait.com\/hu\/wp-json\/wp\/v2\/product\/5367","targetHints":{"allow":["GET"]}}],"collection":[{"href":"https:\/\/boreait.com\/hu\/wp-json\/wp\/v2\/product"}],"about":[{"href":"https:\/\/boreait.com\/hu\/wp-json\/wp\/v2\/types\/product"}],"wp:featuredmedia":[{"embeddable":true,"href":"https:\/\/boreait.com\/hu\/wp-json\/wp\/v2\/media\/5421"}],"wp:attachment":[{"href":"https:\/\/boreait.com\/hu\/wp-json\/wp\/v2\/media?parent=5367"}],"wp:term":[{"taxonomy":"product_brand","embeddable":true,"href":"https:\/\/boreait.com\/hu\/wp-json\/wp\/v2\/product_brand?post=5367"},{"taxonomy":"product_cat","embeddable":true,"href":"https:\/\/boreait.com\/hu\/wp-json\/wp\/v2\/product_cat?post=5367"},{"taxonomy":"product_tag","embeddable":true,"href":"https:\/\/boreait.com\/hu\/wp-json\/wp\/v2\/product_tag?post=5367"}],"curies":[{"name":"wp","href":"https:\/\/api.w.org\/{rel}","templated":true}]}}