{"id":5366,"date":"2025-09-17T11:14:22","date_gmt":"2025-09-17T09:14:22","guid":{"rendered":"https:\/\/boreait.com\/hu\/?post_type=product&#038;p=5366"},"modified":"2025-09-17T11:15:19","modified_gmt":"2025-09-17T09:15:19","slug":"hp-compaq-presario-6720s-laptop-lcd-elulso-elolap-burkolata-456807-001-eredeti-cserealkatresz","status":"publish","type":"product","link":"https:\/\/boreait.com\/hu\/termek\/hp-compaq-presario-6720s-laptop-lcd-elulso-elolap-burkolata-456807-001-eredeti-cserealkatresz\/","title":{"rendered":"HP Compaq Presario 6720S laptop LCD el\u00fcls\u0151 el\u0151lap burkolata 456807-001 \u2013 Eredeti cserealkatr\u00e9sz"},"content":{"rendered":"<p>Revitaliz\u00e1lja Compaq Presario 6720S laptopj\u00e1t a 456807-001 cikksz\u00e1m\u00fa hiteles LCD el\u00fcls\u0151 burkolattal. Ez az eredeti cserealkatr\u00e9sz t\u00f6k\u00e9letes illeszked\u00e9st biztos\u00edt, \u00e9s visszaadja laptopja eleg\u00e1ns megjelen\u00e9s\u00e9t.<\/p>\n<p>F\u0151bb jellemz\u0151k:<\/p>\n<ul>\n<li>Alkatr\u00e9szsz\u00e1m: 456807-001<\/li>\n<li>Laptop modell: Compaq Presario 6720S<\/li>\n<li>T\u00edpus: LCD el\u00fcls\u0151 el\u0151lap burkolata<\/li>\n<\/ul>\n<p>Ez a prec\u00edzen megalkotott el\u0151lapburkolat pontosan illeszkedik laptopmodellj\u00e9hez, \u00e9s probl\u00e9mamentes telep\u00edt\u00e9st tesz lehet\u0151v\u00e9. Nem csak a laptop megjelen\u00e9s\u00e9t jav\u00edtja, de az LCD-k\u00e9perny\u0151nek is elengedhetetlen v\u00e9delmet ny\u00fajt.<\/p>\n<p>Ak\u00e1r megs\u00e9r\u00fclt el\u0151lap cser\u00e9j\u00e9t szeretn\u00e9, ak\u00e1r egyszer\u0171en csak laptopja megjelen\u00e9s\u00e9t szeretn\u00e9 felfriss\u00edteni, a Compaq Presario 6720S LCD el\u0151lapburkolata az ide\u00e1lis megold\u00e1s. Az eredeti Compaq csere garant\u00e1lja a tart\u00f3ss\u00e1got \u00e9s a kompatibilit\u00e1st.<\/p>\n<p>K\u00e9rj\u00fck, vegye figyelembe, hogy a lista val\u00f3s f\u00e9nyk\u00e9peket tartalmaz a Compaq Presario 6720S laptop LCD el\u00fcls\u0151 el\u0151lapj\u00e1r\u00f3l, \u00e9s nem tartalmaz telep\u00edt\u00e9si utas\u00edt\u00e1st. Ha b\u00e1rmilyen k\u00e9rd\u00e9se van, vagy tov\u00e1bbi inform\u00e1ci\u00f3ra van sz\u00fcks\u00e9ge, forduljon bizalommal. N\u00f6velje Compaq laptopja eszt\u00e9tik\u00e1j\u00e1t \u00e9s v\u00e9delm\u00e9t ezzel az eredeti LCD el\u0151lap bor\u00edt\u00e1ssal.<\/p>\n","protected":false},"excerpt":{"rendered":"<p>Fokozza Compaq Presario 6720S laptopja megjelen\u00e9s\u00e9t \u00e9s v\u00e9delm\u00e9t az eredeti LCD el\u0151lap bor\u00edt\u00e1ssal. A 456807-001 cikksz\u00e1m\u00fa cikk k\u00f6zvetlen helyettes\u00edt\u00e9s\u00e9re k\u00e9sz\u00fclt, ezt a burkolatot \u00fagy tervezt\u00e9k, hogy z\u00f6kken\u0151mentesen illeszkedjen, \u00e9s visszaadja laptopj\u00e1nak eredeti var\u00e1zs\u00e1t. Fektessen be a Compaq eredetis\u00e9g\u00e9be a t\u00f6k\u00e9letes illeszked\u00e9s \u00e9s a tart\u00f3s v\u00e9delem \u00e9rdek\u00e9ben.<\/p>\n","protected":false},"featured_media":5419,"template":"","meta":[],"product_brand":[],"product_cat":[16],"product_tag":[25],"class_list":{"0":"post-5366","1":"product","2":"type-product","3":"status-publish","4":"has-post-thumbnail","6":"product_cat-laptop-housing","7":"product_tag-hp","9":"first","10":"instock","11":"taxable","12":"shipping-taxable","13":"purchasable","14":"product-type-simple"},"_links":{"self":[{"href":"https:\/\/boreait.com\/hu\/wp-json\/wp\/v2\/product\/5366","targetHints":{"allow":["GET"]}}],"collection":[{"href":"https:\/\/boreait.com\/hu\/wp-json\/wp\/v2\/product"}],"about":[{"href":"https:\/\/boreait.com\/hu\/wp-json\/wp\/v2\/types\/product"}],"wp:featuredmedia":[{"embeddable":true,"href":"https:\/\/boreait.com\/hu\/wp-json\/wp\/v2\/media\/5419"}],"wp:attachment":[{"href":"https:\/\/boreait.com\/hu\/wp-json\/wp\/v2\/media?parent=5366"}],"wp:term":[{"taxonomy":"product_brand","embeddable":true,"href":"https:\/\/boreait.com\/hu\/wp-json\/wp\/v2\/product_brand?post=5366"},{"taxonomy":"product_cat","embeddable":true,"href":"https:\/\/boreait.com\/hu\/wp-json\/wp\/v2\/product_cat?post=5366"},{"taxonomy":"product_tag","embeddable":true,"href":"https:\/\/boreait.com\/hu\/wp-json\/wp\/v2\/product_tag?post=5366"}],"curies":[{"name":"wp","href":"https:\/\/api.w.org\/{rel}","templated":true}]}}