{"id":5341,"date":"2025-09-17T11:13:58","date_gmt":"2025-09-17T09:13:58","guid":{"rendered":"https:\/\/boreait.com\/hu\/?post_type=product&#038;p=5341"},"modified":"2025-09-17T11:14:59","modified_gmt":"2025-09-17T09:14:59","slug":"lenovo-thinkpad-t430-laptop-also-tok-0b50769","status":"publish","type":"product","link":"https:\/\/boreait.com\/hu\/termek\/lenovo-thinkpad-t430-laptop-also-tok-0b50769\/","title":{"rendered":"Lenovo ThinkPad T430 Laptop als\u00f3 tok 0B50769"},"content":{"rendered":"<p>Friss\u00edtse a Lenovo ThinkPad T430 alapj\u00e1t az als\u00f3 tokkal (cikksz\u00e1m: 0B50769). A Lenovo \u00e1ltal k\u00e9sz\u00edtett eredeti cserealkatr\u00e9sz t\u00f6k\u00e9letes illeszked\u00e9st \u00e9s robusztus fel\u00e9p\u00edt\u00e9st biztos\u00edt laptopj\u00e1hoz.<\/p>\n<p>F\u0151bb jellemz\u0151k:<\/p>\n<ul>\n<li>Alkatr\u00e9szsz\u00e1m: 0B50769<\/li>\n<li>Kompatibilit\u00e1s: Lenovo ThinkPad T430<\/li>\n<\/ul>\n<p>Fokozza laptopja tart\u00f3ss\u00e1g\u00e1t \u00e9s eszt\u00e9tik\u00e1j\u00e1t ezzel az eredeti Lenovo als\u00f3 tokkal. A sz\u00fcrke sz\u00edn egy kis kifinomults\u00e1got k\u00f6lcs\u00f6n\u00f6z ThinkPad T430-nak.<\/p>\n<p>K\u00e9rj\u00fck, vegye figyelembe, hogy ez a lista val\u00f3di f\u00e9nyk\u00e9peket tartalmaz a Lenovo ThinkPad T430 alaph\u00e1z\u00e1r\u00f3l (alkatr\u00e9szsz\u00e1m: 0B50769). Telep\u00edt\u00e9si \u00fatmutat\u00f3 nem tal\u00e1lhat\u00f3, de ha k\u00e9rd\u00e9se van, vagy seg\u00edts\u00e9gre van sz\u00fcks\u00e9ge, forduljon bizalommal. Emelje fel laptopja megjelen\u00e9s\u00e9t ezzel az eredeti Lenovo cserealkatr\u00e9szrel.<\/p>\n","protected":false},"excerpt":{"rendered":"<p>N\u00f6velje Lenovo ThinkPad T430 tart\u00f3ss\u00e1g\u00e1t \u00e9s eszt\u00e9tik\u00e1j\u00e1t az als\u00f3 tokkal (cikksz\u00e1m: 0B50769). Ez az eredeti Lenovo csere biztos\u00edtja a t\u00f6k\u00e9letes illeszked\u00e9st, biztons\u00e1gos alapot biztos\u00edtva laptopj\u00e1nak. Emelje fel laptopja \u00e1ltal\u00e1nos megjelen\u00e9s\u00e9t ezzel az eredeti Lenovo als\u00f3 tokkal.<\/p>\n","protected":false},"featured_media":5400,"template":"","meta":[],"product_brand":[],"product_cat":[16],"product_tag":[26],"class_list":{"0":"post-5341","1":"product","2":"type-product","3":"status-publish","4":"has-post-thumbnail","6":"product_cat-laptop-housing","7":"product_tag-lenovo","9":"first","10":"instock","11":"taxable","12":"shipping-taxable","13":"purchasable","14":"product-type-simple"},"_links":{"self":[{"href":"https:\/\/boreait.com\/hu\/wp-json\/wp\/v2\/product\/5341","targetHints":{"allow":["GET"]}}],"collection":[{"href":"https:\/\/boreait.com\/hu\/wp-json\/wp\/v2\/product"}],"about":[{"href":"https:\/\/boreait.com\/hu\/wp-json\/wp\/v2\/types\/product"}],"wp:featuredmedia":[{"embeddable":true,"href":"https:\/\/boreait.com\/hu\/wp-json\/wp\/v2\/media\/5400"}],"wp:attachment":[{"href":"https:\/\/boreait.com\/hu\/wp-json\/wp\/v2\/media?parent=5341"}],"wp:term":[{"taxonomy":"product_brand","embeddable":true,"href":"https:\/\/boreait.com\/hu\/wp-json\/wp\/v2\/product_brand?post=5341"},{"taxonomy":"product_cat","embeddable":true,"href":"https:\/\/boreait.com\/hu\/wp-json\/wp\/v2\/product_cat?post=5341"},{"taxonomy":"product_tag","embeddable":true,"href":"https:\/\/boreait.com\/hu\/wp-json\/wp\/v2\/product_tag?post=5341"}],"curies":[{"name":"wp","href":"https:\/\/api.w.org\/{rel}","templated":true}]}}