{"id":534,"date":"2025-09-17T09:27:43","date_gmt":"2025-09-17T07:27:43","guid":{"rendered":"https:\/\/boreait.com\/hu\/?post_type=product&#038;p=534"},"modified":"2026-01-07T09:44:10","modified_gmt":"2026-01-07T08:44:10","slug":"kingston-asztali-kvr400x64c3a-512-ddr-512mb-memoria","status":"publish","type":"product","link":"https:\/\/boreait.com\/hu\/termek\/kingston-asztali-kvr400x64c3a-512-ddr-512mb-memoria\/","title":{"rendered":"Kingston asztali KVR400X64C3A\/512 DDR 512MB mem\u00f3ria"},"content":{"rendered":"<p>N\u00f6velje asztali sz\u00e1m\u00edt\u00f3g\u00e9pe teljes\u00edtm\u00e9ny\u00e9t a Kingston Desktop KVR400X64C3A\/512 DDR 512 MB mem\u00f3ri\u00e1val. Ezt a megb\u00edzhat\u00f3 mem\u00f3riamodult \u00fagy tervezt\u00e9k, hogy gyorsabb adatfeldolgoz\u00e1si sebess\u00e9get \u00e9s tov\u00e1bbfejlesztett t\u00f6bbfeladatos k\u00e9pess\u00e9get biztos\u00edtson, sim\u00e1bb \u00e9s hat\u00e9konyabb sz\u00e1m\u00edt\u00e1si \u00e9lm\u00e9nyt biztos\u00edtva.<\/p>\n<p>Az 512 MB kapacit\u00e1s\u00fa Kingston Desktop KVR400X64C3A\/512 DDR mem\u00f3riamodul b\u0151s\u00e9ges helyet k\u00edn\u00e1l az adatok t\u00e1rol\u00e1s\u00e1ra \u00e9s el\u00e9r\u00e9s\u00e9re, mik\u00f6zben gyors\u00edtott adat\u00e1tviteli sebess\u00e9get biztos\u00edt. Ak\u00e1r t\u00f6bb alkalmaz\u00e1st futtat egyszerre, ak\u00e1r mem\u00f3riaig\u00e9nyes feladatokat v\u00e9gez, ez a modul z\u00f6kken\u0151mentes teljes\u00edtm\u00e9nyt \u00e9s fokozott v\u00e1laszk\u00e9szs\u00e9get biztos\u00edt.<\/p>\n<p>A Kingston asztali KVR400X64C3A\/512 DDR 512 MB mem\u00f3ri\u00e1t a Kingston, egy j\u00f3 h\u00edr\u0171 m\u00e1rka gy\u00e1rtja, amely a min\u0151s\u00e9g \u00e9s a megb\u00edzhat\u00f3s\u00e1g ir\u00e1nti elk\u00f6telezetts\u00e9g\u00e9r\u0151l ismert. Minden modul szigor\u00fa tesztel\u00e9sen esik \u00e1t, hogy megfeleljen az ipari szabv\u00e1nyoknak, biztos\u00edtva a stabilit\u00e1st \u00e9s a tart\u00f3ss\u00e1got a hossz\u00fa t\u00e1v\u00fa haszn\u00e1lathoz. B\u00edzhat ennek a mem\u00f3riamodulnak a megb\u00edzhat\u00f3s\u00e1g\u00e1ban, \u00edgy optimaliz\u00e1lhatja asztali sz\u00e1m\u00edt\u00f3g\u00e9pe teljes\u00edtm\u00e9ny\u00e9t \u00e9s jav\u00edthatja az \u00e1ltal\u00e1nos sz\u00e1m\u00edt\u00e1stechnikai \u00e9lm\u00e9nyt.<\/p>\n<p>A Kingston Desktop KVR400X64C3A\/512 DDR 512MB mem\u00f3ria telep\u00edt\u00e9se egyszer\u0171 folyamat. A modult \u00fagy tervezt\u00e9k, hogy kompatibilis legyen sz\u00e1mos asztali rendszerrel, \u00edgy k\u00f6nnyen integr\u00e1lhat\u00f3 a megl\u00e9v\u0151 rendszerbe. Egyszer\u0171en helyezze be a mem\u00f3riamodult a megfelel\u0151 mem\u00f3riany\u00edl\u00e1sba, \u00e9s \u00e9lvezheti a megn\u00f6velt mem\u00f3riakapacit\u00e1s el\u0151nyeit.<\/p>\n<p>Ez a mem\u00f3riamodul ide\u00e1lis v\u00e1laszt\u00e1s azoknak, akik asztali sz\u00e1m\u00edt\u00f3g\u00e9p\u00fck teljes\u00edtm\u00e9ny\u00e9t szeretn\u00e9k jav\u00edtani. Legyen sz\u00f3 profir\u00f3l, di\u00e1kr\u00f3l vagy alkalmi felhaszn\u00e1l\u00f3r\u00f3l, az elegend\u0151 mem\u00f3ria elengedhetetlen a z\u00f6kken\u0151mentes t\u00f6bbfeladatos munkav\u00e9gz\u00e9shez \u00e9s a hat\u00e9kony adatfeldolgoz\u00e1shoz. A Kingston Desktop KVR400X64C3A\/512 DDR mem\u00f3riamodullal k\u00f6nnyed\u00e9n futtathat ig\u00e9nyes alkalmaz\u00e1sokat, dolgozhat \u00f6sszetett f\u00e1jlokkal, \u00e9s k\u00f6nnyed\u00e9n kezelheti a mem\u00f3riaig\u00e9nyes feladatokat.<\/p>\n<p>A teljes\u00edtm\u00e9nyn\u00f6veked\u00e9s mellett a Kingston Desktop KVR400X64C3A\/512 DDR 512 MB mem\u00f3ri\u00e1t energiatakar\u00e9kosnak tervezt\u00e9k. Alacsonyabb fesz\u00fclts\u00e9ggel m\u0171k\u00f6dik, cs\u00f6kkenti az energiafogyaszt\u00e1st \u00e9s el\u0151seg\u00edti a k\u00f6rnyezetbar\u00e1tabb sz\u00e1m\u00edt\u00e1si k\u00f6rnyezet kialak\u00edt\u00e1s\u00e1t. Ha ebbe a mem\u00f3riamodulba fektet be, akkor nemcsak a jobb teljes\u00edtm\u00e9nyb\u0151l profit\u00e1l, hanem hozz\u00e1j\u00e1rul a k\u00f6rnyezet fenntarthat\u00f3s\u00e1g\u00e1hoz is.<\/p>\n<p>N\u00f6velje asztali sz\u00e1m\u00edt\u00f3g\u00e9pe mem\u00f3riakapacit\u00e1s\u00e1t a Kingston Desktop KVR400X64C3A\/512 DDR 512 MB mem\u00f3ri\u00e1val, amely okos v\u00e1laszt\u00e1s azok sz\u00e1m\u00e1ra, akik optimaliz\u00e1lni szeretn\u00e9k asztali sz\u00e1m\u00edt\u00f3g\u00e9p\u00fck k\u00e9pess\u00e9geit. Haszn\u00e1lja ki asztali sz\u00e1m\u00edt\u00f3g\u00e9p\u00e9nek teljes potenci\u00e1lj\u00e1t, \u00e9s \u00e9lvezze a megn\u00f6velt teljes\u00edtm\u00e9nyt minden sz\u00e1m\u00edt\u00e1stechnikai ig\u00e9ny\u00e9nek kiel\u00e9g\u00edt\u00e9s\u00e9re. B\u00edzzon ennek a Kingston mem\u00f3riamodulnak a megb\u00edzhat\u00f3s\u00e1g\u00e1ban \u00e9s min\u0151s\u00e9g\u00e9ben, hogy jav\u00edtsa a sz\u00e1m\u00edt\u00e1stechnikai \u00e9lm\u00e9nyt.<\/p>\n","protected":false},"excerpt":{"rendered":"<p>N\u00f6velje asztali sz\u00e1m\u00edt\u00f3g\u00e9pe teljes\u00edtm\u00e9ny\u00e9t a Kingston Desktop KVR400X64C3A\/512 DDR 512 MB mem\u00f3ri\u00e1val. Ez a megb\u00edzhat\u00f3 mem\u00f3riamodul gyorsabb adatfeldolgoz\u00e1st \u00e9s tov\u00e1bbfejlesztett t\u00f6bbfeladatos k\u00e9pess\u00e9get biztos\u00edt. N\u00f6velje asztali sz\u00e1m\u00edt\u00f3g\u00e9pe mem\u00f3riakapacit\u00e1s\u00e1t a nagyobb teljes\u00edtm\u00e9ny \u00e9s a g\u00f6rd\u00fcl\u00e9kenyebb sz\u00e1m\u00edt\u00e1stechnika \u00e9rdek\u00e9ben. A sokf\u00e9le asztali rendszerrel kompatibilis Kingston mem\u00f3riamodul kiv\u00e1l\u00f3 v\u00e1laszt\u00e1s asztali sz\u00e1m\u00edt\u00f3g\u00e9pe funkcionalit\u00e1s\u00e1nak optimaliz\u00e1l\u00e1s\u00e1hoz.<\/p>\n","protected":false},"featured_media":579,"template":"","meta":[],"product_brand":[],"product_cat":[36],"product_tag":[],"class_list":{"0":"post-534","1":"product","2":"type-product","3":"status-publish","4":"has-post-thumbnail","6":"product_cat-ram-memory","8":"first","9":"instock","10":"taxable","11":"shipping-taxable","12":"purchasable","13":"product-type-simple"},"_links":{"self":[{"href":"https:\/\/boreait.com\/hu\/wp-json\/wp\/v2\/product\/534","targetHints":{"allow":["GET"]}}],"collection":[{"href":"https:\/\/boreait.com\/hu\/wp-json\/wp\/v2\/product"}],"about":[{"href":"https:\/\/boreait.com\/hu\/wp-json\/wp\/v2\/types\/product"}],"wp:featuredmedia":[{"embeddable":true,"href":"https:\/\/boreait.com\/hu\/wp-json\/wp\/v2\/media\/579"}],"wp:attachment":[{"href":"https:\/\/boreait.com\/hu\/wp-json\/wp\/v2\/media?parent=534"}],"wp:term":[{"taxonomy":"product_brand","embeddable":true,"href":"https:\/\/boreait.com\/hu\/wp-json\/wp\/v2\/product_brand?post=534"},{"taxonomy":"product_cat","embeddable":true,"href":"https:\/\/boreait.com\/hu\/wp-json\/wp\/v2\/product_cat?post=534"},{"taxonomy":"product_tag","embeddable":true,"href":"https:\/\/boreait.com\/hu\/wp-json\/wp\/v2\/product_tag?post=534"}],"curies":[{"name":"wp","href":"https:\/\/api.w.org\/{rel}","templated":true}]}}