{"id":5338,"date":"2025-09-17T11:13:58","date_gmt":"2025-09-17T09:13:58","guid":{"rendered":"https:\/\/boreait.com\/hu\/?post_type=product&#038;p=5338"},"modified":"2026-01-19T07:59:10","modified_gmt":"2026-01-19T06:59:10","slug":"asus-lcd-elolap-13na-1ba0g01-13goa1bx0p04x-2x-eee-pc-1005hab-b-ca81-ca96-szamara","status":"publish","type":"product","link":"https:\/\/boreait.com\/hu\/termek\/asus-lcd-elolap-13na-1ba0g01-13goa1bx0p04x-2x-eee-pc-1005hab-b-ca81-ca96-szamara\/","title":{"rendered":"ASUS LCD el\u0151lap 13NA-1BA0G01 13GOA1BX0P04X-2X EEE PC 1005HAB (B) (CA81) (CA96) sz\u00e1m\u00e1ra"},"content":{"rendered":"<p>Alak\u00edtsa \u00e1t EEE PC 1005HAB eszt\u00e9tik\u00e1j\u00e1t az ASUS LCD el\u0151lappal (cikksz\u00e1m: 13NA-1BA0G01 13GOA1BX0P04X-2X). A prec\u00edzi\u00f3s kialak\u00edt\u00e1s\u00fa \u00e9s a kompatibilit\u00e1sra tervezett el\u0151lap ide\u00e1lis csere ahhoz, hogy laptopja meg\u00fajult \u00e9s pol\u00edrozott megjelen\u00e9st kapjon.<\/p>\n<p>EEE PC 1005HAB (B) (CA81)(CA96) kompatibilis ez az LCD-el\u0151lap, amely z\u00f6kken\u0151mentesen illeszkedik. Nemcsak biztons\u00e1gos h\u00e1zat biztos\u00edt a kijelz\u0151nek, hanem egy csipetnyi eleganci\u00e1t is k\u00f6lcs\u00f6n\u00f6z laptopj\u00e1nak. Legyen sz\u00f3 s\u00e9r\u00fclt el\u0151lap cser\u00e9j\u00e9r\u0151l, vagy egyszer\u0171en csak friss\u00edti az \u00faj megjelen\u00e9st, az ASUS LCD el\u0151lap min\u0151s\u00e9get \u00e9s st\u00edlust k\u00edn\u00e1l.<\/p>\n<p>F\u0151bb jellemz\u0151k:<\/p>\n<ul>\n<li>Alkatr\u00e9szsz\u00e1m: 13NA-1BA0G01 13GOA1BX0P04X-2X<\/li>\n<li>EEE PC 1005HAB (B) (CA81) (CA96) kompatibilis.<\/li>\n<li>Prec\u00edzi\u00f3s tervez\u00e9s a t\u00f6k\u00e9letes illeszked\u00e9s\u00e9rt<\/li>\n<li>Jav\u00edtja laptopja \u00e1ltal\u00e1nos megjelen\u00e9s\u00e9t<\/li>\n<\/ul>\n<p>K\u00e9rj\u00fck, vegye figyelembe, hogy a list\u00e1ban val\u00f3di term\u00e9kfot\u00f3k is szerepelnek, \u00edgy pontosan l\u00e1thatja, hogy mit fog kapni. Telep\u00edt\u00e9si \u00fatmutat\u00f3 nem tal\u00e1lhat\u00f3, de ha b\u00e1rmilyen k\u00e9rd\u00e9se van, vagy seg\u00edts\u00e9gre van sz\u00fcks\u00e9ge, forduljon bizalommal. N\u00f6velje EEE PC 1005HAB megjelen\u00e9s\u00e9t az ASUS LCD el\u0151lappal, \u00e9s \u00e9lvezze a funkcion\u00e1lis \u00e9s st\u00edlusos laptopot.<\/p>\n","protected":false},"excerpt":{"rendered":"<p>Fokozza EEE PC 1005HAB vizu\u00e1lis vonzerej\u00e9t az ASUS LCD 13NA-1BA0G01 13GOA1BX0P04X-2X LCD el\u0151lappal. Ez a prec\u00edzi\u00f3s \u00e9s kompatibilit\u00e1si szempontokra kialak\u00edtott el\u0151lap t\u00f6k\u00e9letes helyettes\u00edti laptopj\u00e1t, \u00e9s eleg\u00e1ns \u00e9s csiszolt megjelen\u00e9st biztos\u00edt. Az EEE PC 1005HAB (B) (CA81) (CA96) sz\u00e1m\u00e1ra tervezett el\u0151lap z\u00f6kken\u0151mentesen illeszkedik, friss \u00e9s st\u00edlusos megjelen\u00e9st k\u00f6lcs\u00f6n\u00f6zve laptopj\u00e1nak.<\/p>\n","protected":false},"featured_media":5394,"template":"","meta":[],"product_brand":[],"product_cat":[16],"product_tag":[30],"class_list":{"0":"post-5338","1":"product","2":"type-product","3":"status-publish","4":"has-post-thumbnail","6":"product_cat-laptop-housing","7":"product_tag-asus","9":"first","10":"instock","11":"taxable","12":"shipping-taxable","13":"purchasable","14":"product-type-simple"},"_links":{"self":[{"href":"https:\/\/boreait.com\/hu\/wp-json\/wp\/v2\/product\/5338","targetHints":{"allow":["GET"]}}],"collection":[{"href":"https:\/\/boreait.com\/hu\/wp-json\/wp\/v2\/product"}],"about":[{"href":"https:\/\/boreait.com\/hu\/wp-json\/wp\/v2\/types\/product"}],"wp:featuredmedia":[{"embeddable":true,"href":"https:\/\/boreait.com\/hu\/wp-json\/wp\/v2\/media\/5394"}],"wp:attachment":[{"href":"https:\/\/boreait.com\/hu\/wp-json\/wp\/v2\/media?parent=5338"}],"wp:term":[{"taxonomy":"product_brand","embeddable":true,"href":"https:\/\/boreait.com\/hu\/wp-json\/wp\/v2\/product_brand?post=5338"},{"taxonomy":"product_cat","embeddable":true,"href":"https:\/\/boreait.com\/hu\/wp-json\/wp\/v2\/product_cat?post=5338"},{"taxonomy":"product_tag","embeddable":true,"href":"https:\/\/boreait.com\/hu\/wp-json\/wp\/v2\/product_tag?post=5338"}],"curies":[{"name":"wp","href":"https:\/\/api.w.org\/{rel}","templated":true}]}}