{"id":5336,"date":"2025-09-17T11:13:58","date_gmt":"2025-09-17T09:13:58","guid":{"rendered":"https:\/\/boreait.com\/hu\/?post_type=product&#038;p=5336"},"modified":"2025-09-17T11:14:39","modified_gmt":"2025-09-17T09:14:39","slug":"eredeti-hp-elitebook-8570p-matt-fekete-alaphaz-641182-001","status":"publish","type":"product","link":"https:\/\/boreait.com\/hu\/termek\/eredeti-hp-elitebook-8570p-matt-fekete-alaphaz-641182-001\/","title":{"rendered":"Eredeti HP EliteBook 8570P matt fekete alaph\u00e1z 641182-001"},"content":{"rendered":"<p>N\u00f6velje HP EliteBook 8570P eszt\u00e9tik\u00e1j\u00e1t \u00e9s tart\u00f3ss\u00e1g\u00e1t az Eredeti HP EliteBook 8570P matt fekete alaph\u00e1zzal\u00a0 641182-001. Ez az autentikus h\u00e1z a szigor\u00fa szabv\u00e1nyok szerint k\u00e9sz\u00fclt, \u00e9s nem csak vizu\u00e1lis fejleszt\u00e9st biztos\u00edt, hanem meger\u0151s\u00edti laptopja szerkezeti integrit\u00e1s\u00e1t is.<\/p>\n<p>F\u0151bb jellemz\u0151k:<\/p>\n<ul>\n<li>Eredeti HP EliteBook 8570P matt fekete alaph\u00e1z<\/li>\n<li>Alkatr\u00e9szsz\u00e1m: 641182-001<\/li>\n<\/ul>\n<p>Ez a matt fekete alaph\u00e1z nemcsak kifinomultabb\u00e1 teszi laptopj\u00e1t, hanem megv\u00e9di a napi kop\u00e1st\u00f3l.<\/p>\n<p>K\u00e9rj\u00fck, vegye figyelembe, hogy ez az adatlap val\u00f3di f\u00e9nyk\u00e9peket tartalmaz az Eredeti HP EliteBook 8570P matt fekete alapv\u00e1zr\u00f3l\u00a0 641182-001. Telep\u00edt\u00e9si \u00fatmutat\u00f3 nem tal\u00e1lhat\u00f3, de ha k\u00e9rd\u00e9se van, vagy seg\u00edts\u00e9gre van sz\u00fcks\u00e9ge, nyugodtan \u00edrjon nek\u00fcnk.<\/p>\n<p>Emelje fel HP EliteBook 8570P megjelen\u00e9s\u00e9t \u00e9s tart\u00f3ss\u00e1g\u00e1t ezzel az eredeti matt fekete alaph\u00e1zzal. Friss\u00edtsen magabiztosan az Eredeti HP min\u0151s\u00e9g biztos\u00edt\u00e1s\u00e1val.<\/p>\n","protected":false},"excerpt":{"rendered":"<p>N\u00f6velje HP EliteBook 8570P tart\u00f3ss\u00e1g\u00e1t \u00e9s st\u00edlus\u00e1t ezzel az eredeti matt fekete alaph\u00e1zzal. Prec\u00edzen megalkotott, karcs\u00fa \u00e9s professzion\u00e1lis megjelen\u00e9st biztos\u00edt laptopj\u00e1nak. Eredeti HP min\u0151s\u00e9g a megb\u00edzhat\u00f3 friss\u00edt\u00e9s\u00e9rt.<\/p>\n","protected":false},"featured_media":5383,"template":"","meta":[],"product_brand":[],"product_cat":[16],"product_tag":[25],"class_list":{"0":"post-5336","1":"product","2":"type-product","3":"status-publish","4":"has-post-thumbnail","6":"product_cat-laptop-housing","7":"product_tag-hp","9":"first","10":"instock","11":"taxable","12":"shipping-taxable","13":"purchasable","14":"product-type-simple"},"_links":{"self":[{"href":"https:\/\/boreait.com\/hu\/wp-json\/wp\/v2\/product\/5336","targetHints":{"allow":["GET"]}}],"collection":[{"href":"https:\/\/boreait.com\/hu\/wp-json\/wp\/v2\/product"}],"about":[{"href":"https:\/\/boreait.com\/hu\/wp-json\/wp\/v2\/types\/product"}],"wp:featuredmedia":[{"embeddable":true,"href":"https:\/\/boreait.com\/hu\/wp-json\/wp\/v2\/media\/5383"}],"wp:attachment":[{"href":"https:\/\/boreait.com\/hu\/wp-json\/wp\/v2\/media?parent=5336"}],"wp:term":[{"taxonomy":"product_brand","embeddable":true,"href":"https:\/\/boreait.com\/hu\/wp-json\/wp\/v2\/product_brand?post=5336"},{"taxonomy":"product_cat","embeddable":true,"href":"https:\/\/boreait.com\/hu\/wp-json\/wp\/v2\/product_cat?post=5336"},{"taxonomy":"product_tag","embeddable":true,"href":"https:\/\/boreait.com\/hu\/wp-json\/wp\/v2\/product_tag?post=5336"}],"curies":[{"name":"wp","href":"https:\/\/api.w.org\/{rel}","templated":true}]}}