{"id":533,"date":"2025-09-17T09:27:43","date_gmt":"2025-09-17T07:27:43","guid":{"rendered":"https:\/\/boreait.com\/hu\/?post_type=product&#038;p=533"},"modified":"2026-01-07T09:43:57","modified_gmt":"2026-01-07T08:43:57","slug":"asztali-512mb-1rx8-pc2-4200u-444-11-a1-memoria-hys64t64000hu-3-7-a","status":"publish","type":"product","link":"https:\/\/boreait.com\/hu\/termek\/asztali-512mb-1rx8-pc2-4200u-444-11-a1-memoria-hys64t64000hu-3-7-a\/","title":{"rendered":"Asztali 512MB 1Rx8 PC2-4200U-444-11-A1 mem\u00f3ria HYS64T64000HU-3.7-A"},"content":{"rendered":"<p>N\u00f6velje asztali sz\u00e1m\u00edt\u00f3g\u00e9pe teljes\u00edtm\u00e9ny\u00e9t a HYS64T64000HU-3.7-A asztali 512 MB 1Rx8 PC2-4200U-444-11-A1 mem\u00f3ri\u00e1val. Ezt a megb\u00edzhat\u00f3 mem\u00f3riamodult \u00fagy tervezt\u00e9k, hogy gyorsabb adatfeldolgoz\u00e1si sebess\u00e9get \u00e9s tov\u00e1bbfejlesztett t\u00f6bbfeladatos k\u00e9pess\u00e9get biztos\u00edtson, sim\u00e1bb \u00e9s hat\u00e9konyabb sz\u00e1m\u00edt\u00e1si \u00e9lm\u00e9nyt biztos\u00edtva.<\/p>\n<p>Az 512 MB kapacit\u00e1s\u00fa \u00e9s a PC2-4200U-444-11-A1 specifik\u00e1ci\u00f3j\u00fa mem\u00f3riamodul b\u0151s\u00e9ges mem\u00f3riater\u00fcletet k\u00edn\u00e1l az adatok t\u00e1rol\u00e1s\u00e1ra \u00e9s el\u00e9r\u00e9s\u00e9re, mik\u00f6zben gyors\u00edtott adat\u00e1tviteli sebess\u00e9get biztos\u00edt. Ak\u00e1r t\u00f6bb alkalmaz\u00e1st futtat egyszerre, ak\u00e1r mem\u00f3riaig\u00e9nyes feladatokat v\u00e9gez, ez a modul z\u00f6kken\u0151mentes teljes\u00edtm\u00e9nyt \u00e9s fokozott v\u00e1laszk\u00e9szs\u00e9get garant\u00e1l.<\/p>\n<p>Az asztali 512 MB 1Rx8 PC2-4200U-444-11-A1 mem\u00f3ria HYS64T64000HU-3.7-A egy j\u00f3 h\u00edr\u0171 m\u00e1rka \u00e1ltal gy\u00e1rtott, amely a min\u0151s\u00e9g \u00e9s a megb\u00edzhat\u00f3s\u00e1g ir\u00e1nti elk\u00f6telezetts\u00e9g\u00e9r\u0151l ismert. Minden modul szigor\u00fa tesztel\u00e9sen esik \u00e1t, hogy megfeleljen az ipari szabv\u00e1nyoknak, biztos\u00edtva a stabilit\u00e1st \u00e9s a tart\u00f3ss\u00e1got a hossz\u00fa t\u00e1v\u00fa haszn\u00e1lathoz. B\u00edzhat ennek a mem\u00f3riamodulnak a megb\u00edzhat\u00f3s\u00e1g\u00e1ban, \u00edgy optimaliz\u00e1lhatja asztali sz\u00e1m\u00edt\u00f3g\u00e9pe teljes\u00edtm\u00e9ny\u00e9t \u00e9s jav\u00edthatja az \u00e1ltal\u00e1nos sz\u00e1m\u00edt\u00e1stechnikai \u00e9lm\u00e9nyt.<\/p>\n<p>Az asztali 512MB 1Rx8 PC2-4200U-444-11-A1 HYS64T64000HU-3.7-A mem\u00f3ria telep\u00edt\u00e9se egyszer\u0171 folyamat. A modult \u00fagy tervezt\u00e9k, hogy kompatibilis legyen sz\u00e1mos asztali rendszerrel, \u00edgy k\u00f6nnyen integr\u00e1lhat\u00f3 a megl\u00e9v\u0151 rendszerbe. Egyszer\u0171en helyezze be a mem\u00f3riamodult a megfelel\u0151 mem\u00f3riany\u00edl\u00e1sba, \u00e9s \u00e9lvezheti a megn\u00f6velt mem\u00f3riakapacit\u00e1s el\u0151nyeit.<\/p>\n<p>Ez a mem\u00f3riamodul ide\u00e1lis v\u00e1laszt\u00e1s azoknak, akik asztali sz\u00e1m\u00edt\u00f3g\u00e9p\u00fck teljes\u00edtm\u00e9ny\u00e9t szeretn\u00e9k jav\u00edtani. Legyen sz\u00f3 profir\u00f3l, di\u00e1kr\u00f3l vagy alkalmi felhaszn\u00e1l\u00f3r\u00f3l, az elegend\u0151 mem\u00f3ria elengedhetetlen a z\u00f6kken\u0151mentes t\u00f6bbfeladatos munkav\u00e9gz\u00e9shez \u00e9s a hat\u00e9kony adatfeldolgoz\u00e1shoz. A Desktop 512MB 1Rx8 PC2-4200U-444-11-A1 mem\u00f3riamodullal k\u00f6nnyed\u00e9n futtathat ig\u00e9nyes alkalmaz\u00e1sokat, dolgozhat \u00f6sszetett f\u00e1jlokkal, \u00e9s k\u00f6nnyed\u00e9n kezelheti a mem\u00f3riaig\u00e9nyes feladatokat.<\/p>\n<p>A teljes\u00edtm\u00e9nyn\u00f6veked\u00e9s mellett az asztali 512 MB 1Rx8 PC2-4200U-444-11-A1 HYS64T64000HU-3.7-A mem\u00f3ria energiahat\u00e9konyra lett tervezve. Alacsonyabb fesz\u00fclts\u00e9ggel m\u0171k\u00f6dik, cs\u00f6kkenti az energiafogyaszt\u00e1st \u00e9s hozz\u00e1j\u00e1rul a k\u00f6rnyezetbar\u00e1tabb sz\u00e1m\u00edt\u00e1si k\u00f6rnyezethez. Ha ebbe a mem\u00f3riamodulba fektet be, akkor nemcsak a megn\u00f6velt teljes\u00edtm\u00e9ny el\u0151nyeit \u00e9lvezheti, hanem a k\u00f6rnyezet fenntarthat\u00f3s\u00e1g\u00e1t is t\u00e1mogatja.<\/p>\n<p>N\u00f6velje asztali sz\u00e1m\u00edt\u00f3g\u00e9pe mem\u00f3riakapacit\u00e1s\u00e1t az asztali sz\u00e1m\u00edt\u00f3g\u00e9p 512 MB 1Rx8 PC2-4200U-444-11-A1 HYS64T64000HU-3.7-A mem\u00f3ri\u00e1j\u00e1val, amely okos v\u00e1laszt\u00e1s azok sz\u00e1m\u00e1ra, akik asztali sz\u00e1m\u00edt\u00f3g\u00e9p\u00fck k\u00e9pess\u00e9geit szeretn\u00e9k optimaliz\u00e1lni. Haszn\u00e1lja ki asztali sz\u00e1m\u00edt\u00f3g\u00e9p\u00e9nek teljes potenci\u00e1lj\u00e1t, \u00e9s \u00e9lvezze a megn\u00f6velt teljes\u00edtm\u00e9nyt minden sz\u00e1m\u00edt\u00e1stechnikai ig\u00e9ny\u00e9nek kiel\u00e9g\u00edt\u00e9s\u00e9re. B\u00edzzon ennek a mem\u00f3riamodulnak a megb\u00edzhat\u00f3s\u00e1g\u00e1ban \u00e9s min\u0151s\u00e9g\u00e9ben, hogy jav\u00edtsa a sz\u00e1m\u00edt\u00e1stechnikai \u00e9lm\u00e9nyt.<\/p>\n","protected":false},"excerpt":{"rendered":"<p>N\u00f6velje asztali sz\u00e1m\u00edt\u00f3g\u00e9pe teljes\u00edtm\u00e9ny\u00e9t a HYS64T64000HU-3.7-A asztali 512 MB 1Rx8 PC2-4200U-444-11-A1 mem\u00f3ri\u00e1val. Ez a megb\u00edzhat\u00f3 mem\u00f3riamodul gyorsabb adatfeldolgoz\u00e1st \u00e9s tov\u00e1bbfejlesztett t\u00f6bbfeladatos k\u00e9pess\u00e9get biztos\u00edt. N\u00f6velje az asztali sz\u00e1m\u00edt\u00f3g\u00e9p mem\u00f3riakapacit\u00e1s\u00e1t a g\u00f6rd\u00fcl\u00e9kenyebb teljes\u00edtm\u00e9ny \u00e9s a hat\u00e9kony sz\u00e1m\u00edt\u00e1stechnika \u00e9rdek\u00e9ben. A sz\u00e1mos asztali rendszerrel kompatibilis mem\u00f3riamodul kiv\u00e1l\u00f3 v\u00e1laszt\u00e1s asztali sz\u00e1m\u00edt\u00f3g\u00e9pe \u00e1ltal\u00e1nos funkcionalit\u00e1s\u00e1nak optimaliz\u00e1l\u00e1s\u00e1hoz.<\/p>\n","protected":false},"featured_media":578,"template":"","meta":[],"product_brand":[],"product_cat":[27],"product_tag":[],"class_list":{"0":"post-533","1":"product","2":"type-product","3":"status-publish","4":"has-post-thumbnail","6":"product_cat-motherboards-board-parts","8":"first","9":"instock","10":"taxable","11":"shipping-taxable","12":"purchasable","13":"product-type-simple"},"_links":{"self":[{"href":"https:\/\/boreait.com\/hu\/wp-json\/wp\/v2\/product\/533","targetHints":{"allow":["GET"]}}],"collection":[{"href":"https:\/\/boreait.com\/hu\/wp-json\/wp\/v2\/product"}],"about":[{"href":"https:\/\/boreait.com\/hu\/wp-json\/wp\/v2\/types\/product"}],"wp:featuredmedia":[{"embeddable":true,"href":"https:\/\/boreait.com\/hu\/wp-json\/wp\/v2\/media\/578"}],"wp:attachment":[{"href":"https:\/\/boreait.com\/hu\/wp-json\/wp\/v2\/media?parent=533"}],"wp:term":[{"taxonomy":"product_brand","embeddable":true,"href":"https:\/\/boreait.com\/hu\/wp-json\/wp\/v2\/product_brand?post=533"},{"taxonomy":"product_cat","embeddable":true,"href":"https:\/\/boreait.com\/hu\/wp-json\/wp\/v2\/product_cat?post=533"},{"taxonomy":"product_tag","embeddable":true,"href":"https:\/\/boreait.com\/hu\/wp-json\/wp\/v2\/product_tag?post=533"}],"curies":[{"name":"wp","href":"https:\/\/api.w.org\/{rel}","templated":true}]}}