{"id":532,"date":"2025-09-17T09:27:43","date_gmt":"2025-09-17T07:27:43","guid":{"rendered":"https:\/\/boreait.com\/hu\/?post_type=product&#038;p=532"},"modified":"2026-01-07T09:43:45","modified_gmt":"2026-01-07T08:43:45","slug":"2x-samsung-2-gb-ram-1rx8-pc3-10600u-9-10-a0-9-11-a1-m378b5773dh0-ch9-1149","status":"publish","type":"product","link":"https:\/\/boreait.com\/hu\/termek\/2x-samsung-2-gb-ram-1rx8-pc3-10600u-9-10-a0-9-11-a1-m378b5773dh0-ch9-1149\/","title":{"rendered":"2x Samsung 2 GB RAM 1RX8 PC3-10600U-9-10-A0-9-11-A1 M378B5773DH0-CH9 1149"},"content":{"rendered":"<p>N\u00f6velje asztali sz\u00e1m\u00edt\u00f3g\u00e9pe teljes\u00edtm\u00e9ny\u00e9t a 2x Samsung 2 GB RAM 1RX8 PC3-10600U-9-10-A0-9-11-A1 M378B5773DH0-CH9 1149 seg\u00edts\u00e9g\u00e9vel. Ezt a megb\u00edzhat\u00f3 RAM k\u00e9szletet \u00fagy tervezt\u00e9k, hogy fokozott t\u00f6bbfeladatos munkav\u00e9gz\u00e9st \u00e9s gyorsabb adatfeldolgoz\u00e1si \u00e9lm\u00e9nyt biztos\u00edtson.<\/p>\n<p>A 4 GB teljes kapacit\u00e1ssal (modulonk\u00e9nt 2 GB) \u00e9s a PC3-10600U-9-10-A0-9-11-A1 specifik\u00e1ci\u00f3val rendelkez\u0151 Samsung RAM k\u00e9szlet b\u0151s\u00e9ges mem\u00f3riater\u00fcletet k\u00edn\u00e1l az adatok t\u00e1rol\u00e1s\u00e1ra \u00e9s el\u00e9r\u00e9s\u00e9re, valamint gyors\u00edtott adat\u00e1tviteli sebess\u00e9get k\u00edn\u00e1l. Ak\u00e1r t\u00f6bb alkalmaz\u00e1st futtat egyszerre, ak\u00e1r mem\u00f3riaig\u00e9nyes feladatokat v\u00e9gez, ez a RAM-k\u00e9szlet z\u00f6kken\u0151mentes teljes\u00edtm\u00e9nyt \u00e9s fokozott v\u00e1laszk\u00e9szs\u00e9get garant\u00e1l.<\/p>\n<p>A mem\u00f3riatechnol\u00f3giai szak\u00e9rtelm\u00e9r\u0151l h\u00edres Samsung ezzel a RAM-k\u00e9szlettel bizony\u00edtja a min\u0151s\u00e9g \u00e9s a megb\u00edzhat\u00f3s\u00e1g ir\u00e1nti elk\u00f6telezetts\u00e9g\u00e9t. Minden modul szigor\u00fa tesztel\u00e9sen esik \u00e1t, hogy megfeleljen a szigor\u00fa ipari szabv\u00e1nyoknak, biztos\u00edtva a stabilit\u00e1st \u00e9s a tart\u00f3ss\u00e1got a hosszan tart\u00f3 haszn\u00e1lathoz. A Samsung seg\u00edts\u00e9g\u00e9vel olyan term\u00e9kre t\u00e1maszkodhat, amely optimaliz\u00e1lja asztali sz\u00e1m\u00edt\u00f3g\u00e9pe teljes\u00edtm\u00e9ny\u00e9t, \u00e9s jav\u00edtja az \u00e1ltal\u00e1nos sz\u00e1m\u00edt\u00e1stechnikai \u00e9lm\u00e9nyt.<\/p>\n<p>A 2x Samsung 2 GB RAM 1RX8 PC3-10600U-9-10-A0-9-11-A1 M378B5773DH0-CH9 1149 telep\u00edt\u00e9se egyszer\u0171 folyamat. A k\u00e9szletet \u00fagy tervezt\u00e9k, hogy kompatibilis legyen az asztali rendszerek sz\u00e9les sk\u00e1l\u00e1j\u00e1val, \u00edgy probl\u00e9mamentesen integr\u00e1lhat\u00f3 a megl\u00e9v\u0151 rendszerbe. Egyszer\u0171en helyezze be a RAM-modulokat a megfelel\u0151 mem\u00f3riahelyekbe, \u00e9s \u00e9lvezheti a megn\u00f6velt mem\u00f3riakapacit\u00e1s el\u0151nyeit.<\/p>\n<p>Ez a RAM k\u00e9szlet ide\u00e1lis v\u00e1laszt\u00e1s azoknak, akik asztali sz\u00e1m\u00edt\u00f3g\u00e9p\u00fck teljes\u00edtm\u00e9ny\u00e9t szeretn\u00e9k jav\u00edtani. Legyen sz\u00f3 profir\u00f3l, tanul\u00f3r\u00f3l vagy mindennapi felhaszn\u00e1l\u00f3r\u00f3l, az elegend\u0151 mem\u00f3ria elengedhetetlen a z\u00f6kken\u0151mentes t\u00f6bbfeladatos munkav\u00e9gz\u00e9shez \u00e9s a hat\u00e9kony adatfeldolgoz\u00e1shoz. A 2x Samsung 2 GB RAM k\u00e9szlettel k\u00f6nnyed\u00e9n futtathat ig\u00e9nyes alkalmaz\u00e1sokat, r\u00e9szt vehet a vide\u00f3szerkeszt\u00e9sben, nagy f\u00e1jlokkal dolgozhat, \u00e9s k\u00f6nnyed\u00e9n kezelheti az \u00f6sszetett feladatokat.<\/p>\n<p>Ez a RAM k\u00e9szlet nemcsak a teljes\u00edtm\u00e9nyt jav\u00edtja, hanem az energiahat\u00e9konys\u00e1ghoz is hozz\u00e1j\u00e1rul. A Samsung 2x 2 GB RAM alacsonyabb fesz\u00fclts\u00e9gen m\u0171k\u00f6dik, cs\u00f6kkentve az energiafogyaszt\u00e1st \u00e9s el\u0151seg\u00edtve a k\u00f6rnyezetbar\u00e1tabb sz\u00e1m\u00edt\u00e1si k\u00f6rnyezetet. Ha ebbe a RAM k\u00e9szletbe fektet be, jobb teljes\u00edtm\u00e9nyt tapasztalhat, mik\u00f6zben \u00fcgyel az energiafelhaszn\u00e1l\u00e1sra.<\/p>\n<p>N\u00f6velje asztali sz\u00e1m\u00edt\u00f3g\u00e9pe mem\u00f3riakapacit\u00e1s\u00e1t a 2x Samsung 1RX8 PC3-10600U-9-10-A0-9-11-A1 M378B5773DH0-CH9 1149 RAM-mal, amely okos v\u00e1laszt\u00e1s azok sz\u00e1m\u00e1ra, akik optimaliz\u00e1lni szeretn\u00e9k asztali sz\u00e1m\u00edt\u00f3g\u00e9p\u00fck k\u00e9pess\u00e9geit. Haszn\u00e1lja ki asztali sz\u00e1m\u00edt\u00f3g\u00e9p\u00e9nek teljes potenci\u00e1lj\u00e1t, \u00e9s \u00e9lvezze a megn\u00f6velt teljes\u00edtm\u00e9nyt minden sz\u00e1m\u00edt\u00e1stechnikai ig\u00e9ny\u00e9nek kiel\u00e9g\u00edt\u00e9s\u00e9re. B\u00edzzon a Samsung h\u00edrnev\u00e9ben a min\u0151s\u00e9g \u00e9s a megb\u00edzhat\u00f3s\u00e1g ter\u00e9n, \u00e9s legyen tan\u00faja a k\u00fcl\u00f6nbs\u00e9gnek, amelyet a kieg\u00e9sz\u00edt\u0151 mem\u00f3ria k\u00e9pes tenni a napi feladatai sor\u00e1n.<\/p>\n","protected":false},"excerpt":{"rendered":"<p>N\u00f6velje asztali sz\u00e1m\u00edt\u00f3g\u00e9pe teljes\u00edtm\u00e9ny\u00e9t a 2x Samsung 2 GB RAM 1RX8 PC3-10600U-9-10-A0-9-11-A1 M378B5773DH0-CH9 1149 seg\u00edts\u00e9g\u00e9vel. Ez a megb\u00edzhat\u00f3 RAM k\u00e9szlet z\u00f6kken\u0151mentes t\u00f6bbfeladatos munkav\u00e9gz\u00e9st \u00e9s gyorsabb adatfeldolgoz\u00e1st biztos\u00edt. N\u00f6velje asztali sz\u00e1m\u00edt\u00f3g\u00e9pe mem\u00f3riakapacit\u00e1s\u00e1t, \u00e9s \u00e9lvezze a jobb v\u00e1laszk\u00e9szs\u00e9get minden sz\u00e1m\u00edt\u00e1si ig\u00e9ny\u00e9nek kiel\u00e9g\u00edt\u00e9s\u00e9re. A sokf\u00e9le asztali sz\u00e1m\u00edt\u00f3g\u00e9ppel kompatibilis Samsung RAM k\u00e9szlet kiv\u00e1l\u00f3 v\u00e1laszt\u00e1s asztali sz\u00e1m\u00edt\u00f3g\u00e9pe \u00e1ltal\u00e1nos teljes\u00edtm\u00e9ny\u00e9nek fokoz\u00e1s\u00e1ra.<\/p>\n","protected":false},"featured_media":577,"template":"","meta":[],"product_brand":[],"product_cat":[27],"product_tag":[],"class_list":{"0":"post-532","1":"product","2":"type-product","3":"status-publish","4":"has-post-thumbnail","6":"product_cat-motherboards-board-parts","8":"first","9":"instock","10":"taxable","11":"shipping-taxable","12":"purchasable","13":"product-type-simple"},"_links":{"self":[{"href":"https:\/\/boreait.com\/hu\/wp-json\/wp\/v2\/product\/532","targetHints":{"allow":["GET"]}}],"collection":[{"href":"https:\/\/boreait.com\/hu\/wp-json\/wp\/v2\/product"}],"about":[{"href":"https:\/\/boreait.com\/hu\/wp-json\/wp\/v2\/types\/product"}],"wp:featuredmedia":[{"embeddable":true,"href":"https:\/\/boreait.com\/hu\/wp-json\/wp\/v2\/media\/577"}],"wp:attachment":[{"href":"https:\/\/boreait.com\/hu\/wp-json\/wp\/v2\/media?parent=532"}],"wp:term":[{"taxonomy":"product_brand","embeddable":true,"href":"https:\/\/boreait.com\/hu\/wp-json\/wp\/v2\/product_brand?post=532"},{"taxonomy":"product_cat","embeddable":true,"href":"https:\/\/boreait.com\/hu\/wp-json\/wp\/v2\/product_cat?post=532"},{"taxonomy":"product_tag","embeddable":true,"href":"https:\/\/boreait.com\/hu\/wp-json\/wp\/v2\/product_tag?post=532"}],"curies":[{"name":"wp","href":"https:\/\/api.w.org\/{rel}","templated":true}]}}