{"id":5314,"date":"2025-09-17T11:13:35","date_gmt":"2025-09-17T09:13:35","guid":{"rendered":"https:\/\/boreait.com\/hu\/?post_type=product&#038;p=5314"},"modified":"2025-09-17T11:14:14","modified_gmt":"2025-09-17T09:14:14","slug":"lenovo-g70-80-usb-audio-sd-kartya-ns-a671-kabellel-eredeti-cserealkatresz","status":"publish","type":"product","link":"https:\/\/boreait.com\/hu\/termek\/lenovo-g70-80-usb-audio-sd-kartya-ns-a671-kabellel-eredeti-cserealkatresz\/","title":{"rendered":"Lenovo G70-80 USB audio SD k\u00e1rtya NS-A671 k\u00e1bellel \u2013 Eredeti cserealkatr\u00e9sz"},"content":{"rendered":"<p>Revitaliz\u00e1lja Lenovo G70-80 laptopj\u00e1t az eredeti cserealkatr\u00e9szrel &#8211; USB Audio SD k\u00e1rtya NS-A671 k\u00e1bellel. Ezt a k\u00e1belt \u00fagy tervezt\u00e9k, hogy megb\u00edzhat\u00f3 csatlakoz\u00e1st biztos\u00edtson USB-perif\u00e9ri\u00e1khoz, audioeszk\u00f6z\u00f6kh\u00f6z \u00e9s SD-k\u00e1rtyaolvas\u00f3hoz, vissza\u00e1ll\u00edtva a laptop alapvet\u0151 funkci\u00f3it.<\/p>\n<p>F\u0151bb jellemz\u0151k:<\/p>\n<ul>\n<li>Eredeti Lenovo cserealkatr\u00e9sz<\/li>\n<li>Kompatibilit\u00e1s: Lenovo G70-80<\/li>\n<li>USB- \u00e9s audiocsatlakoz\u00f3kat tartalmaz<\/li>\n<li>Integr\u00e1lt SD-k\u00e1rtyaolvas\u00f3 (Secure Digital)<\/li>\n<li>Modell: NS-A671<\/li>\n<\/ul>\n<p>Ez a cserek\u00e1bel biztos\u00edtja, hogy laptopja meg\u0151rizze eredeti m\u0171k\u00f6d\u00e9s\u00e9t. Ak\u00e1r megs\u00e9r\u00fclt a jelenlegi k\u00e1bele, ak\u00e1r friss\u00edt\u00e9st szeretne, az NS-A671 k\u00e1bellel ell\u00e1tott USB Audio SD k\u00e1rtya az ide\u00e1lis megold\u00e1s. \u00c9lvezze az USB-eszk\u00f6z\u00f6k, audio-perif\u00e9ri\u00e1k csatlakoztat\u00e1s\u00e1nak k\u00e9nyelm\u00e9t \u00e9s az adatok egyszer\u0171 \u00e1tvitel\u00e9t a be\u00e9p\u00edtett SD-k\u00e1rtyaolvas\u00f3val.<\/p>\n<p>K\u00e9rj\u00fck, vegye figyelembe, hogy ezen a list\u00e1n a Lenovo G70-80 USB audio SD k\u00e1rtya NS-A671 k\u00e1bellel val\u00f3s f\u00e9nyk\u00e9pei tal\u00e1lhat\u00f3k. Telep\u00edt\u00e9si \u00fatmutat\u00f3 nincs megadva, de ha k\u00e9rd\u00e9se van, vagy tov\u00e1bbi seg\u00edts\u00e9gre van sz\u00fcks\u00e9ge, forduljon hozz\u00e1nk bizalommal. \u00c1ll\u00edtsa vissza laptopja k\u00e9pess\u00e9geit ezzel az eredeti Lenovo cserealkatr\u00e9szrel, \u00e9s tapasztalja meg a tov\u00e1bbfejlesztett csatlakoztathat\u00f3s\u00e1got.<\/p>\n","protected":false},"excerpt":{"rendered":"<p>B\u0151v\u00edtse Lenovo G70-80 laptopj\u00e1t az eredeti cserealkatr\u00e9szrel &#8211; USB Audio SD k\u00e1rtya NS-A671 k\u00e1bellel. Ez az \u00f6sszetev\u0151 z\u00f6kken\u0151mentes csatlakoz\u00e1st biztos\u00edt az USB-eszk\u00f6z\u00f6k \u00e9s audio-perif\u00e9ri\u00e1k sz\u00e1m\u00e1ra, valamint egy SD-k\u00e1rtya-olvas\u00f3t a nagyobb k\u00e9nyelem \u00e9rdek\u00e9ben. \u00c1ll\u00edtsa vissza laptopja funkcionalit\u00e1s\u00e1t ezzel a megb\u00edzhat\u00f3 \u00e9s eredeti Lenovo-k\u00e1bellel.<\/p>\n","protected":false},"featured_media":5355,"template":"","meta":[],"product_brand":[],"product_cat":[27],"product_tag":[26],"class_list":{"0":"post-5314","1":"product","2":"type-product","3":"status-publish","4":"has-post-thumbnail","6":"product_cat-motherboards-board-parts","7":"product_tag-lenovo","9":"first","10":"instock","11":"taxable","12":"shipping-taxable","13":"purchasable","14":"product-type-simple"},"_links":{"self":[{"href":"https:\/\/boreait.com\/hu\/wp-json\/wp\/v2\/product\/5314","targetHints":{"allow":["GET"]}}],"collection":[{"href":"https:\/\/boreait.com\/hu\/wp-json\/wp\/v2\/product"}],"about":[{"href":"https:\/\/boreait.com\/hu\/wp-json\/wp\/v2\/types\/product"}],"wp:featuredmedia":[{"embeddable":true,"href":"https:\/\/boreait.com\/hu\/wp-json\/wp\/v2\/media\/5355"}],"wp:attachment":[{"href":"https:\/\/boreait.com\/hu\/wp-json\/wp\/v2\/media?parent=5314"}],"wp:term":[{"taxonomy":"product_brand","embeddable":true,"href":"https:\/\/boreait.com\/hu\/wp-json\/wp\/v2\/product_brand?post=5314"},{"taxonomy":"product_cat","embeddable":true,"href":"https:\/\/boreait.com\/hu\/wp-json\/wp\/v2\/product_cat?post=5314"},{"taxonomy":"product_tag","embeddable":true,"href":"https:\/\/boreait.com\/hu\/wp-json\/wp\/v2\/product_tag?post=5314"}],"curies":[{"name":"wp","href":"https:\/\/api.w.org\/{rel}","templated":true}]}}