{"id":5310,"date":"2025-09-17T11:13:34","date_gmt":"2025-09-17T09:13:34","guid":{"rendered":"https:\/\/boreait.com\/hu\/?post_type=product&#038;p=5310"},"modified":"2025-09-17T11:14:08","modified_gmt":"2025-09-17T09:14:08","slug":"dell-latitude-e7470-erintopad-gombos-egertabla-a151e1-cn-a151e1-kabel","status":"publish","type":"product","link":"https:\/\/boreait.com\/hu\/termek\/dell-latitude-e7470-erintopad-gombos-egertabla-a151e1-cn-a151e1-kabel\/","title":{"rendered":"Dell Latitude E7470 \u00e9rint\u0151pad gombos eg\u00e9rt\u00e1bla + A151E1 CN-A151E1 k\u00e1bel"},"content":{"rendered":"<p>Revitaliz\u00e1lja a Dell Latitude E7470 \u00e9rint\u0151pad funkci\u00f3it az \u00e9rint\u0151pad gombos eg\u00e9rk\u00e1rty\u00e1val + A151E1 CN-A151E1 k\u00e1bellel. Ezt az eredeti Dell cserealkatr\u00e9szt \u00fagy tervezt\u00e9k, hogy pontos navig\u00e1ci\u00f3t \u00e9s reakci\u00f3k\u00e9szs\u00e9get biztos\u00edtson, biztos\u00edtva ezzel, hogy laptopja a lehet\u0151 legjobban m\u0171k\u00f6dj\u00f6n.<\/p>\n<p>F\u0151bb jellemz\u0151k:<\/p>\n<ul>\n<li>Kompatibilis a Dell Latitude E7470-el<\/li>\n<li>Eredeti Dell cserealkatr\u00e9sz<\/li>\n<li>\u00c9rint\u0151pad gombos eg\u00e9rk\u00e1rtya + k\u00e1bel mell\u00e9kelve<\/li>\n<\/ul>\n<p>Ak\u00e1r az \u00e9rint\u0151paddal kapcsolatos probl\u00e9m\u00e1kat tapasztal, ak\u00e1r friss\u00edteni szeretn\u00e9 laptopj\u00e1t, ez az \u00f6sszetev\u0151 megb\u00edzhat\u00f3 megold\u00e1st k\u00edn\u00e1l. Tartozik hozz\u00e1 a sz\u00fcks\u00e9ges k\u00e1bel az egyszer\u0171 telep\u00edt\u00e9shez, \u00edgy a csere folyamata probl\u00e9mamentes.<\/p>\n<p>K\u00e9rj\u00fck, vegye figyelembe, hogy ez a lista val\u00f3di f\u00e9nyk\u00e9peket tartalmaz a Dell Latitude E7470 \u00e9rint\u0151pad gombos eg\u00e9r k\u00e1rty\u00e1j\u00e1r\u00f3l + A151E1 CN-A151E1 k\u00e1belr\u0151l, \u00e9s nem tartalmaz telep\u00edt\u00e9si utas\u00edt\u00e1st. Ha b\u00e1rmilyen k\u00e9rd\u00e9se van, vagy tov\u00e1bbi seg\u00edts\u00e9gre van sz\u00fcks\u00e9ge, forduljon bizalommal. Ezzel az eredeti Dell cserealkatr\u00e9szrel \u00e1ll\u00edtsa vissza Dell Latitude E7470 \u00e9rint\u0151padj\u00e1t az optim\u00e1lis teljes\u00edtm\u00e9nyre.<\/p>\n","protected":false},"excerpt":{"rendered":"<p>N\u00f6velje Dell Latitude E7470 haszn\u00e1lhat\u00f3s\u00e1g\u00e1t az \u00e9rint\u0151pad gombos eg\u00e9rlappal + A151E1 CN-A151E1 k\u00e1bellel. Ez az eredeti Dell cserealkatr\u00e9sz pontos navig\u00e1ci\u00f3t \u00e9s reakci\u00f3k\u00e9szs\u00e9get biztos\u00edt, vissza\u00e1ll\u00edtva laptopja \u00e9rint\u0151padj\u00e1nak m\u0171k\u00f6d\u00e9s\u00e9t. B\u00edzzon a Dell \u00f6sszetev\u0151inek min\u0151s\u00e9g\u00e9ben a z\u00f6kken\u0151mentes sz\u00e1m\u00edt\u00e1stechnikai \u00e9lm\u00e9ny \u00e9rdek\u00e9ben.<\/p>\n","protected":false},"featured_media":5348,"template":"","meta":[],"product_brand":[],"product_cat":[42],"product_tag":[17],"class_list":{"0":"post-5310","1":"product","2":"type-product","3":"status-publish","4":"has-post-thumbnail","6":"product_cat-laptop-touchpads","7":"product_tag-dell","9":"first","10":"instock","11":"taxable","12":"shipping-taxable","13":"purchasable","14":"product-type-simple"},"_links":{"self":[{"href":"https:\/\/boreait.com\/hu\/wp-json\/wp\/v2\/product\/5310","targetHints":{"allow":["GET"]}}],"collection":[{"href":"https:\/\/boreait.com\/hu\/wp-json\/wp\/v2\/product"}],"about":[{"href":"https:\/\/boreait.com\/hu\/wp-json\/wp\/v2\/types\/product"}],"wp:featuredmedia":[{"embeddable":true,"href":"https:\/\/boreait.com\/hu\/wp-json\/wp\/v2\/media\/5348"}],"wp:attachment":[{"href":"https:\/\/boreait.com\/hu\/wp-json\/wp\/v2\/media?parent=5310"}],"wp:term":[{"taxonomy":"product_brand","embeddable":true,"href":"https:\/\/boreait.com\/hu\/wp-json\/wp\/v2\/product_brand?post=5310"},{"taxonomy":"product_cat","embeddable":true,"href":"https:\/\/boreait.com\/hu\/wp-json\/wp\/v2\/product_cat?post=5310"},{"taxonomy":"product_tag","embeddable":true,"href":"https:\/\/boreait.com\/hu\/wp-json\/wp\/v2\/product_tag?post=5310"}],"curies":[{"name":"wp","href":"https:\/\/api.w.org\/{rel}","templated":true}]}}