{"id":531,"date":"2025-09-17T09:27:43","date_gmt":"2025-09-17T07:27:43","guid":{"rendered":"https:\/\/boreait.com\/hu\/?post_type=product&#038;p=531"},"modified":"2025-09-17T09:28:22","modified_gmt":"2025-09-17T07:28:22","slug":"pk23000zx00-acer-hangszoro-aspire-5-a515-43-r19l-n19c3-eh17","status":"publish","type":"product","link":"https:\/\/boreait.com\/hu\/termek\/pk23000zx00-acer-hangszoro-aspire-5-a515-43-r19l-n19c3-eh17\/","title":{"rendered":"PK23000ZX00 ACER HANGSZ\u00d3R\u00d3 ASPIRE 5 A515-43-R19L N19C3 (EH17)"},"content":{"rendered":"<p>Bemutatjuk a PK23000ZX00 ACER SPEAKER-t, egy kiv\u00e1l\u00f3 be\u00e9p\u00edtett audiomegold\u00e1st, amelyet kifejezetten az ASPIRE 5 A515-43-R19L N19C3 (EH17) sorozathoz terveztek. Keltse \u00e9letre multim\u00e9di\u00e1s tartalmait tov\u00e1bbfejlesztett hangmin\u0151s\u00e9ggel, amely tiszta, gazdag \u00e9s mag\u00e1val ragad\u00f3 hangot biztos\u00edt.<\/p>\n<p>Ak\u00e1r kedvenc zen\u00e9it hallgatja, online vide\u00f3kat streamel, konferenciah\u00edv\u00e1sokban vesz r\u00e9szt, vagy j\u00e1tszik, ez a hangsz\u00f3r\u00f3 leny\u0171g\u00f6z\u0151 hang\u00e9lm\u00e9nyt \u00edg\u00e9r. A k\u00e9sz\u00fcl\u00e9ket apr\u00f3l\u00e9kosan \u00fagy alak\u00edtott\u00e1k ki, hogy teljesen kompatibilis legyen az ACER ASPIRE 5 A515-43-R19L N19C3 (EH17) k\u00e9sz\u00fcl\u00e9kkel, t\u00f6k\u00e9letes integr\u00e1ci\u00f3t \u00e9s maxim\u00e1lis hangteljes\u00edtm\u00e9nyt biztos\u00edtva.<\/p>\n<p>A PK23000ZX00 cikksz\u00e1mmal biztos lehet benne, hogy kompatibilis \u00e9s kiv\u00e1l\u00f3 teljes\u00edtm\u00e9nyt ny\u00fajt az \u00d6n konkr\u00e9t laptopmodellj\u00e9vel. Ez a hangsz\u00f3r\u00f3 kiegyens\u00falyozott hangkimenetet biztos\u00edt tiszta magas hangokkal, szil\u00e1rd k\u00f6z\u00e9ptartom\u00e1ny\u00fa hangokkal \u00e9s gazdag basszussal a kiv\u00e1l\u00f3 min\u0151s\u00e9g\u0171 hangmeghajt\u00f3nak k\u00f6sz\u00f6nhet\u0151en. Minden hangot \u00e9s hangot kiv\u00e1l\u00f3 tisztas\u00e1ggal adunk \u00e1t, jav\u00edtva az \u00e1ltal\u00e1nos hang\u00e9lm\u00e9nyt.<\/p>\n<p>A tart\u00f3ss\u00e1g kulcsfontoss\u00e1g\u00fa jellemz\u0151je ezeknek a hangsz\u00f3r\u00f3knak, amelyek pr\u00e9mium alkatr\u00e9szekkel k\u00e9sz\u00fcltek a hossz\u00fa \u00e9lettartam \u00e9rdek\u00e9ben. A telep\u00edt\u00e9si folyamat felhaszn\u00e1l\u00f3bar\u00e1t, \u00e9s nem ig\u00e9nyel speci\u00e1lis ismereteket vagy szakmai seg\u00edts\u00e9get. K\u00f6nnyed\u00e9n kicser\u00e9lheti jelenlegi hangsz\u00f3r\u00f3it, \u00faj \u00e9letet lehelve laptopja hangteljes\u00edtm\u00e9ny\u00e9be.<\/p>\n<p>V\u00e1s\u00e1rl\u00e1s el\u0151tt javasoljuk, hogy ellen\u0151rizze laptopja modellj\u00e9t \u00e9s a hangsz\u00f3r\u00f3 cikksz\u00e1m\u00e1t a kompatibilit\u00e1s \u00e9rdek\u00e9ben. \u00dcgyf\u00e9lszolg\u00e1lati csapatunk k\u00e9szenl\u00e9tben \u00e1ll, hogy seg\u00edtsen b\u00e1rmilyen k\u00e9rd\u00e9sben vagy tov\u00e1bbi inform\u00e1ci\u00f3kkal szolg\u00e1ljon. B\u00fcszk\u00e9k vagyunk Eur\u00f3pa-szerte gyors sz\u00e1ll\u00edt\u00e1si szolg\u00e1ltat\u00e1sunkra, amely kiv\u00e1l\u00f3 min\u0151s\u00e9g\u0171 laptop alkatr\u00e9szeket sz\u00e1ll\u00edt k\u00f6zvetlen\u00fcl az \u00d6n k\u00fcsz\u00f6b\u00e9re.<\/p>\n<p>Friss\u00edtse laptopja audiok\u00e9pess\u00e9g\u00e9t az ASPIRE 5 A515-43-R19L N19C3 (EH17) PK23000ZX00 ACER HANGSZ\u00d3R\u00d3VAL. Mer\u00fclj\u00f6n el a mag\u00e1val ragad\u00f3 hang\u00e9lm\u00e9nyben, \u00e9s fokozza multim\u00e9di\u00e1s elk\u00f6telez\u0151d\u00e9s\u00e9t ezzel a cs\u00facskateg\u00f3ri\u00e1s laptop hangsz\u00f3r\u00f3val.<\/p>\n","protected":false},"excerpt":{"rendered":"<p>Mer\u00fclj\u00f6n el a kiv\u00e1l\u00f3 min\u0151s\u00e9g\u0171 hangz\u00e1sban a PK23000ZX00 ACER HANGSZ\u00d3R\u00d3VAL, amelyet kifejezetten az ASPIRE 5 A515-43-R19L N19C3 (EH17) sz\u00e1m\u00e1ra terveztek. Tapasztalja meg a kiv\u00e1l\u00f3 hangh\u0171s\u00e9get ezekkel a szem\u00e9lyre szabott laptop hangsz\u00f3r\u00f3kkal.<\/p>\n","protected":false},"featured_media":576,"template":"","meta":[],"product_brand":[],"product_cat":[18],"product_tag":[17],"class_list":{"0":"post-531","1":"product","2":"type-product","3":"status-publish","4":"has-post-thumbnail","6":"product_cat-laptop-speakers","7":"product_tag-dell","9":"first","10":"instock","11":"taxable","12":"shipping-taxable","13":"purchasable","14":"product-type-simple"},"_links":{"self":[{"href":"https:\/\/boreait.com\/hu\/wp-json\/wp\/v2\/product\/531","targetHints":{"allow":["GET"]}}],"collection":[{"href":"https:\/\/boreait.com\/hu\/wp-json\/wp\/v2\/product"}],"about":[{"href":"https:\/\/boreait.com\/hu\/wp-json\/wp\/v2\/types\/product"}],"wp:featuredmedia":[{"embeddable":true,"href":"https:\/\/boreait.com\/hu\/wp-json\/wp\/v2\/media\/576"}],"wp:attachment":[{"href":"https:\/\/boreait.com\/hu\/wp-json\/wp\/v2\/media?parent=531"}],"wp:term":[{"taxonomy":"product_brand","embeddable":true,"href":"https:\/\/boreait.com\/hu\/wp-json\/wp\/v2\/product_brand?post=531"},{"taxonomy":"product_cat","embeddable":true,"href":"https:\/\/boreait.com\/hu\/wp-json\/wp\/v2\/product_cat?post=531"},{"taxonomy":"product_tag","embeddable":true,"href":"https:\/\/boreait.com\/hu\/wp-json\/wp\/v2\/product_tag?post=531"}],"curies":[{"name":"wp","href":"https:\/\/api.w.org\/{rel}","templated":true}]}}