{"id":5294,"date":"2025-09-17T11:13:09","date_gmt":"2025-09-17T09:13:09","guid":{"rendered":"https:\/\/boreait.com\/hu\/?post_type=product&#038;p=5294"},"modified":"2025-09-17T11:13:59","modified_gmt":"2025-09-17T09:13:59","slug":"lenovo-thinkpad-x1-carbon-1-generacios-wlan-terkep-wifi-kartya-04w3769","status":"publish","type":"product","link":"https:\/\/boreait.com\/hu\/termek\/lenovo-thinkpad-x1-carbon-1-generacios-wlan-terkep-wifi-kartya-04w3769\/","title":{"rendered":"Lenovo THINKPAD X1 Carbon 1. gener\u00e1ci\u00f3s WLAN t\u00e9rk\u00e9p Wifi k\u00e1rtya 04W3769"},"content":{"rendered":"<p>N\u00f6velje Lenovo THINKPAD X1 Carbon 1st Gen vezet\u00e9k n\u00e9lk\u00fcli teljes\u00edtm\u00e9ny\u00e9t az eredeti Lenovo WLAN Map Wifi Card 04W3769 seg\u00edts\u00e9g\u00e9vel. Ez a wifi k\u00e1rtya k\u00f6zvetlen\u00fcl helyettes\u00edti a megl\u00e9v\u0151 k\u00e1rty\u00e1t, biztos\u00edtva a kompatibilit\u00e1st \u00e9s a megb\u00edzhat\u00f3 csatlakoz\u00e1st.<\/p>\n<p>F\u0151bb jellemz\u0151k:<\/p>\n<ul>\n<li>Eredeti Lenovo term\u00e9k<\/li>\n<li>T\u00edpus: 04W3769<\/li>\n<li>Kompatibilit\u00e1s: Lenovo THINKPAD X1 Carbon 1. gener\u00e1ci\u00f3<\/li>\n<li>Jav\u00edtja a vezet\u00e9k n\u00e9lk\u00fcli kapcsolatot<\/li>\n<li>Megb\u00edzhat\u00f3 \u00e9s stabil teljes\u00edtm\u00e9ny<\/li>\n<\/ul>\n<p>Ak\u00e1r hib\u00e1s wifi-k\u00e1rty\u00e1t cser\u00e9l, ak\u00e1r a gyorsabb vezet\u00e9k n\u00e9lk\u00fcli sebess\u00e9g \u00e9rdek\u00e9ben friss\u00edt, a 04W3769 WLAN Map Wifi Card a t\u00f6k\u00e9letes v\u00e1laszt\u00e1s. \u00dagy tervezt\u00e9k, hogy z\u00f6kken\u0151mentesen integr\u00e1l\u00f3djon a Lenovo THINKPAD X1 Carbon 1st Gen-be, \u00e9s probl\u00e9mamentes telep\u00edt\u00e9si folyamatot biztos\u00edt.<\/p>\n<p>K\u00e9rj\u00fck, vegye figyelembe, hogy ez a lista hiteles term\u00e9kk\u00e9peket tartalmaz, \u00e9s nem tartalmaz telep\u00edt\u00e9si utas\u00edt\u00e1st. Ha b\u00e1rmilyen k\u00e9rd\u00e9se van, vagy seg\u00edts\u00e9gre van sz\u00fcks\u00e9ge, forduljon bizalommal. B\u0151v\u00edtse laptopja vezet\u00e9k n\u00e9lk\u00fcli k\u00e9pess\u00e9geit a Lenovo WLAN Map Wifi Card 04W3769 seg\u00edts\u00e9g\u00e9vel, \u00e9s \u00e9lvezze a gyorsabb, stabilabb kapcsolatot, b\u00e1rhov\u00e1 is megy.<\/p>\n","protected":false},"excerpt":{"rendered":"<p>N\u00f6velje Lenovo THINKPAD X1 Carbon 1st Gen csatlakoztathat\u00f3s\u00e1g\u00e1t a 04W3769 WLAN Map Wifi k\u00e1rty\u00e1val. Ez az eredeti Lenovo csere megb\u00edzhat\u00f3 vezet\u00e9k n\u00e9lk\u00fcli teljes\u00edtm\u00e9nyt biztos\u00edt, lehet\u0151v\u00e9 t\u00e9ve a z\u00f6kken\u0151mentes kapcsolattart\u00e1st. B\u0151v\u00edtse laptopja vezet\u00e9k n\u00e9lk\u00fcli k\u00e9pess\u00e9geit ezzel a min\u0151s\u00e9gi wifi-k\u00e1rty\u00e1val a nagyobb sebess\u00e9g \u00e9s stabilit\u00e1s \u00e9rdek\u00e9ben.<\/p>\n","protected":false},"featured_media":5344,"template":"","meta":[],"product_brand":[],"product_cat":[27],"product_tag":[26],"class_list":{"0":"post-5294","1":"product","2":"type-product","3":"status-publish","4":"has-post-thumbnail","6":"product_cat-motherboards-board-parts","7":"product_tag-lenovo","9":"first","10":"instock","11":"taxable","12":"shipping-taxable","13":"purchasable","14":"product-type-simple"},"_links":{"self":[{"href":"https:\/\/boreait.com\/hu\/wp-json\/wp\/v2\/product\/5294","targetHints":{"allow":["GET"]}}],"collection":[{"href":"https:\/\/boreait.com\/hu\/wp-json\/wp\/v2\/product"}],"about":[{"href":"https:\/\/boreait.com\/hu\/wp-json\/wp\/v2\/types\/product"}],"wp:featuredmedia":[{"embeddable":true,"href":"https:\/\/boreait.com\/hu\/wp-json\/wp\/v2\/media\/5344"}],"wp:attachment":[{"href":"https:\/\/boreait.com\/hu\/wp-json\/wp\/v2\/media?parent=5294"}],"wp:term":[{"taxonomy":"product_brand","embeddable":true,"href":"https:\/\/boreait.com\/hu\/wp-json\/wp\/v2\/product_brand?post=5294"},{"taxonomy":"product_cat","embeddable":true,"href":"https:\/\/boreait.com\/hu\/wp-json\/wp\/v2\/product_cat?post=5294"},{"taxonomy":"product_tag","embeddable":true,"href":"https:\/\/boreait.com\/hu\/wp-json\/wp\/v2\/product_tag?post=5294"}],"curies":[{"name":"wp","href":"https:\/\/api.w.org\/{rel}","templated":true}]}}