{"id":5292,"date":"2025-09-17T11:13:08","date_gmt":"2025-09-17T09:13:08","guid":{"rendered":"https:\/\/boreait.com\/hu\/?post_type=product&#038;p=5292"},"modified":"2025-09-17T11:13:54","modified_gmt":"2025-09-17T09:13:54","slug":"lenovo-thinkpad-x1-carbon-1-generacios-lcd-kijelzo-kabel-50-4rqq17-002-csere","status":"publish","type":"product","link":"https:\/\/boreait.com\/hu\/termek\/lenovo-thinkpad-x1-carbon-1-generacios-lcd-kijelzo-kabel-50-4rqq17-002-csere\/","title":{"rendered":"Lenovo ThinkPad X1 Carbon 1. gener\u00e1ci\u00f3s LCD kijelz\u0151 k\u00e1bel 50.4RQQ17.002 csere"},"content":{"rendered":"<p>Revitaliz\u00e1lja Lenovo ThinkPad X1 Carbon 1. gener\u00e1ci\u00f3s kijelz\u0151j\u00e9t az 50.4RQQ17.002 LCD-k\u00e9perny\u0151 k\u00e1bellel. Ezt az eredeti Lenovo cserek\u00e1belt \u00fagy tervezt\u00e9k, hogy megb\u00edzhat\u00f3 \u00e9s tiszta kapcsolatot biztos\u00edtson a laptop k\u00e9perny\u0151je \u00e9s az alaplap k\u00f6z\u00f6tt.<\/p>\n<p>F\u0151bb jellemz\u0151k:<\/p>\n<ul>\n<li>Kompatibilit\u00e1s: Lenovo ThinkPad X1 Carbon 1st Gen<\/li>\n<li>Alkatr\u00e9szsz\u00e1m: 50.4RQQ17.002<\/li>\n<li>Eredeti Lenovo cserek\u00e1bel<\/li>\n<li>Gondoskodjon \u00e9les \u00e9s tiszta kijelz\u0151kapcsolatr\u00f3l<\/li>\n<\/ul>\n<p>N\u00f6velje laptopja vizu\u00e1lis teljes\u00edtm\u00e9ny\u00e9t az elhaszn\u00e1l\u00f3dott vagy s\u00e9r\u00fclt kijelz\u0151k\u00e1bel cser\u00e9j\u00e9vel. Ez megoldhatja az olyan probl\u00e9m\u00e1kat, mint a villog\u00f3 k\u00e9perny\u0151, a sz\u00edntorzul\u00e1s vagy a teljesen nem m\u0171k\u00f6d\u0151 kijelz\u0151. Ha az eredeti Lenovo 50.4RQQ17.002 k\u00e1belt v\u00e1lasztja, akkor kompatibilit\u00e1st \u00e9s megb\u00edzhat\u00f3s\u00e1got biztos\u00edt laptopja sz\u00e1m\u00e1ra.<\/p>\n<p>K\u00e9rj\u00fck, vegye figyelembe, hogy ez a lista a Lenovo ThinkPad X1 Carbon 1. gener\u00e1ci\u00f3s, 50.4RQQ17.002 sz\u00e1m\u00fa LCD-k\u00e9perny\u0151s k\u00e1bel t\u00e9nyleges term\u00e9kfot\u00f3it tartalmazza. Telep\u00edt\u00e9si \u00fatmutat\u00f3 nem tal\u00e1lhat\u00f3, de ha b\u00e1rmilyen k\u00e9rd\u00e9se van, vagy seg\u00edts\u00e9gre van sz\u00fcks\u00e9ge, forduljon bizalommal. N\u00f6velje Lenovo ThinkPad X1 Carbon 1st Gen kijelz\u0151j\u00e9nek min\u0151s\u00e9g\u00e9t ezzel az eredeti cserek\u00e1bellel.<\/p>\n","protected":false},"excerpt":{"rendered":"<p>N\u00f6velje Lenovo ThinkPad X1 Carbon 1st Gen kijelz\u0151 teljes\u00edtm\u00e9ny\u00e9t az 50.4RQQ17.002 LCD-k\u00e9perny\u0151s kijelz\u0151k\u00e1bellel. Ez a cserek\u00e1bel \u00e9les \u00e9s tiszta kapcsolatot biztos\u00edt a k\u00e9perny\u0151 \u00e9s az alaplap k\u00f6z\u00f6tt, \u00faj \u00e9letre keltve laptopja vizu\u00e1lis \u00e9lm\u00e9ny\u00e9t. B\u00edzzon ennek az eredeti Lenovo-alkatr\u00e9sznek a min\u0151s\u00e9g\u00e9ben \u00e9s kompatibilit\u00e1s\u00e1ban a z\u00f6kken\u0151mentes k\u00e9perny\u0151teljes\u00edtm\u00e9ny \u00e9rdek\u00e9ben.<\/p>\n","protected":false},"featured_media":5330,"template":"","meta":[],"product_brand":[],"product_cat":[20],"product_tag":[26],"class_list":{"0":"post-5292","1":"product","2":"type-product","3":"status-publish","4":"has-post-thumbnail","6":"product_cat-cables","7":"product_tag-lenovo","9":"first","10":"instock","11":"taxable","12":"shipping-taxable","13":"purchasable","14":"product-type-simple"},"_links":{"self":[{"href":"https:\/\/boreait.com\/hu\/wp-json\/wp\/v2\/product\/5292","targetHints":{"allow":["GET"]}}],"collection":[{"href":"https:\/\/boreait.com\/hu\/wp-json\/wp\/v2\/product"}],"about":[{"href":"https:\/\/boreait.com\/hu\/wp-json\/wp\/v2\/types\/product"}],"wp:featuredmedia":[{"embeddable":true,"href":"https:\/\/boreait.com\/hu\/wp-json\/wp\/v2\/media\/5330"}],"wp:attachment":[{"href":"https:\/\/boreait.com\/hu\/wp-json\/wp\/v2\/media?parent=5292"}],"wp:term":[{"taxonomy":"product_brand","embeddable":true,"href":"https:\/\/boreait.com\/hu\/wp-json\/wp\/v2\/product_brand?post=5292"},{"taxonomy":"product_cat","embeddable":true,"href":"https:\/\/boreait.com\/hu\/wp-json\/wp\/v2\/product_cat?post=5292"},{"taxonomy":"product_tag","embeddable":true,"href":"https:\/\/boreait.com\/hu\/wp-json\/wp\/v2\/product_tag?post=5292"}],"curies":[{"name":"wp","href":"https:\/\/api.w.org\/{rel}","templated":true}]}}