{"id":5291,"date":"2025-09-17T11:13:08","date_gmt":"2025-09-17T09:13:08","guid":{"rendered":"https:\/\/boreait.com\/hu\/?post_type=product&#038;p=5291"},"modified":"2026-01-19T06:45:06","modified_gmt":"2026-01-19T05:45:06","slug":"lenovo-thinkpad-x1-carbon-1-generacios-bluetooth-modul-60y3305-eredeti-csere","status":"publish","type":"product","link":"https:\/\/boreait.com\/hu\/termek\/lenovo-thinkpad-x1-carbon-1-generacios-bluetooth-modul-60y3305-eredeti-csere\/","title":{"rendered":"Lenovo ThinkPad X1 Carbon 1. gener\u00e1ci\u00f3s Bluetooth modul 60Y3305 \u2013 Eredeti csere"},"content":{"rendered":"<p>Friss\u00edtse Lenovo ThinkPad X1 Carbon 1st Gen k\u00e9sz\u00fcl\u00e9k\u00e9t az eredeti Bluetooth Module 60Y3305 seg\u00edts\u00e9g\u00e9vel. Ez a modul egy eredeti csere, amelyet \u00fagy terveztek, hogy z\u00f6kken\u0151mentes Bluetooth-kapcsolatot biztos\u00edtson laptopja sz\u00e1m\u00e1ra.<\/p>\n<p>F\u0151bb jellemz\u0151k:<\/p>\n<ul>\n<li>Kompatibilis a Lenovo ThinkPad X1 Carbon 1. gener\u00e1ci\u00f3val<\/li>\n<li>Eredeti Lenovo alkatr\u00e9sz (60Y3305)<\/li>\n<li>Megb\u00edzhat\u00f3 Bluetooth-kapcsolat<\/li>\n<li>K\u00f6nny\u0171 telep\u00edt\u00e9s<\/li>\n<\/ul>\n<p>Gy\u0151z\u0151dj\u00f6n meg arr\u00f3l, hogy laptopja naprak\u00e9sz marad a leg\u00fajabb Bluetooth technol\u00f3gi\u00e1val. Ak\u00e1r egy hib\u00e1s modult cser\u00e9l, ak\u00e1r Bluetooth-k\u00e9pess\u00e9get ad ThinkPadj\u00e1hoz, a 60Y3305 megb\u00edzhat\u00f3 v\u00e1laszt\u00e1s. \u00c9lvezze a vezet\u00e9k n\u00e9lk\u00fcli k\u00e9nyelmet, \u00e9s maradjon kapcsolatban, b\u00e1rhov\u00e1 is megy.<\/p>\n<p>K\u00e9rj\u00fck, vegye figyelembe, hogy ez a lista val\u00f3di f\u00e9nyk\u00e9peket tartalmaz a Lenovo ThinkPad X1 Carbon 1st Gen Bluetooth Module 60Y3305-r\u0151l, \u00e9s nem tartalmaz telep\u00edt\u00e9si utas\u00edt\u00e1st. Ha b\u00e1rmilyen k\u00e9rd\u00e9se van, vagy seg\u00edts\u00e9gre van sz\u00fcks\u00e9ge, forduljon hozz\u00e1nk bizalommal. Friss\u00edtse ThinkPad X1 Carbon k\u00e9sz\u00fcl\u00e9k\u00e9t az eredeti Lenovo min\u0151s\u00e9ggel.<\/p>\n","protected":false},"excerpt":{"rendered":"<p>Fejlessze Lenovo ThinkPad X1 Carbon 1st Gen k\u00e9sz\u00fcl\u00e9k\u00e9t az eredeti Bluetooth Module 60Y3305 seg\u00edts\u00e9g\u00e9vel. Ez a modul z\u00f6kken\u0151mentes csatlakoz\u00e1st biztos\u00edt, lehet\u0151v\u00e9 t\u00e9ve, hogy \u00fatk\u00f6zben is produkt\u00edv maradjon. Autentikus Lenovo min\u0151s\u00e9g a megb\u00edzhat\u00f3 friss\u00edt\u00e9s\u00e9rt.<\/p>\n","protected":false},"featured_media":5328,"template":"","meta":[],"product_brand":[],"product_cat":[27],"product_tag":[26],"class_list":{"0":"post-5291","1":"product","2":"type-product","3":"status-publish","4":"has-post-thumbnail","6":"product_cat-motherboards-board-parts","7":"product_tag-lenovo","9":"first","10":"instock","11":"taxable","12":"shipping-taxable","13":"purchasable","14":"product-type-simple"},"_links":{"self":[{"href":"https:\/\/boreait.com\/hu\/wp-json\/wp\/v2\/product\/5291","targetHints":{"allow":["GET"]}}],"collection":[{"href":"https:\/\/boreait.com\/hu\/wp-json\/wp\/v2\/product"}],"about":[{"href":"https:\/\/boreait.com\/hu\/wp-json\/wp\/v2\/types\/product"}],"wp:featuredmedia":[{"embeddable":true,"href":"https:\/\/boreait.com\/hu\/wp-json\/wp\/v2\/media\/5328"}],"wp:attachment":[{"href":"https:\/\/boreait.com\/hu\/wp-json\/wp\/v2\/media?parent=5291"}],"wp:term":[{"taxonomy":"product_brand","embeddable":true,"href":"https:\/\/boreait.com\/hu\/wp-json\/wp\/v2\/product_brand?post=5291"},{"taxonomy":"product_cat","embeddable":true,"href":"https:\/\/boreait.com\/hu\/wp-json\/wp\/v2\/product_cat?post=5291"},{"taxonomy":"product_tag","embeddable":true,"href":"https:\/\/boreait.com\/hu\/wp-json\/wp\/v2\/product_tag?post=5291"}],"curies":[{"name":"wp","href":"https:\/\/api.w.org\/{rel}","templated":true}]}}