{"id":529,"date":"2025-09-17T09:27:43","date_gmt":"2025-09-17T07:27:43","guid":{"rendered":"https:\/\/boreait.com\/hu\/?post_type=product&#038;p=529"},"modified":"2026-01-07T09:43:20","modified_gmt":"2026-01-07T08:43:20","slug":"nanya-1gb-pc2-5300-ddr2-667mhz-nem-ecc-nt1gt64u8hb0bn-3c-laptop-memoria","status":"publish","type":"product","link":"https:\/\/boreait.com\/hu\/termek\/nanya-1gb-pc2-5300-ddr2-667mhz-nem-ecc-nt1gt64u8hb0bn-3c-laptop-memoria\/","title":{"rendered":"Nanya 1GB PC2-5300 DDR2-667MHz nem ECC NT1GT64U8HB0BN-3C laptop mem\u00f3ria"},"content":{"rendered":"<h3 class=\"LC20lb MBeuO DKV0Md\">Nanya 1GB PC2-5300 DDR2-667MHz, nem ECC<\/h3>\n<p>Alak\u00edtsa \u00e1t sz\u00e1m\u00edt\u00e1stechnikai \u00e9lm\u00e9ny\u00e9t a Nanya 1 GB SODIMM NT1GT64U8HB0BN-3C hordozhat\u00f3 PC-mem\u00f3ri\u00e1val. A legjobbat ig\u00e9nyl\u0151k sz\u00e1m\u00e1ra k\u00e9sz\u00fclt mem\u00f3riamodul kiv\u00e1l\u00f3an illeszkedik k\u00fcl\u00f6nf\u00e9le hordozhat\u00f3 sz\u00e1m\u00edt\u00f3g\u00e9p-rendszerekhez \u00e9s laptopmodellekhez.<\/p>\n<p>Ez az 1 GB-os SODIMM mem\u00f3riamodul a DDR2 architekt\u00far\u00e1t haszn\u00e1lja, nagyobb sebess\u00e9get \u00e9s nagyobb sz\u00e1m\u00edt\u00e1si teljes\u00edtm\u00e9nyt biztos\u00edtva. 800 MHz-es frekvenci\u00e1n m\u0171k\u00f6dik, biztos\u00edtva a rendszer z\u00f6kken\u0151mentes m\u0171k\u00f6d\u00e9s\u00e9t m\u00e9g akkor is, ha t\u00f6bb alkalmaz\u00e1s van nyitva. Az NT1GT64U8HB0BN-3C modul nagy adat\u00e1tviteli sebess\u00e9get k\u00edn\u00e1l, ami gyorsabb bet\u00f6lt\u00e9si id\u0151t \u00e9s jobb t\u00f6bbfeladatos k\u00e9pess\u00e9get eredm\u00e9nyez.<\/p>\n<p>A Nanya 1 GB SODIMM NT1GT64U8HB0BN-3C hordozhat\u00f3 PC-mem\u00f3ria egyik megk\u00fcl\u00f6nb\u00f6ztet\u0151 jellemz\u0151je a robusztus megb\u00edzhat\u00f3s\u00e1g. A Nanya, egy vezet\u0151 mem\u00f3ria- \u00e9s f\u00e9lvezet\u0151gy\u00e1rt\u00f3 c\u00e9g gy\u00e1rtja, \u00edgy kiv\u00e1l\u00f3 \u00e9p\u00edt\u00e9si min\u0151s\u00e9gre \u00e9s hosszabb \u00e9lettartamra sz\u00e1m\u00edthat. Kialak\u00edt\u00e1sa mag\u00e1ban foglalja az ipari szabv\u00e1nynak megfelel\u0151 200 t\u0171s konfigur\u00e1ci\u00f3t, amely lehet\u0151v\u00e9 teszi a laptopok \u00e9s hordozhat\u00f3 sz\u00e1m\u00edt\u00f3g\u00e9pek sz\u00e9les v\u00e1laszt\u00e9k\u00e1val val\u00f3 kompatibilit\u00e1st.<\/p>\n<p>T\u00f6k\u00e9letes mind a professzion\u00e1lis, mind a mindennapi felhaszn\u00e1l\u00f3k sz\u00e1m\u00e1ra. Ez a mem\u00f3riamodul jelent\u0151sen megn\u00f6velheti laptopja k\u00e9pess\u00e9geit, sim\u00e1bb b\u00f6ng\u00e9sz\u00e9st, gyorsabb alkalmaz\u00e1sbet\u00f6lt\u00e9st \u00e9s tov\u00e1bbfejlesztett multim\u00e9dia-feldolgoz\u00e1st tesz lehet\u0151v\u00e9. Kompakt m\u00e9rete \u00e9s alacsony energiafogyaszt\u00e1sa k\u00f6rnyezetbar\u00e1t v\u00e1laszt\u00e1ss\u00e1 teszi.<\/p>\n<p>A telep\u00edt\u00e9s viszonylag egyszer\u0171 \u00e9s egy\u00e9rtelm\u0171, m\u00e9g akkor is, ha \u00d6n m\u0171szakilag nem j\u00e1rtas. Egyszer\u0171en keresse meg laptopja mem\u00f3riahely\u00e9t, \u00f3vatosan helyezze be a modult, \u00e9s m\u00e1r k\u00e9sz is. Ne feledje, hogy a mem\u00f3riab\u0151v\u00edt\u00e9s \u00faj \u00e9letet lehelhet laptopj\u00e1ba, \u00e9s nem csak a sebess\u00e9get, hanem a rendszer \u00e1ltal\u00e1nos teljes\u00edtm\u00e9ny\u00e9t is n\u00f6veli.<\/p>\n<p>V\u00e1s\u00e1rolja meg a Nanya 1 GB SODIMM NT1GT64U8HB0BN-3C hordozhat\u00f3 PC-mem\u00f3ri\u00e1t m\u00e9g ma, \u00e9s tegye meg az els\u0151 l\u00e9p\u00e9st a hat\u00e9konyabb \u00e9s er\u0151teljesebb sz\u00e1m\u00edt\u00e1stechnikai \u00e9lm\u00e9ny fel\u00e9. N\u00f6velje termel\u00e9kenys\u00e9g\u00e9t, \u00e9s fedezze fel laptopja val\u00f3di potenci\u00e1lj\u00e1t ezzel a cs\u00facskateg\u00f3ri\u00e1s mem\u00f3riamodullal. Minden term\u00e9k\u00fcnket azonnal kisz\u00e1ll\u00edtjuk Eur\u00f3pa-szerte, \u00edgy biztos\u00edtva, hogy akkor kapja meg a friss\u00edt\u00e9st, amikor sz\u00fcks\u00e9ge van r\u00e1.<\/p>\n<p>Megjegyz\u00e9s: V\u00e1s\u00e1rl\u00e1s el\u0151tt gy\u0151z\u0151dj\u00f6n meg arr\u00f3l, hogy k\u00e9sz\u00fcl\u00e9ke kompatibilis ezzel a mem\u00f3riamodullal. Ha nem biztos benne, olvassa el eszk\u00f6ze haszn\u00e1lati \u00fatmutat\u00f3j\u00e1t, vagy tov\u00e1bbi seg\u00edts\u00e9g\u00e9rt forduljon \u00fcgyf\u00e9lszolg\u00e1latunkhoz.<\/p>\n","protected":false},"excerpt":{"rendered":"<p>N\u00f6velje laptopja teljes\u00edtm\u00e9ny\u00e9t a Nanya 1 GB SODIMM NT1GT64U8HB0BN-3C hordozhat\u00f3 PC-mem\u00f3ri\u00e1val. \u00c9lvezze a kiv\u00e1l\u00f3 adatfeldolgoz\u00e1st, a gyors mem\u00f3riasebess\u00e9get \u00e9s a fokozott rendszerhat\u00e9konys\u00e1got m\u00e9g ma.<\/p>\n","protected":false},"featured_media":574,"template":"","meta":[],"product_brand":[],"product_cat":[41,36],"product_tag":[],"class_list":{"0":"post-529","1":"product","2":"type-product","3":"status-publish","4":"has-post-thumbnail","6":"product_cat-ddr2","7":"product_cat-ram-memory","9":"first","10":"instock","11":"taxable","12":"shipping-taxable","13":"purchasable","14":"product-type-simple"},"_links":{"self":[{"href":"https:\/\/boreait.com\/hu\/wp-json\/wp\/v2\/product\/529","targetHints":{"allow":["GET"]}}],"collection":[{"href":"https:\/\/boreait.com\/hu\/wp-json\/wp\/v2\/product"}],"about":[{"href":"https:\/\/boreait.com\/hu\/wp-json\/wp\/v2\/types\/product"}],"wp:featuredmedia":[{"embeddable":true,"href":"https:\/\/boreait.com\/hu\/wp-json\/wp\/v2\/media\/574"}],"wp:attachment":[{"href":"https:\/\/boreait.com\/hu\/wp-json\/wp\/v2\/media?parent=529"}],"wp:term":[{"taxonomy":"product_brand","embeddable":true,"href":"https:\/\/boreait.com\/hu\/wp-json\/wp\/v2\/product_brand?post=529"},{"taxonomy":"product_cat","embeddable":true,"href":"https:\/\/boreait.com\/hu\/wp-json\/wp\/v2\/product_cat?post=529"},{"taxonomy":"product_tag","embeddable":true,"href":"https:\/\/boreait.com\/hu\/wp-json\/wp\/v2\/product_tag?post=529"}],"curies":[{"name":"wp","href":"https:\/\/api.w.org\/{rel}","templated":true}]}}