{"id":5289,"date":"2025-09-17T11:13:08","date_gmt":"2025-09-17T09:13:08","guid":{"rendered":"https:\/\/boreait.com\/hu\/?post_type=product&#038;p=5289"},"modified":"2026-01-12T10:32:45","modified_gmt":"2026-01-12T09:32:45","slug":"hp-probook-4330s-ujjlenyomat-erzekelo-6042b0157201-kabellel-eredeti-cserealkatresz","status":"publish","type":"product","link":"https:\/\/boreait.com\/hu\/termek\/hp-probook-4330s-ujjlenyomat-erzekelo-6042b0157201-kabellel-eredeti-cserealkatresz\/","title":{"rendered":"HP ProBook 4330s ujjlenyomat-\u00e9rz\u00e9kel\u0151 6042B0157201 k\u00e1bellel \u2013 Eredeti cserealkatr\u00e9sz"},"content":{"rendered":"<p>Friss\u00edtse HP ProBook 4330s biztons\u00e1gi funkci\u00f3it az eredeti ujjlenyomat-\u00e9rz\u00e9kel\u0151vel \u00e9s k\u00e1bellel (cikksz\u00e1m: 6042B0157201). Ezt a cserealkatr\u00e9szt \u00fagy tervezt\u00e9k, hogy z\u00f6kken\u0151mentesen integr\u00e1l\u00f3djon a laptopj\u00e1ba, megb\u00edzhat\u00f3 \u00e9s hat\u00e9kony ujjlenyomat-hiteles\u00edt\u00e9si rendszert biztos\u00edtva.<\/p>\n<p>F\u0151bb jellemz\u0151k:<\/p>\n<ul>\n<li>Eredeti HP cserealkatr\u00e9sz<\/li>\n<li>HP ProBook 4330s kompatibilis<\/li>\n<li>Alkatr\u00e9szsz\u00e1m: 6042B0157201<\/li>\n<li>Az ujjlenyomat-\u00e9rz\u00e9kel\u0151 fokozza a biztons\u00e1got<\/li>\n<\/ul>\n<p>Fokozza laptopja \u00e1ltal\u00e1nos biztons\u00e1g\u00e1t ezzel az eredeti HP cserealkatr\u00e9szrel. Az ujjlenyomat-\u00e9rz\u00e9kel\u0151 egy extra v\u00e9delmi r\u00e9teggel ruh\u00e1zza fel a rendszert, biztos\u00edtva, hogy csak a jogosult felhaszn\u00e1l\u00f3k f\u00e9rhessenek hozz\u00e1 a bizalmas inform\u00e1ci\u00f3khoz.<\/p>\n<p>K\u00e9rj\u00fck, vegye figyelembe, hogy ez a lista val\u00f3di f\u00e9nyk\u00e9peket tartalmaz a 6042B0157201 k\u00e1bellel ell\u00e1tott HP ProBook 4330s ujjlenyomat-\u00e9rz\u00e9kel\u0151r\u0151l. Nincsenek telep\u00edt\u00e9si utas\u00edt\u00e1sok; azonban, ha b\u00e1rmilyen k\u00e9rd\u00e9se van, vagy seg\u00edts\u00e9gre van sz\u00fcks\u00e9ge, forduljon bizalommal. Friss\u00edtse HP ProBook 4330s biztons\u00e1gi funkci\u00f3it ezzel az eredeti ujjlenyomat-\u00e9rz\u00e9kel\u0151vel \u00e9s k\u00e1bellel \u2013 ez egy megb\u00edzhat\u00f3 megold\u00e1s a biztons\u00e1gosabb sz\u00e1m\u00edt\u00e1stechnikai \u00e9lm\u00e9nyhez.<\/p>\n","protected":false},"excerpt":{"rendered":"<p>Fokozza HP ProBook 4330s biztons\u00e1gi funkci\u00f3it az eredeti ujjlenyomat-\u00e9rz\u00e9kel\u0151vel \u00e9s k\u00e1bellel (cikksz\u00e1m: 6042B0157201). Ez az eredeti cserealkatr\u00e9sz z\u00f6kken\u0151mentes integr\u00e1ci\u00f3t \u00e9s megb\u00edzhat\u00f3 teljes\u00edtm\u00e9nyt biztos\u00edt. Ezzel a kiv\u00e1l\u00f3 min\u0151s\u00e9g\u0171 ujjlenyomat-\u00e9rz\u00e9kel\u0151vel \u00e9s k\u00e1bellel k\u00f6nnyed\u00e9n friss\u00edtheti laptopja biztons\u00e1gi funkci\u00f3it.<\/p>\n","protected":false},"featured_media":5326,"template":"","meta":[],"product_brand":[],"product_cat":[27],"product_tag":[25],"class_list":{"0":"post-5289","1":"product","2":"type-product","3":"status-publish","4":"has-post-thumbnail","6":"product_cat-motherboards-board-parts","7":"product_tag-hp","9":"first","10":"instock","11":"taxable","12":"shipping-taxable","13":"purchasable","14":"product-type-simple"},"_links":{"self":[{"href":"https:\/\/boreait.com\/hu\/wp-json\/wp\/v2\/product\/5289","targetHints":{"allow":["GET"]}}],"collection":[{"href":"https:\/\/boreait.com\/hu\/wp-json\/wp\/v2\/product"}],"about":[{"href":"https:\/\/boreait.com\/hu\/wp-json\/wp\/v2\/types\/product"}],"wp:featuredmedia":[{"embeddable":true,"href":"https:\/\/boreait.com\/hu\/wp-json\/wp\/v2\/media\/5326"}],"wp:attachment":[{"href":"https:\/\/boreait.com\/hu\/wp-json\/wp\/v2\/media?parent=5289"}],"wp:term":[{"taxonomy":"product_brand","embeddable":true,"href":"https:\/\/boreait.com\/hu\/wp-json\/wp\/v2\/product_brand?post=5289"},{"taxonomy":"product_cat","embeddable":true,"href":"https:\/\/boreait.com\/hu\/wp-json\/wp\/v2\/product_cat?post=5289"},{"taxonomy":"product_tag","embeddable":true,"href":"https:\/\/boreait.com\/hu\/wp-json\/wp\/v2\/product_tag?post=5289"}],"curies":[{"name":"wp","href":"https:\/\/api.w.org\/{rel}","templated":true}]}}