{"id":528,"date":"2025-09-17T09:27:43","date_gmt":"2025-09-17T07:27:43","guid":{"rendered":"https:\/\/boreait.com\/hu\/?post_type=product&#038;p=528"},"modified":"2026-01-07T09:43:08","modified_gmt":"2026-01-07T08:43:08","slug":"hp-probook-156-6550b-eredeti-audiokartya-6050a2331601-kabellel","status":"publish","type":"product","link":"https:\/\/boreait.com\/hu\/termek\/hp-probook-156-6550b-eredeti-audiokartya-6050a2331601-kabellel\/","title":{"rendered":"HP ProBook 15,6&#8243; 6550B eredeti audiok\u00e1rtya 6050A2331601 k\u00e1bellel"},"content":{"rendered":"<p>B\u0151v\u00edtse HP ProBook 6550B laptopja audiok\u00e9pess\u00e9geit az Eredeti HP ProBook 15,6&#8243; 6550B audiok\u00e1rty\u00e1val k\u00e1bellel. Ez az eredeti HP tartoz\u00e9k a megl\u00e9v\u0151 hangk\u00e1rtya helyettes\u00edt\u00e9s\u00e9re szolg\u00e1l, \u00edgy biztos\u00edtva a kiv\u00e1l\u00f3 hangmin\u0151s\u00e9get \u00e9s az audiofunkci\u00f3k megfelel\u0151 m\u0171k\u00f6d\u00e9s\u00e9t.<\/p>\n<p>A hangk\u00e1rtya l\u00e9tfontoss\u00e1g\u00fa szerepet j\u00e1tszik a laptop tiszta \u00e9s \u00e9les hangz\u00e1s\u00e1ban. Ak\u00e1r zen\u00e9t hallgat, filmet n\u00e9z, ak\u00e1r videokonferenci\u00e1t vesz, az eredeti HP ProBook 15,6&#8243; 6550B audiok\u00e1rtya k\u00e1bellel m\u00e9g jobb hang\u00e9lm\u00e9nyt biztos\u00edt.<\/p>\n<p>Az eredeti HP ProBook 15,6&#8243; 6550B audiok\u00e1rtya k\u00e1bellel t\u00f6rt\u00e9n\u0151 telep\u00edt\u00e9se egyszer\u0171 folyamat. Egyszer\u0171en t\u00e1vol\u00edtsa el a r\u00e9gi hangk\u00e1rty\u00e1t, \u00e9s cser\u00e9lje ki erre az \u00faj k\u00e1rty\u00e1ra, \u00edgy biztos\u00edtva a megfelel\u0151 csatlakoz\u00e1st \u00e9s igaz\u00edt\u00e1st. K\u00f6lts\u00e9ghat\u00e9kony megold\u00e1s, amely lehet\u0151v\u00e9 teszi laptopja audiok\u00e9pess\u00e9geinek friss\u00edt\u00e9s\u00e9t a rendszer teljes cser\u00e9je n\u00e9lk\u00fcl.<\/p>\n<p>Eur\u00f3pai v\u00e1s\u00e1rl\u00f3kat kiszolg\u00e1l\u00f3 elad\u00f3k\u00e9nt meg\u00e9rtj\u00fck az eredeti \u00e9s megb\u00edzhat\u00f3 laptop-alkatr\u00e9szek biztos\u00edt\u00e1s\u00e1nak fontoss\u00e1g\u00e1t. Az eredeti HP ProBook 15,6&#8243; 6550B audiok\u00e1rtya k\u00e1bellel k\u00f6zvetlen\u00fcl a HP-t\u00f3l sz\u00e1rmazik, \u00e9s megfelel az \u00f6sszes sz\u00fcks\u00e9ges min\u0151s\u00e9gi szabv\u00e1nynak, \u00edgy biztos\u00edtja a kompatibilit\u00e1st, a megb\u00edzhat\u00f3s\u00e1got \u00e9s az optim\u00e1lis teljes\u00edtm\u00e9nyt az eur\u00f3pai HP ProBook 6550B laptopokon bel\u00fcl.<\/p>\n<p>Az eredeti HP ProBook 15,6&#8243; 6550B audiok\u00e1rtya k\u00e1bellel okos v\u00e1laszt\u00e1s azoknak a felhaszn\u00e1l\u00f3knak, akik laptopjuk hangteljes\u00edtm\u00e9ny\u00e9t szeretn\u00e9k jav\u00edtani. \u00c9lvezze a kiv\u00e1l\u00f3 min\u0151s\u00e9g\u0171 hangkimenetet, a tiszt\u00e1bb hangz\u00e1st \u00e9s a tov\u00e1bbfejlesztett hang\u00e9lm\u00e9nyt. B\u0151v\u00edtse laptopja audiok\u00e9pess\u00e9geit ezzel a megb\u00edzhat\u00f3 HP-kieg\u00e9sz\u00edt\u0151vel.<\/p>\n<p>Friss\u00edtse HP ProBook 6550B laptopja audiofunkci\u00f3it m\u00e9g ma az Eredeti HP ProBook 15,6&#8243; 6550B audiok\u00e1rty\u00e1val k\u00e1bellel. Tapasztalja meg a kiv\u00e1l\u00f3 min\u0151s\u00e9g\u0171 hangz\u00e1st, \u00e9s fokozza hang\u00e9lm\u00e9ny\u00e9t. V\u00e1s\u00e1roljon n\u00e1lunk most, \u00e9s \u00e9lvezze az eredeti HP-tartoz\u00e9k el\u0151nyeit.<\/p>\n","protected":false},"excerpt":{"rendered":"<p>Fokozza HP ProBook 6550B laptopja audiofunkci\u00f3it az Eredeti HP ProBook 15,6&#8243; 6550B audiok\u00e1rty\u00e1val k\u00e1bellel. Ez az eredeti HP audiok\u00e1rtya k\u00e1bellel kiv\u00e1l\u00f3 min\u0151s\u00e9g\u0171 hangkimenetet \u00e9s az audiofunkci\u00f3k megfelel\u0151 m\u0171k\u00f6d\u00e9s\u00e9t biztos\u00edtja. B\u0151v\u00edtse laptopja audiok\u00e9pess\u00e9geit ezzel a megb\u00edzhat\u00f3 HP tartoz\u00e9kkal. V\u00e1s\u00e1roljon most, \u00e9s \u00e9lvezze a hang\u00e9lm\u00e9nyt.<\/p>\n","protected":false},"featured_media":573,"template":"","meta":[],"product_brand":[],"product_cat":[27],"product_tag":[25],"class_list":{"0":"post-528","1":"product","2":"type-product","3":"status-publish","4":"has-post-thumbnail","6":"product_cat-motherboards-board-parts","7":"product_tag-hp","9":"first","10":"instock","11":"taxable","12":"shipping-taxable","13":"purchasable","14":"product-type-simple"},"_links":{"self":[{"href":"https:\/\/boreait.com\/hu\/wp-json\/wp\/v2\/product\/528","targetHints":{"allow":["GET"]}}],"collection":[{"href":"https:\/\/boreait.com\/hu\/wp-json\/wp\/v2\/product"}],"about":[{"href":"https:\/\/boreait.com\/hu\/wp-json\/wp\/v2\/types\/product"}],"wp:featuredmedia":[{"embeddable":true,"href":"https:\/\/boreait.com\/hu\/wp-json\/wp\/v2\/media\/573"}],"wp:attachment":[{"href":"https:\/\/boreait.com\/hu\/wp-json\/wp\/v2\/media?parent=528"}],"wp:term":[{"taxonomy":"product_brand","embeddable":true,"href":"https:\/\/boreait.com\/hu\/wp-json\/wp\/v2\/product_brand?post=528"},{"taxonomy":"product_cat","embeddable":true,"href":"https:\/\/boreait.com\/hu\/wp-json\/wp\/v2\/product_cat?post=528"},{"taxonomy":"product_tag","embeddable":true,"href":"https:\/\/boreait.com\/hu\/wp-json\/wp\/v2\/product_tag?post=528"}],"curies":[{"name":"wp","href":"https:\/\/api.w.org\/{rel}","templated":true}]}}