{"id":5272,"date":"2025-09-17T11:12:44","date_gmt":"2025-09-17T09:12:44","guid":{"rendered":"https:\/\/boreait.com\/hu\/?post_type=product&#038;p=5272"},"modified":"2026-01-12T10:32:13","modified_gmt":"2026-01-12T09:32:13","slug":"hp-pavilion-hdx9300-bluetooth-modul-3393-002-eredeti-cserealkatresz","status":"publish","type":"product","link":"https:\/\/boreait.com\/hu\/termek\/hp-pavilion-hdx9300-bluetooth-modul-3393-002-eredeti-cserealkatresz\/","title":{"rendered":"HP Pavilion Hdx9300 Bluetooth modul 3393-002 &#8211; Eredeti cserealkatr\u00e9sz"},"content":{"rendered":"<p>Friss\u00edtse HP Pavilion Hdx9300 k\u00e9sz\u00fcl\u00e9k\u00e9t az eredeti Bluetooth modullal, bele\u00e9rtve a 3393-002 cikksz\u00e1mot. Ez a modul egy eredeti cserealkatr\u00e9sz, amelyet arra terveztek, hogy z\u00f6kken\u0151mentes Bluetooth-kapcsolatot biztos\u00edtson laptopja sz\u00e1m\u00e1ra.<\/p>\n<p>F\u0151bb jellemz\u0151k:<\/p>\n<ul>\n<li>Eredeti HP Pavilion Hdx9300 Bluetooth modul<\/li>\n<li>Alkatr\u00e9szsz\u00e1m: 3393-002<\/li>\n<li>Gondoskodjon probl\u00e9mamentes vezet\u00e9k n\u00e9lk\u00fcli eszk\u00f6zkapcsolatr\u00f3l<\/li>\n<li>HP Pavilion Hdx9300 laptopokkal kompatibilis<\/li>\n<\/ul>\n<p>Tapasztalja meg a Bluetooth technol\u00f3gia ny\u00fajtotta k\u00e9nyelmet HP Pavilion Hdx9300 k\u00e9sz\u00fcl\u00e9k\u00e9n. K\u00f6nnyed\u00e9n csatlakoztassa vezet\u00e9k n\u00e9lk\u00fcli perif\u00e9ri\u00e1it, fejhallgat\u00f3it \u00e9s egy\u00e9b eszk\u00f6zeit ezzel az autentikus cseremodullal.<\/p>\n<p>K\u00e9rj\u00fck, vegye figyelembe, hogy ez a lista t\u00e9nyleges term\u00e9kfot\u00f3kat tartalmaz, amelyek az Eredeti HP Pavilion Hdx9300 Bluetooth-modult mutatj\u00e1k be, \u00e9s nem tartalmaznak telep\u00edt\u00e9si utas\u00edt\u00e1sokat. B\u00e1rmilyen k\u00e9rd\u00e9ssel vagy seg\u00edts\u00e9ggel kapcsolatban forduljon bizalommal. N\u00f6velje laptopja csatlakoztathat\u00f3s\u00e1g\u00e1t ezzel az eredeti Bluetooth modullal, amelyet \u00fagy terveztek, hogy z\u00f6kken\u0151mentesen integr\u00e1l\u00f3djon a HP Pavilion Hdx9300 k\u00e9sz\u00fcl\u00e9k\u00e9be.<\/p>\n","protected":false},"excerpt":{"rendered":"<p>B\u0151v\u00edtse HP Pavilion Hdx9300 k\u00e9sz\u00fcl\u00e9k\u00e9t az Eredeti Bluetooth-modullal, bele\u00e9rtve a 3393-002 cikksz\u00e1mot. Ez a modul z\u00f6kken\u0151mentes vezet\u00e9k n\u00e9lk\u00fcli kapcsolatot biztos\u00edt, lehet\u0151v\u00e9 t\u00e9ve az eszk\u00f6z\u00f6k k\u00f6nny\u0171 csatlakoztat\u00e1s\u00e1t. \u00c9lvezze a Bluetooth technol\u00f3gia k\u00e9nyelm\u00e9t laptopj\u00e1ban ezzel az eredeti cserealkatr\u00e9szrel.<\/p>\n","protected":false},"featured_media":5322,"template":"","meta":[],"product_brand":[],"product_cat":[27],"product_tag":[25],"class_list":{"0":"post-5272","1":"product","2":"type-product","3":"status-publish","4":"has-post-thumbnail","6":"product_cat-motherboards-board-parts","7":"product_tag-hp","9":"first","10":"instock","11":"taxable","12":"shipping-taxable","13":"purchasable","14":"product-type-simple"},"_links":{"self":[{"href":"https:\/\/boreait.com\/hu\/wp-json\/wp\/v2\/product\/5272","targetHints":{"allow":["GET"]}}],"collection":[{"href":"https:\/\/boreait.com\/hu\/wp-json\/wp\/v2\/product"}],"about":[{"href":"https:\/\/boreait.com\/hu\/wp-json\/wp\/v2\/types\/product"}],"wp:featuredmedia":[{"embeddable":true,"href":"https:\/\/boreait.com\/hu\/wp-json\/wp\/v2\/media\/5322"}],"wp:attachment":[{"href":"https:\/\/boreait.com\/hu\/wp-json\/wp\/v2\/media?parent=5272"}],"wp:term":[{"taxonomy":"product_brand","embeddable":true,"href":"https:\/\/boreait.com\/hu\/wp-json\/wp\/v2\/product_brand?post=5272"},{"taxonomy":"product_cat","embeddable":true,"href":"https:\/\/boreait.com\/hu\/wp-json\/wp\/v2\/product_cat?post=5272"},{"taxonomy":"product_tag","embeddable":true,"href":"https:\/\/boreait.com\/hu\/wp-json\/wp\/v2\/product_tag?post=5272"}],"curies":[{"name":"wp","href":"https:\/\/api.w.org\/{rel}","templated":true}]}}