{"id":5271,"date":"2025-09-17T11:12:43","date_gmt":"2025-09-17T09:12:43","guid":{"rendered":"https:\/\/boreait.com\/hu\/?post_type=product&#038;p=5271"},"modified":"2026-01-12T10:31:52","modified_gmt":"2026-01-12T09:31:52","slug":"lenovo-s20-30-audioport-usb-kartya-1109-00756-kabel-csere","status":"publish","type":"product","link":"https:\/\/boreait.com\/hu\/termek\/lenovo-s20-30-audioport-usb-kartya-1109-00756-kabel-csere\/","title":{"rendered":"LENOVO S20-30 audioport | USB k\u00e1rtya &#8211; 1109-00756 k\u00e1bel csere"},"content":{"rendered":"<p>Revitaliz\u00e1lja LENOVO S20-30 laptopj\u00e1t az audioporttal | USB k\u00e1rtya \u2013 1109-00756 k\u00e1bel csere. Ez az alapvet\u0151 komponens helyre\u00e1ll\u00edtja az audio- \u00e9s USB-funkci\u00f3kat, lehet\u0151v\u00e9 t\u00e9ve a k\u00fcl\u00f6nf\u00e9le perif\u00e9ri\u00e1k probl\u00e9mamentes csatlakoztat\u00e1s\u00e1t \u00e9s \u00e9lvezet\u00e9t.<\/p>\n<p>F\u0151bb jellemz\u0151k:<\/p>\n<ul>\n<li>Csere audioport | USB k\u00e1rtya &#8211; K\u00e1bel LENOVO S20-30<\/li>\n<p>hoz<\/p>\n<li>Modell: 1109-00756<\/li>\n<li>A hang- \u00e9s az USB-kapcsolat vissza\u00e1ll\u00edt\u00e1sa<\/li>\n<li>Eredeti LENOVO alkatr\u00e9sz a megb\u00edzhat\u00f3 teljes\u00edtm\u00e9ny \u00e9rdek\u00e9ben<\/li>\n<li>kompatibilis a LENOVO S20-30 laptopokkal<\/li>\n<\/ul>\n<p>Ak\u00e1r megs\u00e9r\u00fclt a jelenlegi k\u00e1rtya, ak\u00e1r b\u0151v\u00edteni szeretn\u00e9 laptopja k\u00e9pess\u00e9geit, a LENOVO S20-30 audioport | USB k\u00e1rtya \u2013 1109-00756 k\u00e1bel a t\u00f6k\u00e9letes megold\u00e1s. B\u00edzzon az eredeti LENOVO alkatr\u00e9szek kompatibilit\u00e1s\u00e1ban \u00e9s tart\u00f3ss\u00e1g\u00e1ban a z\u00f6kken\u0151mentes jav\u00edt\u00e1s \u00e9rdek\u00e9ben.<\/p>\n<p>K\u00e9rj\u00fck, vegye figyelembe, hogy ez a lista val\u00f3di f\u00e9nyk\u00e9peket tartalmaz a LENOVO S20-30 audioportr\u00f3l | USB-k\u00e1rtya \u2013 1109-00756-os k\u00e1bel, \u00e9s nincs mell\u00e9kelve telep\u00edt\u00e9si utas\u00edt\u00e1s. Ha b\u00e1rmilyen k\u00e9rd\u00e9se van, vagy tov\u00e1bbi seg\u00edts\u00e9gre van sz\u00fcks\u00e9ge, forduljon bizalommal. B\u00e1tran friss\u00edtse LENOVO S20-30 laptopj\u00e1t, biztos\u00edtva az optim\u00e1lis hang- \u00e9s USB-teljes\u00edtm\u00e9nyt sz\u00e1m\u00edt\u00e1stechnikai ig\u00e9nyeinek.<\/p>\n","protected":false},"excerpt":{"rendered":"<p>Fejlessze LENOVO S20-30 laptopj\u00e1t az audioporttal | USB k\u00e1rtya \u2013 1109-00756 k\u00e1bel csere. Ezt a k\u00e1rtya-k\u00e1bel kombin\u00e1ci\u00f3t \u00fagy tervezt\u00e9k, hogy vissza\u00e1ll\u00edtsa az audio- \u00e9s USB-funkci\u00f3kat a laptopon, biztos\u00edtva a z\u00f6kken\u0151mentes csatlakoztat\u00e1st sz\u00e1mos perif\u00e9ri\u00e1hoz. B\u00edzzon kompatibilit\u00e1s\u00e1ban \u00e9s tart\u00f3ss\u00e1g\u00e1ban a megb\u00edzhat\u00f3 jav\u00edt\u00e1s \u00e9rdek\u00e9ben. Friss\u00edtse laptopj\u00e1t m\u00e9g ma eredeti LENOVO alkatr\u00e9szekkel.<\/p>\n","protected":false},"featured_media":5321,"template":"","meta":[],"product_brand":[],"product_cat":[27],"product_tag":[26],"class_list":{"0":"post-5271","1":"product","2":"type-product","3":"status-publish","4":"has-post-thumbnail","6":"product_cat-motherboards-board-parts","7":"product_tag-lenovo","9":"first","10":"instock","11":"taxable","12":"shipping-taxable","13":"purchasable","14":"product-type-simple"},"_links":{"self":[{"href":"https:\/\/boreait.com\/hu\/wp-json\/wp\/v2\/product\/5271","targetHints":{"allow":["GET"]}}],"collection":[{"href":"https:\/\/boreait.com\/hu\/wp-json\/wp\/v2\/product"}],"about":[{"href":"https:\/\/boreait.com\/hu\/wp-json\/wp\/v2\/types\/product"}],"wp:featuredmedia":[{"embeddable":true,"href":"https:\/\/boreait.com\/hu\/wp-json\/wp\/v2\/media\/5321"}],"wp:attachment":[{"href":"https:\/\/boreait.com\/hu\/wp-json\/wp\/v2\/media?parent=5271"}],"wp:term":[{"taxonomy":"product_brand","embeddable":true,"href":"https:\/\/boreait.com\/hu\/wp-json\/wp\/v2\/product_brand?post=5271"},{"taxonomy":"product_cat","embeddable":true,"href":"https:\/\/boreait.com\/hu\/wp-json\/wp\/v2\/product_cat?post=5271"},{"taxonomy":"product_tag","embeddable":true,"href":"https:\/\/boreait.com\/hu\/wp-json\/wp\/v2\/product_tag?post=5271"}],"curies":[{"name":"wp","href":"https:\/\/api.w.org\/{rel}","templated":true}]}}