{"id":5269,"date":"2025-09-17T11:12:43","date_gmt":"2025-09-17T09:12:43","guid":{"rendered":"https:\/\/boreait.com\/hu\/?post_type=product&#038;p=5269"},"modified":"2025-09-17T11:13:31","modified_gmt":"2025-09-17T09:13:31","slug":"hp-probook-6560b-ujjlenyomat-erzekelo-560700100-496-g-kabellel-eredeti-oem-alkatresz","status":"publish","type":"product","link":"https:\/\/boreait.com\/hu\/termek\/hp-probook-6560b-ujjlenyomat-erzekelo-560700100-496-g-kabellel-eredeti-oem-alkatresz\/","title":{"rendered":"HP ProBook 6560b ujjlenyomat-\u00e9rz\u00e9kel\u0151 560700100-496-G k\u00e1bellel \u2013 Eredeti OEM-alkatr\u00e9sz"},"content":{"rendered":"<p>Friss\u00edtse HP ProBook 6560b biztons\u00e1gi funkci\u00f3it az eredeti OEM ujjlenyomat-\u00e9rz\u00e9kel\u0151vel \u00e9s k\u00e1bellel (cikksz\u00e1m: 560700100-496-G). Ez a biometrikus megold\u00e1s egy extra v\u00e9delmi r\u00e9teggel ruh\u00e1zza fel laptopj\u00e1t, lehet\u0151v\u00e9 t\u00e9ve a gyors \u00e9s biztons\u00e1gos hozz\u00e1f\u00e9r\u00e9st.<\/p>\n<p>F\u0151bb jellemz\u0151k:<\/p>\n<ul>\n<li>Alkatr\u00e9szsz\u00e1m: 560700100-496-G<\/li>\n<li>Eredeti OEM ujjlenyomat-\u00e9rz\u00e9kel\u0151 k\u00e1bellel<\/li>\n<li>Jav\u00edtja a laptop biztons\u00e1g\u00e1t<\/li>\n<li>Gyors \u00e9s biztons\u00e1gos hozz\u00e1f\u00e9r\u00e9s<\/li>\n<li>Probl\u00e9mamentes telep\u00edt\u00e9s a mell\u00e9kelt k\u00e1bellel<\/li>\n<li>HP ProBook 6560b modellekkel kompatibilis<\/li>\n<\/ul>\n<p>Gy\u0151z\u0151dj\u00f6n meg a friss\u00edt\u00e9s hiteless\u00e9g\u00e9r\u0151l \u00e9s min\u0151s\u00e9g\u00e9r\u0151l az eredeti HP alkatr\u00e9sz kiv\u00e1laszt\u00e1s\u00e1val. A mell\u00e9kelt k\u00e1bel leegyszer\u0171s\u00edti a telep\u00edt\u00e9si folyamatot, \u00edgy el\u00e9rhet\u0151v\u00e9 teszi a ProBook 6560b biztons\u00e1gi funkci\u00f3it tov\u00e1bbfejleszteni k\u00edv\u00e1n\u00f3 felhaszn\u00e1l\u00f3k sz\u00e1m\u00e1ra.<\/p>\n<p>K\u00e9rj\u00fck, vegye figyelembe, hogy ez a lista val\u00f3di f\u00e9nyk\u00e9peket tartalmaz a k\u00e1bellel ell\u00e1tott HP ProBook 6560b ujjlenyomat-\u00e9rz\u00e9kel\u0151r\u0151l, \u00e9s nem tartalmaz telep\u00edt\u00e9si utas\u00edt\u00e1st. B\u00e1rmilyen k\u00e9rd\u00e9ssel vagy seg\u00edts\u00e9ggel kapcsolatban forduljon bizalommal. N\u00f6velje HP ProBook 6560b biztons\u00e1g\u00e1t ezzel az eredeti OEM ujjlenyomat-\u00e9rz\u00e9kel\u0151vel \u00e9s k\u00e1bellel.<\/p>\n","protected":false},"excerpt":{"rendered":"<p>N\u00f6velje HP ProBook 6560b biztons\u00e1g\u00e1t az eredeti OEM ujjlenyomat-\u00e9rz\u00e9kel\u0151vel \u00e9s k\u00e1bellel (cikksz\u00e1m: 560700100-496-G). Ez a biometrikus megold\u00e1s gyors \u00e9s biztons\u00e1gos hozz\u00e1f\u00e9r\u00e9st biztos\u00edt laptopj\u00e1hoz. A mell\u00e9kelt k\u00e1bel leegyszer\u0171s\u00edti a telep\u00edt\u00e9st, \u00edgy probl\u00e9mamentes a friss\u00edt\u00e9s. B\u00edzzon ennek az eredeti HP alkatr\u00e9sznek a hiteless\u00e9g\u00e9ben \u00e9s min\u0151s\u00e9g\u00e9ben a ProBook 6560b-vel val\u00f3 z\u00f6kken\u0151mentes integr\u00e1ci\u00f3 \u00e9rdek\u00e9ben.<\/p>\n","protected":false},"featured_media":5309,"template":"","meta":[],"product_brand":[],"product_cat":[27],"product_tag":[25],"class_list":{"0":"post-5269","1":"product","2":"type-product","3":"status-publish","4":"has-post-thumbnail","6":"product_cat-motherboards-board-parts","7":"product_tag-hp","9":"first","10":"instock","11":"taxable","12":"shipping-taxable","13":"purchasable","14":"product-type-simple"},"_links":{"self":[{"href":"https:\/\/boreait.com\/hu\/wp-json\/wp\/v2\/product\/5269","targetHints":{"allow":["GET"]}}],"collection":[{"href":"https:\/\/boreait.com\/hu\/wp-json\/wp\/v2\/product"}],"about":[{"href":"https:\/\/boreait.com\/hu\/wp-json\/wp\/v2\/types\/product"}],"wp:featuredmedia":[{"embeddable":true,"href":"https:\/\/boreait.com\/hu\/wp-json\/wp\/v2\/media\/5309"}],"wp:attachment":[{"href":"https:\/\/boreait.com\/hu\/wp-json\/wp\/v2\/media?parent=5269"}],"wp:term":[{"taxonomy":"product_brand","embeddable":true,"href":"https:\/\/boreait.com\/hu\/wp-json\/wp\/v2\/product_brand?post=5269"},{"taxonomy":"product_cat","embeddable":true,"href":"https:\/\/boreait.com\/hu\/wp-json\/wp\/v2\/product_cat?post=5269"},{"taxonomy":"product_tag","embeddable":true,"href":"https:\/\/boreait.com\/hu\/wp-json\/wp\/v2\/product_tag?post=5269"}],"curies":[{"name":"wp","href":"https:\/\/api.w.org\/{rel}","templated":true}]}}