{"id":526,"date":"2025-09-17T09:27:42","date_gmt":"2025-09-17T07:27:42","guid":{"rendered":"https:\/\/boreait.com\/hu\/?post_type=product&#038;p=526"},"modified":"2025-09-17T09:28:18","modified_gmt":"2025-09-17T07:28:18","slug":"hp-zbook-15-g1-g2-vezetek-nelkuli-gombkartya-vbl20-ls-9242p","status":"publish","type":"product","link":"https:\/\/boreait.com\/hu\/termek\/hp-zbook-15-g1-g2-vezetek-nelkuli-gombkartya-vbl20-ls-9242p\/","title":{"rendered":"HP ZBook 15 G1 G2 vezet\u00e9k n\u00e9lk\u00fcli gombk\u00e1rtya VBL20 LS-9242P"},"content":{"rendered":"<p>\u00c1ll\u00edtsa vissza HP ZBook 15 G1 vagy G2 laptopja vezet\u00e9k n\u00e9lk\u00fcli funkci\u00f3it a HP ZBook 15 G1 G2 VBL20 LS-9242P vezet\u00e9k n\u00e9lk\u00fcli gombk\u00e1rty\u00e1val. Ez az eredeti HP k\u00e1rtya a megl\u00e9v\u0151 vezet\u00e9k n\u00e9lk\u00fcli gombk\u00e1rtya helyettes\u00edt\u00e9s\u00e9re szolg\u00e1l, \u00edgy biztos\u00edtva a megb\u00edzhat\u00f3 vezet\u00e9k n\u00e9lk\u00fcli kapcsolatot \u00e9s a vezet\u00e9k n\u00e9lk\u00fcli gomb megfelel\u0151 m\u0171k\u00f6d\u00e9s\u00e9t.<\/p>\n<p>A vezet\u00e9k n\u00e9lk\u00fcli gombk\u00e1rtya d\u00f6nt\u0151 szerepet j\u00e1tszik laptopja vezet\u00e9k n\u00e9lk\u00fcli k\u00e9pess\u00e9geiben, lehet\u0151v\u00e9 t\u00e9ve a vezet\u00e9k n\u00e9lk\u00fcli kapcsolat k\u00e9nyelmes enged\u00e9lyez\u00e9s\u00e9t vagy letilt\u00e1s\u00e1t. Ha a vezet\u00e9k n\u00e9lk\u00fcli gombpanel meghib\u00e1sodik vagy nem reag\u00e1l, az akad\u00e1lyozhatja a vezet\u00e9k n\u00e9lk\u00fcli h\u00e1l\u00f3zatokhoz val\u00f3 csatlakoz\u00e1st \u00e9s az internet vezet\u00e9k n\u00e9lk\u00fcli el\u00e9r\u00e9s\u00e9t.<\/p>\n<p>A HP ZBook 15 G1 G2 VBL20 LS-9242P vezet\u00e9k n\u00e9lk\u00fcli gombk\u00e1rty\u00e1val kicser\u00e9lheti a hib\u00e1s k\u00e1rty\u00e1t, \u00e9s vissza\u00e1ll\u00edthatja laptopja vezet\u00e9k n\u00e9lk\u00fcli gombj\u00e1nak megfelel\u0151 m\u0171k\u00f6d\u00e9s\u00e9t. \u00c9lvezze a z\u00f6kken\u0151mentes vezet\u00e9k n\u00e9lk\u00fcli kapcsolatot, \u00e9s szerezze vissza az ir\u00e1ny\u00edt\u00e1st vezet\u00e9k n\u00e9lk\u00fcli szolg\u00e1ltat\u00e1sai felett.<\/p>\n<p>A HP ZBook 15 G1 G2 vezet\u00e9k n\u00e9lk\u00fcli gombk\u00e1rtya VBL20 LS-9242P telep\u00edt\u00e9se egyszer\u0171 folyamat. Egyszer\u0171en t\u00e1vol\u00edtsa el a r\u00e9gi t\u00e1bl\u00e1t, \u00e9s cser\u00e9lje ki erre az \u00faj k\u00e1rty\u00e1ra, biztos\u00edtva a megfelel\u0151 csatlakoz\u00e1st \u00e9s be\u00e1ll\u00edt\u00e1st. Ez egy k\u00f6lts\u00e9ghat\u00e9kony megold\u00e1s, amely lehet\u0151v\u00e9 teszi laptopja vezet\u00e9k n\u00e9lk\u00fcli k\u00e9pess\u00e9geinek helyre\u00e1ll\u00edt\u00e1s\u00e1t an\u00e9lk\u00fcl, hogy teljes rendszercser\u00e9re lenne sz\u00fcks\u00e9g.<\/p>\n<p>Eur\u00f3pai v\u00e1s\u00e1rl\u00f3kat kiszolg\u00e1l\u00f3 elad\u00f3k\u00e9nt meg\u00e9rtj\u00fck az eredeti \u00e9s megb\u00edzhat\u00f3 laptop-alkatr\u00e9szek biztos\u00edt\u00e1s\u00e1nak fontoss\u00e1g\u00e1t. A HP ZBook 15 G1 G2 Wireless Button Board VBL20 LS-9242P k\u00f6zvetlen\u00fcl a HP-t\u00f3l sz\u00e1rmazik, \u00e9s megfelel az \u00f6sszes sz\u00fcks\u00e9ges min\u0151s\u00e9gi szabv\u00e1nynak, \u00edgy biztos\u00edtja a kompatibilit\u00e1st, a megb\u00edzhat\u00f3s\u00e1got \u00e9s az optim\u00e1lis teljes\u00edtm\u00e9nyt az eur\u00f3pai HP ZBook 15 G1 \u00e9s G2 laptopokon bel\u00fcl.<\/p>\n<p>Friss\u00edtse laptopja vezet\u00e9k n\u00e9lk\u00fcli funkci\u00f3it m\u00e9g ma a HP ZBook 15 G1 G2 VBL20 LS-9242P vezet\u00e9k n\u00e9lk\u00fcli gombk\u00e1rty\u00e1val. \u00c9lvezze a z\u00f6kken\u0151mentes vezet\u00e9k n\u00e9lk\u00fcli kapcsolatot, a vezet\u00e9k n\u00e9lk\u00fcli funkci\u00f3k k\u00e9nyelmes vez\u00e9rl\u00e9s\u00e9t \u00e9s a probl\u00e9mamentes internet-hozz\u00e1f\u00e9r\u00e9st. V\u00e1s\u00e1roljon n\u00e1lunk most, \u00e9s tapasztalja meg az eredeti HP cserealkatr\u00e9sz el\u0151nyeit.<\/p>\n","protected":false},"excerpt":{"rendered":"<p>Cser\u00e9lje ki HP ZBook 15 G1 vagy G2 vezet\u00e9k n\u00e9lk\u00fcli gombk\u00e1rty\u00e1j\u00e1t a HP ZBook 15 G1 G2 VBL20 LS-9242P vezet\u00e9k n\u00e9lk\u00fcli gombk\u00e1rty\u00e1ra. Ez az eredeti HP k\u00e1rtya megb\u00edzhat\u00f3 vezet\u00e9k n\u00e9lk\u00fcli kapcsolatot \u00e9s a vezet\u00e9k n\u00e9lk\u00fcli gomb megfelel\u0151 m\u0171k\u00f6d\u00e9s\u00e9t biztos\u00edtja. Ezzel a kiv\u00e1l\u00f3 min\u0151s\u00e9g\u0171 cserealkatr\u00e9szrel \u00e1ll\u00edtsa vissza laptopja vezet\u00e9k n\u00e9lk\u00fcli funkci\u00f3inak m\u0171k\u00f6d\u0151k\u00e9pess\u00e9g\u00e9t. V\u00e1s\u00e1roljon most, \u00e9s \u00e9lvezze a z\u00f6kken\u0151mentes vezet\u00e9k n\u00e9lk\u00fcli kapcsolatot.<\/p>\n","protected":false},"featured_media":570,"template":"","meta":[],"product_brand":[],"product_cat":[27],"product_tag":[25],"class_list":{"0":"post-526","1":"product","2":"type-product","3":"status-publish","4":"has-post-thumbnail","6":"product_cat-motherboards-board-parts","7":"product_tag-hp","9":"first","10":"instock","11":"taxable","12":"shipping-taxable","13":"purchasable","14":"product-type-simple"},"_links":{"self":[{"href":"https:\/\/boreait.com\/hu\/wp-json\/wp\/v2\/product\/526","targetHints":{"allow":["GET"]}}],"collection":[{"href":"https:\/\/boreait.com\/hu\/wp-json\/wp\/v2\/product"}],"about":[{"href":"https:\/\/boreait.com\/hu\/wp-json\/wp\/v2\/types\/product"}],"wp:featuredmedia":[{"embeddable":true,"href":"https:\/\/boreait.com\/hu\/wp-json\/wp\/v2\/media\/570"}],"wp:attachment":[{"href":"https:\/\/boreait.com\/hu\/wp-json\/wp\/v2\/media?parent=526"}],"wp:term":[{"taxonomy":"product_brand","embeddable":true,"href":"https:\/\/boreait.com\/hu\/wp-json\/wp\/v2\/product_brand?post=526"},{"taxonomy":"product_cat","embeddable":true,"href":"https:\/\/boreait.com\/hu\/wp-json\/wp\/v2\/product_cat?post=526"},{"taxonomy":"product_tag","embeddable":true,"href":"https:\/\/boreait.com\/hu\/wp-json\/wp\/v2\/product_tag?post=526"}],"curies":[{"name":"wp","href":"https:\/\/api.w.org\/{rel}","templated":true}]}}