{"id":525,"date":"2025-09-17T09:27:42","date_gmt":"2025-09-17T07:27:42","guid":{"rendered":"https:\/\/boreait.com\/hu\/?post_type=product&#038;p=525"},"modified":"2026-01-07T09:42:54","modified_gmt":"2026-01-07T08:42:54","slug":"hyc05-05a-sepa-micro-dc-5v-kefe-nelkuli-hutoventilatorhoz-mini-ventilator-laptop-pc-hutoventilatorhoz","status":"publish","type":"product","link":"https:\/\/boreait.com\/hu\/termek\/hyc05-05a-sepa-micro-dc-5v-kefe-nelkuli-hutoventilatorhoz-mini-ventilator-laptop-pc-hutoventilatorhoz\/","title":{"rendered":"hyc05-05a SEPA Micro DC 5V kefe n\u00e9lk\u00fcli h\u0171t\u0151ventil\u00e1torhoz mini ventil\u00e1tor laptop PC h\u0171t\u0151ventil\u00e1torhoz"},"content":{"rendered":"<p>Fenntartja az optim\u00e1lis h\u0151m\u00e9rs\u00e9kletet laptopja, sz\u00e1m\u00edt\u00f3g\u00e9pe vagy radi\u00e1tora sz\u00e1m\u00e1ra a hyc05-05a SEPA Micro DC 5V kefe n\u00e9lk\u00fcli h\u0171t\u0151ventil\u00e1torral. Ezt a kiv\u00e1l\u00f3 min\u0151s\u00e9g\u0171 ventil\u00e1tort kifejezetten arra tervezt\u00e9k, hogy hat\u00e9kony h\u0171t\u00e9st biztos\u00edtson a k\u00fcl\u00f6nf\u00e9le eszk\u00f6z\u00f6k sz\u00e1m\u00e1ra, biztos\u00edtva azok legjobb m\u0171k\u00f6d\u00e9s\u00e9t.<\/p>\n<p>A SEPA Micro DC 5V kefe n\u00e9lk\u00fcli h\u0171t\u0151ventil\u00e1tor kompakt m\u00e9ret\u0171, \u00edgy alkalmas laptopokhoz, PC-khez vagy radi\u00e1torh\u0171t\u0151 alkalmaz\u00e1sokhoz. Kefe n\u00e9lk\u00fcli kialak\u00edt\u00e1sa csendes m\u0171k\u00f6d\u00e9st biztos\u00edt, \u00edgy zavar\u00f3 zaj n\u00e9lk\u00fcl dolgozhat vagy \u00e9lvezheti a multim\u00e9di\u00e1s tartalmakat.<\/p>\n<p>Hat\u00e9kony h\u0171t\u00e9si k\u00e9pess\u00e9geivel ez a ventil\u00e1tor hat\u00e9konyan vezeti el a h\u0151t, seg\u00edt megel\u0151zni a t\u00falmeleged\u00e9st \u00e9s az eszk\u00f6z\u00f6k esetleges k\u00e1rosod\u00e1s\u00e1t. Alacsonyabb h\u0151m\u00e9rs\u00e9klet fenntart\u00e1s\u00e1val jobb teljes\u00edtm\u00e9nyt tapasztalhat, \u00e9s meghosszabb\u00edtja laptopja, sz\u00e1m\u00edt\u00f3g\u00e9pe vagy radi\u00e1tora \u00e9lettartam\u00e1t.<\/p>\n<p>A SEPA Micro DC 5 V kefe n\u00e9lk\u00fcli h\u0171t\u0151ventil\u00e1tor 5 V DC bemenetr\u0151l m\u0171k\u00f6dik, \u00edgy sz\u00e1mos eszk\u00f6zzel kompatibilis. K\u00f6nnyen telep\u00edthet\u0151 kompakt m\u00e9ret\u00e9nek \u00e9s univerz\u00e1lis r\u00f6gz\u00edt\u00e9si lehet\u0151s\u00e9geinek k\u00f6sz\u00f6nhet\u0151en.<\/p>\n<p>Eur\u00f3pai v\u00e1s\u00e1rl\u00f3kat kiszolg\u00e1l\u00f3 elad\u00f3k\u00e9nt meg\u00e9rtj\u00fck a megb\u00edzhat\u00f3 \u00e9s hat\u00e9kony h\u0171t\u00e9si megold\u00e1sok fontoss\u00e1g\u00e1t. A SEPA Micro DC 5V kefe n\u00e9lk\u00fcli h\u0171t\u0151ventil\u00e1tor neves besz\u00e1ll\u00edt\u00f3kt\u00f3l sz\u00e1rmazik, \u00e9s megfelel az \u00f6sszes sz\u00fcks\u00e9ges min\u0151s\u00e9gi szabv\u00e1nynak, biztos\u00edtva a kompatibilit\u00e1st, a megb\u00edzhat\u00f3s\u00e1got \u00e9s az optim\u00e1lis teljes\u00edtm\u00e9nyt az eur\u00f3pai laptopokon, PC-ken vagy radi\u00e1torrendszereken bel\u00fcl.<\/p>\n<p>A SEPA Micro DC 5V kefe n\u00e9lk\u00fcli h\u0171t\u0151ventil\u00e1torba val\u00f3 befektet\u00e9s okos v\u00e1laszt\u00e1s azoknak a felhaszn\u00e1l\u00f3knak, akik alacsonyabb h\u0151m\u00e9rs\u00e9kletet szeretn\u00e9nek tartani, \u00e9s jav\u00edtani k\u00edv\u00e1nj\u00e1k eszk\u00f6zeik teljes\u00edtm\u00e9ny\u00e9t. \u00c9lvezze a csendesebb m\u0171k\u00f6d\u00e9st, a hat\u00e9kony h\u0151elvezet\u00e9st \u00e9s a hat\u00e9konyabb h\u0171t\u00e9si megold\u00e1st.<\/p>\n<p>Friss\u00edtse h\u0171t\u0151rendszer\u00e9t m\u00e9g ma a SEPA Micro DC 5V kefe n\u00e9lk\u00fcli h\u0171t\u0151ventil\u00e1torral. Gy\u0151z\u0151dj\u00f6n meg r\u00f3la, hogy laptopja, sz\u00e1m\u00edt\u00f3g\u00e9pe vagy h\u0171t\u0151je h\u0171v\u00f6s marad, a legjobb teljes\u00edtm\u00e9nyt ny\u00fajtja, \u00e9s v\u00e9dve marad a t\u00falmeleged\u00e9st\u0151l. V\u00e1s\u00e1roljon n\u00e1lunk most, \u00e9s tapasztalja meg a megb\u00edzhat\u00f3 \u00e9s hat\u00e9kony h\u0171t\u00e9si megold\u00e1s el\u0151nyeit.<\/p>\n","protected":false},"excerpt":{"rendered":"<p>Tartsa h\u0171v\u00f6sen laptopj\u00e1t vagy sz\u00e1m\u00edt\u00f3g\u00e9p\u00e9t a SEPA Micro DC 5V kefe n\u00e9lk\u00fcli h\u0171t\u0151ventil\u00e1torral. Ezt a kompakt \u00e9s hat\u00e9kony ventil\u00e1tort \u00fagy tervezt\u00e9k, hogy optim\u00e1lis h\u0171t\u00e9st biztos\u00edtson laptopja, sz\u00e1m\u00edt\u00f3g\u00e9pe vagy h\u0171t\u0151je sz\u00e1m\u00e1ra. Kefe n\u00e9lk\u00fcli kialak\u00edt\u00e1s\u00e1nak k\u00f6sz\u00f6nhet\u0151en csendes m\u0171k\u00f6d\u00e9st \u00e9s hat\u00e9kony h\u0151elvezet\u00e9st biztos\u00edt. Gy\u0151z\u0151dj\u00f6n meg arr\u00f3l, hogy k\u00e9sz\u00fcl\u00e9ke h\u0171v\u00f6s marad, \u00e9s a legjobban m\u0171k\u00f6dik. V\u00e1s\u00e1roljon most, \u00e9s \u00e9lvezze a hat\u00e9konyabb \u00e9s megb\u00edzhat\u00f3bb h\u0171t\u00e9si megold\u00e1st.<\/p>\n","protected":false},"featured_media":569,"template":"","meta":[],"product_brand":[],"product_cat":[33],"product_tag":[],"class_list":{"0":"post-525","1":"product","2":"type-product","3":"status-publish","4":"has-post-thumbnail","6":"product_cat-cpu-fans-heatsinks","8":"first","9":"instock","10":"taxable","11":"shipping-taxable","12":"purchasable","13":"product-type-simple"},"_links":{"self":[{"href":"https:\/\/boreait.com\/hu\/wp-json\/wp\/v2\/product\/525","targetHints":{"allow":["GET"]}}],"collection":[{"href":"https:\/\/boreait.com\/hu\/wp-json\/wp\/v2\/product"}],"about":[{"href":"https:\/\/boreait.com\/hu\/wp-json\/wp\/v2\/types\/product"}],"wp:featuredmedia":[{"embeddable":true,"href":"https:\/\/boreait.com\/hu\/wp-json\/wp\/v2\/media\/569"}],"wp:attachment":[{"href":"https:\/\/boreait.com\/hu\/wp-json\/wp\/v2\/media?parent=525"}],"wp:term":[{"taxonomy":"product_brand","embeddable":true,"href":"https:\/\/boreait.com\/hu\/wp-json\/wp\/v2\/product_brand?post=525"},{"taxonomy":"product_cat","embeddable":true,"href":"https:\/\/boreait.com\/hu\/wp-json\/wp\/v2\/product_cat?post=525"},{"taxonomy":"product_tag","embeddable":true,"href":"https:\/\/boreait.com\/hu\/wp-json\/wp\/v2\/product_tag?post=525"}],"curies":[{"name":"wp","href":"https:\/\/api.w.org\/{rel}","templated":true}]}}