{"id":5239,"date":"2025-09-17T11:12:20","date_gmt":"2025-09-17T09:12:20","guid":{"rendered":"https:\/\/boreait.com\/hu\/?post_type=product&#038;p=5239"},"modified":"2025-09-17T11:12:51","modified_gmt":"2025-09-17T09:12:51","slug":"eredeti-hitachi-14-1-matt-kijelzo-tx36d81vc1cab-eredeti-laptop-kepernyo-csere","status":"publish","type":"product","link":"https:\/\/boreait.com\/hu\/termek\/eredeti-hitachi-14-1-matt-kijelzo-tx36d81vc1cab-eredeti-laptop-kepernyo-csere\/","title":{"rendered":"EREDETI HITACHI 14.1 matt kijelz\u0151 TX36D81VC1CAB \u2013 Eredeti laptop k\u00e9perny\u0151 csere"},"content":{"rendered":"<p>Tapasztalja meg a kiv\u00e1l\u00f3 megjelen\u00edt\u00e9si min\u0151s\u00e9get az EREDETI HITACHI 14,1&#8243;-es matt kijelz\u0151vel, TX36D81VC1CAB. Ez az eredeti laptopk\u00e9perny\u0151-csere \u00fagy lett kialak\u00edtva, hogy \u00faj \u00e9letet leheljen laptopj\u00e1ba, \u00e9les \u00e9s tiszta vizu\u00e1lis \u00e9lm\u00e9nyt ny\u00fajtva.<\/p>\n<p>F\u0151bb jellemz\u0151k:<\/p>\n<ul>\n<li>M\u00e9ret: 14,1 h\u00fcvelyk<\/li>\n<li>Befejez\u00e9s: matt<\/li>\n<li>Modell: TX36D81VC1CAB<\/li>\n<li>Eredeti HITACHI term\u00e9k<\/li>\n<\/ul>\n<p>Ak\u00e1r repedt k\u00e9perny\u0151vel van dolgod, ak\u00e1r egyszer\u0171en csak friss\u00edteni szeretn\u00e9l, ez a kijelz\u0151 t\u00f6k\u00e9letesen illeszkedik. A matt fel\u00fclet cs\u00f6kkenti a t\u00fckr\u00f6z\u0151d\u00e9st, \u00edgy ide\u00e1lis k\u00fcl\u00f6nf\u00e9le f\u00e9nyviszonyokhoz \u00e9s hosszabb haszn\u00e1lathoz.<\/p>\n<p>K\u00e9rj\u00fck, vegye figyelembe, hogy ez az adatlap val\u00f3di f\u00e9nyk\u00e9peket tartalmaz az EREDETI HITACHI 14,1&#8243;-es matt kijelz\u0151r\u0151l TX36D81VC1CAB. Telep\u00edt\u00e9si utas\u00edt\u00e1sokat nem tartalmaz, de ha b\u00e1rmilyen k\u00e9rd\u00e9se van, vagy seg\u00edts\u00e9gre van sz\u00fcks\u00e9ge, forduljon bizalommal. Friss\u00edtse laptopj\u00e1t ezzel a HITACHI kijelz\u0151vel, \u00e9s \u00e9lvezze a krist\u00e1lytiszta l\u00e1tv\u00e1nyt minden alkalommal, amikor laptopj\u00e1t haszn\u00e1lja.<\/p>\n","protected":false},"excerpt":{"rendered":"<p>Friss\u00edtse laptopj\u00e1t az EREDETI HITACHI 14,1&#8243;-es matt kijelz\u0151vel TX36D81VC1CAB. Ez az eredeti laptopk\u00e9perny\u0151-csere matt fel\u00fclet\u00e9vel \u00e9les \u00e9s tiszta vizu\u00e1lis \u00e9lm\u00e9nyt k\u00edn\u00e1l. T\u00f6k\u00e9letes k\u00fcl\u00f6nf\u00e9le laptopmodellekhez, megb\u00edzhat\u00f3 megold\u00e1st ny\u00fajt s\u00e9r\u00fclt vagy hib\u00e1s k\u00e9perny\u0151j\u00e9re. Mer\u00fclj\u00f6n el az autentikus l\u00e1tv\u00e1nyban, \u00e9s keltse \u00e9letre HITAC laptopj\u00e1t ezzel a kijelz\u0151vel.<\/p>\n","protected":false},"featured_media":5278,"template":"","meta":[],"product_brand":[],"product_cat":[66,21],"product_tag":[],"class_list":{"0":"post-5239","1":"product","2":"type-product","3":"status-publish","4":"has-post-thumbnail","6":"product_cat-14-1","7":"product_cat-laptop-screens-lcd-panels","9":"first","10":"instock","11":"taxable","12":"shipping-taxable","13":"purchasable","14":"product-type-simple"},"_links":{"self":[{"href":"https:\/\/boreait.com\/hu\/wp-json\/wp\/v2\/product\/5239","targetHints":{"allow":["GET"]}}],"collection":[{"href":"https:\/\/boreait.com\/hu\/wp-json\/wp\/v2\/product"}],"about":[{"href":"https:\/\/boreait.com\/hu\/wp-json\/wp\/v2\/types\/product"}],"wp:featuredmedia":[{"embeddable":true,"href":"https:\/\/boreait.com\/hu\/wp-json\/wp\/v2\/media\/5278"}],"wp:attachment":[{"href":"https:\/\/boreait.com\/hu\/wp-json\/wp\/v2\/media?parent=5239"}],"wp:term":[{"taxonomy":"product_brand","embeddable":true,"href":"https:\/\/boreait.com\/hu\/wp-json\/wp\/v2\/product_brand?post=5239"},{"taxonomy":"product_cat","embeddable":true,"href":"https:\/\/boreait.com\/hu\/wp-json\/wp\/v2\/product_cat?post=5239"},{"taxonomy":"product_tag","embeddable":true,"href":"https:\/\/boreait.com\/hu\/wp-json\/wp\/v2\/product_tag?post=5239"}],"curies":[{"name":"wp","href":"https:\/\/api.w.org\/{rel}","templated":true}]}}