{"id":5236,"date":"2025-09-17T11:12:19","date_gmt":"2025-09-17T09:12:19","guid":{"rendered":"https:\/\/boreait.com\/hu\/?post_type=product&#038;p=5236"},"modified":"2025-09-17T11:12:47","modified_gmt":"2025-09-17T09:12:47","slug":"lenovo-thinkpad-type-20s0-20s1-ujjnyomtato-kartya-grade-a-5f30v25898","status":"publish","type":"product","link":"https:\/\/boreait.com\/hu\/termek\/lenovo-thinkpad-type-20s0-20s1-ujjnyomtato-kartya-grade-a-5f30v25898\/","title":{"rendered":"LENOVO ThinkPad Type 20S0-20S1 ujjnyomtat\u00f3 k\u00e1rtya, Grade A 5F30V25898"},"content":{"rendered":"<p>N\u00f6velje LENOVO ThinkPad Type 20S0-20S1 laptopja biztons\u00e1g\u00e1t az A fokozat\u00fa ujjnyomtat\u00f3 k\u00e1rty\u00e1val (cikksz\u00e1m: 5F30V25898). Ezt az eredeti LENOVO-kieg\u00e9sz\u00edt\u0151t \u00fagy tervezt\u00e9k, hogy pontos \u00e9s megb\u00edzhat\u00f3 ujjlenyomat-felismer\u00e9st biztos\u00edtson, \u00e9s tov\u00e1bbi v\u00e9delmet adjon laptopj\u00e1nak.<\/p>\n<p>F\u0151bb jellemz\u0151k:<\/p>\n<ul>\n<li>Alkatr\u00e9szsz\u00e1m: 5F30V25898<\/li>\n<li>Kompatibilit\u00e1s: LENOVO ThinkPad Type 20S0-20S1<\/li>\n<li>\u00c1llapot: A fokozat<\/li>\n<li>Eredeti LENOVO tartoz\u00e9k<\/li>\n<\/ul>\n<p>Friss\u00edtse laptopja biztons\u00e1g\u00e1t k\u00f6nnyed\u00e9n az A fokozat\u00fa ujjlenyomat-k\u00e1rtya integr\u00e1l\u00e1s\u00e1val. Ez a tartoz\u00e9k t\u00f6k\u00e9letes helyettes\u00edti a megl\u00e9v\u0151 ujjlenyomat-k\u00e1rty\u00e1t, vagy ide\u00e1lis kieg\u00e9sz\u00edt\u0151je, ha laptopja jelenleg nem rendelkezik ezzel a funkci\u00f3val.<\/p>\n<p>K\u00e9rj\u00fck, vegye figyelembe, hogy ez a lista val\u00f3s f\u00e9nyk\u00e9peket tartalmaz az A fokozat\u00fa ujjlenyomat-k\u00e1rty\u00e1r\u00f3l (alkatr\u00e9szsz\u00e1m: 5F30V25898), \u00e9s nem tartalmaz telep\u00edt\u00e9si utas\u00edt\u00e1st. Ha b\u00e1rmilyen k\u00e9rd\u00e9se van, vagy tov\u00e1bbi seg\u00edts\u00e9gre van sz\u00fcks\u00e9ge, forduljon bizalommal. Er\u0151s\u00edtse meg LENOVO ThinkPadj\u00e9nek biztons\u00e1g\u00e1t ezzel az eredeti LENOVO tartoz\u00e9kkal, amely a megb\u00edzhat\u00f3 ujjlenyomat-felismer\u00e9s k\u00e9nyelm\u00e9t biztos\u00edtja.<\/p>\n","protected":false},"excerpt":{"rendered":"<p>Fokozza LENOVO ThinkPad Type 20S0-20S1 laptopja biztons\u00e1g\u00e1t az A fokozat\u00fa ujjnyomtat\u00f3 k\u00e1rty\u00e1val (cikksz\u00e1m: 5F30V25898). Ez az eredeti LENOVO tartoz\u00e9k pontos \u00e9s megb\u00edzhat\u00f3 ujjlenyomat-felismer\u00e9st biztos\u00edt az extra v\u00e9delem \u00e9rdek\u00e9ben. Ezzel az A fokozat\u00fa ujjlenyomat-k\u00e1rty\u00e1val k\u00f6nnyed\u00e9n friss\u00edtheti laptopja biztons\u00e1gi funkci\u00f3it.<\/p>\n","protected":false},"featured_media":5275,"template":"","meta":[],"product_brand":[],"product_cat":[27],"product_tag":[26],"class_list":{"0":"post-5236","1":"product","2":"type-product","3":"status-publish","4":"has-post-thumbnail","6":"product_cat-motherboards-board-parts","7":"product_tag-lenovo","9":"first","10":"instock","11":"taxable","12":"shipping-taxable","13":"purchasable","14":"product-type-simple"},"_links":{"self":[{"href":"https:\/\/boreait.com\/hu\/wp-json\/wp\/v2\/product\/5236","targetHints":{"allow":["GET"]}}],"collection":[{"href":"https:\/\/boreait.com\/hu\/wp-json\/wp\/v2\/product"}],"about":[{"href":"https:\/\/boreait.com\/hu\/wp-json\/wp\/v2\/types\/product"}],"wp:featuredmedia":[{"embeddable":true,"href":"https:\/\/boreait.com\/hu\/wp-json\/wp\/v2\/media\/5275"}],"wp:attachment":[{"href":"https:\/\/boreait.com\/hu\/wp-json\/wp\/v2\/media?parent=5236"}],"wp:term":[{"taxonomy":"product_brand","embeddable":true,"href":"https:\/\/boreait.com\/hu\/wp-json\/wp\/v2\/product_brand?post=5236"},{"taxonomy":"product_cat","embeddable":true,"href":"https:\/\/boreait.com\/hu\/wp-json\/wp\/v2\/product_cat?post=5236"},{"taxonomy":"product_tag","embeddable":true,"href":"https:\/\/boreait.com\/hu\/wp-json\/wp\/v2\/product_tag?post=5236"}],"curies":[{"name":"wp","href":"https:\/\/api.w.org\/{rel}","templated":true}]}}