{"id":5232,"date":"2025-09-17T11:12:19","date_gmt":"2025-09-17T09:12:19","guid":{"rendered":"https:\/\/boreait.com\/hu\/?post_type=product&#038;p=5232"},"modified":"2025-09-17T11:12:36","modified_gmt":"2025-09-17T09:12:36","slug":"bulk-2-x-seagate-z5k500-500-500-gb-25-sata-hdd-st9500423as-72k-rpm","status":"publish","type":"product","link":"https:\/\/boreait.com\/hu\/termek\/bulk-2-x-seagate-z5k500-500-500-gb-25-sata-hdd-st9500423as-72k-rpm\/","title":{"rendered":"BULK 2 X Seagate Z5K500-500 500 GB 2,5&#8243; SATA HDD ST9500423AS \u2013 7,2K RPM"},"content":{"rendered":"<p>B\u0151v\u00edtse laptopja t\u00e1rhely\u00e9t a Seagate Seagate Z5K500-500 500 GB-os 2,5 h\u00fcvelykes SATA merevlemezzel (ST9500423AS). Ezt a nagy teljes\u00edtm\u00e9ny\u0171 HDD-t \u00fagy tervezt\u00e9k, hogy megfeleljen az \u00d6n t\u00e1rol\u00e1si ig\u00e9nyeinek, \u00e9s jelent\u0151s, 500 GB-os helyet biztos\u00edt f\u00e1jljainak, alkalmaz\u00e1sainak \u00e9s adatainak.<\/p>\n<p>F\u0151bb jellemz\u0151k:<\/p>\n<ul>\n<li>T\u00e1rol\u00f3kapacit\u00e1s: 500 GB<\/li>\n<li>Forma t\u00e9nyez\u0151: 2,5 h\u00fcvelykes SATA<\/li>\n<li>Forg\u00e1si sebess\u00e9g: 7200 RPM<\/li>\n<li>Adat\u00e1tviteli sebess\u00e9g: 3 Gbps<\/li>\n<li>Hard Disk Sentinel tesztelve<\/li>\n<li>2 lemez a csomagban, ahogy az a list\u00e1ban l\u00e9v\u0151 fot\u00f3n l\u00e1that\u00f3<\/li>\n<\/ul>\n<p>A Seagate Seagate Z5K500-500 a megb\u00edzhat\u00f3s\u00e1gra \u00e9s a sebess\u00e9gre lett tervezve, gyors, 7200 RPM-en m\u0171k\u00f6dik, \u00e9s 3 Gbps adat\u00e1tviteli sebess\u00e9get k\u00edn\u00e1l. Ak\u00e1r dokumentumokat, ak\u00e1r multim\u00e9di\u00e1t, ak\u00e1r alkalmaz\u00e1sokat t\u00e1rol, ez a HDD gyors hozz\u00e1f\u00e9r\u00e9st \u00e9s megb\u00edzhat\u00f3 teljes\u00edtm\u00e9nyt biztos\u00edt.<\/p>\n<p>A(z) (HP 634925-001) Seagate 9RT143-020 500 GB-os SATA HDD, amely ide\u00e1lis a megl\u00e9v\u0151 laptopja friss\u00edt\u00e9s\u00e9hez vagy egy \u00faj konstrukci\u00f3 r\u00e9szek\u00e9nt, megb\u00edzhat\u00f3 v\u00e1laszt\u00e1s. K\u00e9rj\u00fck, vegye figyelembe, hogy ez a lista hiteles f\u00e9nyk\u00e9peket tartalmaz a t\u00e9nyleges term\u00e9kr\u0151l, \u00e9s nem tartalmaz telep\u00edt\u00e9si utas\u00edt\u00e1st. Ha k\u00e9rd\u00e9se van, vagy seg\u00edts\u00e9gre van sz\u00fcks\u00e9ge, forduljon hozz\u00e1nk bizalommal.<\/p>\n<p>&nbsp;<\/p>\n","protected":false},"excerpt":{"rendered":"<p>N\u00f6velje laptopja t\u00e1rol\u00f3kapacit\u00e1s\u00e1t a Seagate Z5K500-500 500 GB-os 2,5 h\u00fcvelykes SATA merevlemezzel (ST9500423AS). A 7200 RPM sebess\u00e9ggel \u00e9s gyors, 3 Gbps adat\u00e1tviteli sebess\u00e9ggel rendelkez\u0151 megb\u00edzhat\u00f3 merevlemez b\u0151s\u00e9ges helyet biztos\u00edt f\u00e1jljainak, a Seagrade-alkalmaz\u00e1sok megb\u00edzhat\u00f3 t\u00e1rol\u00e1s\u00e1ra \u00e9s m\u00e9g sok m\u00e1sra.<\/p>\n","protected":false},"featured_media":5256,"template":"","meta":[],"product_brand":[],"product_cat":[61,31],"product_tag":[],"class_list":{"0":"post-5232","1":"product","2":"type-product","3":"status-publish","4":"has-post-thumbnail","6":"product_cat-2-5-hdd","7":"product_cat-ssd-hdd-drives","9":"first","10":"instock","11":"taxable","12":"shipping-taxable","13":"purchasable","14":"product-type-simple"},"_links":{"self":[{"href":"https:\/\/boreait.com\/hu\/wp-json\/wp\/v2\/product\/5232","targetHints":{"allow":["GET"]}}],"collection":[{"href":"https:\/\/boreait.com\/hu\/wp-json\/wp\/v2\/product"}],"about":[{"href":"https:\/\/boreait.com\/hu\/wp-json\/wp\/v2\/types\/product"}],"wp:featuredmedia":[{"embeddable":true,"href":"https:\/\/boreait.com\/hu\/wp-json\/wp\/v2\/media\/5256"}],"wp:attachment":[{"href":"https:\/\/boreait.com\/hu\/wp-json\/wp\/v2\/media?parent=5232"}],"wp:term":[{"taxonomy":"product_brand","embeddable":true,"href":"https:\/\/boreait.com\/hu\/wp-json\/wp\/v2\/product_brand?post=5232"},{"taxonomy":"product_cat","embeddable":true,"href":"https:\/\/boreait.com\/hu\/wp-json\/wp\/v2\/product_cat?post=5232"},{"taxonomy":"product_tag","embeddable":true,"href":"https:\/\/boreait.com\/hu\/wp-json\/wp\/v2\/product_tag?post=5232"}],"curies":[{"name":"wp","href":"https:\/\/api.w.org\/{rel}","templated":true}]}}