{"id":5212,"date":"2025-09-17T11:11:56","date_gmt":"2025-09-17T09:11:56","guid":{"rendered":"https:\/\/boreait.com\/hu\/?post_type=product&#038;p=5212"},"modified":"2026-03-17T07:51:16","modified_gmt":"2026-03-17T06:51:16","slug":"hitachi-500gb-0a78265-5k500-b-500-54k-rpm-sata-7mm-25-merevlemez-h2t500854s-megbizhato-tarolasi-megoldas","status":"publish","type":"product","link":"https:\/\/boreait.com\/hu\/termek\/hitachi-500gb-0a78265-5k500-b-500-54k-rpm-sata-7mm-25-merevlemez-h2t500854s-megbizhato-tarolasi-megoldas\/","title":{"rendered":"Hitachi 500GB 0A78265 5K500.B-500 5,4K RPM SATA 7mm 2,5 Merevlemez H2T500854S &#8211; Megb\u00edzhat\u00f3 t\u00e1rol\u00e1si megold\u00e1s!"},"content":{"rendered":"<p>N\u00f6velje eszk\u00f6ze t\u00e1rol\u00e1si kapacit\u00e1s\u00e1t a Hitachi 500 GB 0A78265 5K500.B-500 5,4K RPM SATA 7 mm-es 2,5 h\u00fcvelykes H2T500854S merevlemezzel. Ezt a 2,5 h\u00fcvelykes SATA merevlemezt \u00fagy tervezt\u00e9k, hogy megb\u00edzhat\u00f3 \u00e9s nagy kapacit\u00e1s\u00fa egy\u00e9b t\u00e1rol\u00f3eszk\u00f6z\u00f6kh\u00f6z kompatibilis megold\u00e1st ny\u00fajtson.<\/p>\n<p>F\u0151bb jellemz\u0151k:<\/p>\n<ul>\n<li>T\u00e1rol\u00f3kapacit\u00e1s: 500 GB<\/li>\n<li>Forma t\u00e9nyez\u0151: 2,5 h\u00fcvelykes SATA<\/li>\n<li>Forg\u00e1si sebess\u00e9g: 5,4 K RPM<\/li>\n<li>T\u00edpus: 0A78265, H2T500854S<\/li>\n<li>Hard Disk Sentinel tesztelve<\/li>\n<\/ul>\n<p>Ak\u00e1r r\u00e9gi merevlemezt szeretne cser\u00e9lni, ak\u00e1r eszk\u00f6ze t\u00e1rhely\u00e9t szeretn\u00e9 b\u0151v\u00edteni, a Hitachi 500 GB-os SATA merevlemeze m\u00e9lt\u00f3 v\u00e1laszt\u00e1s. 5,4K RPM-es forg\u00e1si sebess\u00e9g\u00e9vel egyenletes teljes\u00edtm\u00e9nyt biztos\u00edt az adatt\u00e1rol\u00e1si ig\u00e9nyekhez.<\/p>\n<p>K\u00e9rj\u00fck, vegye figyelembe, hogy ez az adatlap hiteles fot\u00f3kat tartalmaz a Hitachi 500GB 0A78265 5K500.B-500 5,4K RPM SATA 7mm 2,5&#8243; merevlemezr\u0151l H2T500854S. Telep\u00edt\u00e9si utas\u00edt\u00e1sokat nem adunk, de ha b\u00e1rmilyen k\u00e9rd\u00e9se van, vagy seg\u00edts\u00e9gre van sz\u00fcks\u00e9ge, forduljon bizalommal Hitachi k\u00e9sz\u00fcl\u00e9k\u00e9nek \u00e9s t\u00e1rhely\u00e9nek fejleszt\u00e9s\u00e9hez. 500 GB-os SATA merevlemez a z\u00f6kken\u0151mentes sz\u00e1m\u00edt\u00e1stechnikai \u00e9lm\u00e9ny\u00e9rt.<\/p>\n","protected":false},"excerpt":{"rendered":"<p>N\u00f6velje eszk\u00f6ze t\u00e1rhely\u00e9t a Hitachi 500 GB 0A78265 5K500.B-500 5,4K RPM SATA 7 mm-es 2,5 h\u00fcvelykes merevlemezzel H2T500854S. Ez a 2,5 h\u00fcvelykes SATA merevlemez t\u00e1gas, 500 GB-os t\u00e1rol\u00f3kapacit\u00e1st \u00e9s egy\u00e9b t\u00e1rol\u00f3kapacit\u00e1st k\u00edn\u00e1l. Az RPM megb\u00edzhat\u00f3 teljes\u00edtm\u00e9nyt ny\u00fajt adatt\u00e1rol\u00e1si ig\u00e9nyeinek kiel\u00e9g\u00edt\u00e9s\u00e9re, \u00e9s \u00e9lvezze a Hitachi megb\u00edzhat\u00f3 t\u00e1rol\u00e1s\u00e1t.<\/p>\n","protected":false},"featured_media":5251,"template":"","meta":[],"product_brand":[],"product_cat":[61,31],"product_tag":[],"class_list":{"0":"post-5212","1":"product","2":"type-product","3":"status-publish","4":"has-post-thumbnail","6":"product_cat-2-5-hdd","7":"product_cat-ssd-hdd-drives","9":"first","10":"instock","11":"taxable","12":"shipping-taxable","13":"purchasable","14":"product-type-simple"},"_links":{"self":[{"href":"https:\/\/boreait.com\/hu\/wp-json\/wp\/v2\/product\/5212","targetHints":{"allow":["GET"]}}],"collection":[{"href":"https:\/\/boreait.com\/hu\/wp-json\/wp\/v2\/product"}],"about":[{"href":"https:\/\/boreait.com\/hu\/wp-json\/wp\/v2\/types\/product"}],"wp:featuredmedia":[{"embeddable":true,"href":"https:\/\/boreait.com\/hu\/wp-json\/wp\/v2\/media\/5251"}],"wp:attachment":[{"href":"https:\/\/boreait.com\/hu\/wp-json\/wp\/v2\/media?parent=5212"}],"wp:term":[{"taxonomy":"product_brand","embeddable":true,"href":"https:\/\/boreait.com\/hu\/wp-json\/wp\/v2\/product_brand?post=5212"},{"taxonomy":"product_cat","embeddable":true,"href":"https:\/\/boreait.com\/hu\/wp-json\/wp\/v2\/product_cat?post=5212"},{"taxonomy":"product_tag","embeddable":true,"href":"https:\/\/boreait.com\/hu\/wp-json\/wp\/v2\/product_tag?post=5212"}],"curies":[{"name":"wp","href":"https:\/\/api.w.org\/{rel}","templated":true}]}}