{"id":521,"date":"2025-09-17T09:27:42","date_gmt":"2025-09-17T07:27:42","guid":{"rendered":"https:\/\/boreait.com\/hu\/?post_type=product&#038;p=521"},"modified":"2026-01-07T09:42:42","modified_gmt":"2026-01-07T08:42:42","slug":"eredeti-g500-g400-g410-g505-e531-e431-szelessavu-bcm943142hm-vezetek-nelkuli-g505-kartya","status":"publish","type":"product","link":"https:\/\/boreait.com\/hu\/termek\/eredeti-g500-g400-g410-g505-e531-e431-szelessavu-bcm943142hm-vezetek-nelkuli-g505-kartya\/","title":{"rendered":"Eredeti G500 G400 G410 G505 E531 E431 sz\u00e9less\u00e1v\u00fa BCM943142HM vezet\u00e9k n\u00e9lk\u00fcli G505 k\u00e1rtya"},"content":{"rendered":"<p>Fokozza laptopja vezet\u00e9k n\u00e9lk\u00fcli kapcsolat\u00e1t a Lenovo G500 G400 G410 G505 E531 E431 sz\u00e9less\u00e1v\u00fa BCM943142HM vezet\u00e9k n\u00e9lk\u00fcli k\u00e1rty\u00e1val. Ez az eredeti Lenovo term\u00e9k megb\u00edzhat\u00f3 \u00e9s nagy sebess\u00e9g\u0171 vezet\u00e9k n\u00e9lk\u00fcli internetkapcsolatot k\u00edn\u00e1l, amely lehet\u0151v\u00e9 teszi, hogy kapcsolatban maradjon \u00e9s produkt\u00edv, b\u00e1rhov\u00e1 is megy.<\/p>\n<p>A Lenovo G500 G400 G410 G505 E531 E431 sz\u00e9less\u00e1v\u00fa BCM943142HM vezet\u00e9k n\u00e9lk\u00fcli k\u00e1rty\u00e1t \u00fagy tervezt\u00e9k, hogy kompatibilis legyen sz\u00e1mos Lenovo laptopmodellel, bele\u00e9rtve a G500, G400, G410, G505, E531 \u00e9s E431 modelleket. Ak\u00e1r megl\u00e9v\u0151 vezet\u00e9k n\u00e9lk\u00fcli k\u00e1rty\u00e1j\u00e1t cser\u00e9li, ak\u00e1r vezet\u00e9k n\u00e9lk\u00fcli k\u00e9pess\u00e9gekkel b\u0151v\u00edti laptopj\u00e1t, ez a k\u00e1rtya z\u00f6kken\u0151mentes illeszked\u00e9st \u00e9s optim\u00e1lis teljes\u00edtm\u00e9nyt biztos\u00edt.<\/p>\n<p>\u00c9lvezze a vezet\u00e9k n\u00e9lk\u00fcli kapcsolat ny\u00fajtotta k\u00e9nyelmet ezzel a kiv\u00e1l\u00f3 min\u0151s\u00e9g\u0171 vezet\u00e9k n\u00e9lk\u00fcli k\u00e1rty\u00e1val. Csatlakozzon otthoni vagy irodai h\u00e1l\u00f3zat\u00e1hoz, b\u00f6ng\u00e9sszen az interneten, streameljen vide\u00f3kat \u00e9s t\u00f6ltse le k\u00f6nnyed\u00e9n a f\u00e1jlokat. Megb\u00edzhat\u00f3 \u00e9s stabil kapcsolat\u00e1nak k\u00f6sz\u00f6nhet\u0151en megszak\u00edt\u00e1s n\u00e9lk\u00fcl \u00e9lvezheti az online tev\u00e9kenys\u00e9geket \u00e9s a z\u00f6kken\u0151mentes b\u00f6ng\u00e9sz\u00e9st.<\/p>\n<p>A Lenovo G500 G400 G410 G505 E531 E431 sz\u00e9less\u00e1v\u00fa BCM943142HM vezet\u00e9k n\u00e9lk\u00fcli k\u00e1rtya telep\u00edt\u00e9se egyszer\u0171 folyamat. Egyszer\u0171en t\u00e1vol\u00edtsa el a megl\u00e9v\u0151 k\u00e1rty\u00e1t (ha van), \u00e9s cser\u00e9lje ki erre az \u00faj k\u00e1rty\u00e1ra. Ide\u00e1lis megold\u00e1s azoknak a felhaszn\u00e1l\u00f3knak, akik szeretn\u00e9k b\u0151v\u00edteni vezet\u00e9k n\u00e9lk\u00fcli k\u00e9pess\u00e9geiket, vagy kicser\u00e9lni a hib\u00e1s vagy s\u00e9r\u00fclt k\u00e1rty\u00e1t.<\/p>\n<p>Eur\u00f3pai v\u00e1s\u00e1rl\u00f3kat kiszolg\u00e1l\u00f3 elad\u00f3k\u00e9nt meg\u00e9rtj\u00fck az eredeti \u00e9s megb\u00edzhat\u00f3 laptop-alkatr\u00e9szek biztos\u00edt\u00e1s\u00e1nak fontoss\u00e1g\u00e1t. A Lenovo G500 G400 G410 G505 E531 E431 sz\u00e9less\u00e1v\u00fa BCM943142HM vezet\u00e9k n\u00e9lk\u00fcli k\u00e1rtya k\u00f6zvetlen\u00fcl a Lenov\u00f3t\u00f3l sz\u00e1rmazik, \u00e9s megfelel minden sz\u00fcks\u00e9ges min\u0151s\u00e9gi el\u0151\u00edr\u00e1snak, \u00edgy biztos\u00edtja a kompatibilit\u00e1st, a megb\u00edzhat\u00f3s\u00e1got \u00e9s az optim\u00e1lis teljes\u00edtm\u00e9nyt az eur\u00f3pai Lenovo laptopokon bel\u00fcl.<\/p>\n<p>A Lenovo G500 G400 G410 G505 E531 E431 sz\u00e9less\u00e1v\u00fa BCM943142HM vezet\u00e9k n\u00e9lk\u00fcli k\u00e1rtya okos v\u00e1laszt\u00e1s a Lenovo laptopfelhaszn\u00e1l\u00f3k sz\u00e1m\u00e1ra. \u00c9lvezze a z\u00f6kken\u0151mentes vezet\u00e9k n\u00e9lk\u00fcli kapcsolatot, a gyorsabb adat\u00e1tviteli sebess\u00e9get \u00e9s a jobb online \u00e9lm\u00e9nyt. Maradjon kapcsolatban \u00e9s produkt\u00edv ezzel az eredeti Lenovo term\u00e9kkel.<\/p>\n<p>Friss\u00edtse laptopja vezet\u00e9k n\u00e9lk\u00fcli kapcsolat\u00e1t m\u00e9g ma a Lenovo G500 G400 G410 G505 E531 E431 sz\u00e9less\u00e1v\u00fa BCM943142HM vezet\u00e9k n\u00e9lk\u00fcli k\u00e1rty\u00e1val. Tapasztalja meg a megb\u00edzhat\u00f3 \u00e9s nagy sebess\u00e9g\u0171 vezet\u00e9k n\u00e9lk\u00fcli internet-hozz\u00e1f\u00e9r\u00e9st, b\u00e1rhov\u00e1 is megy. V\u00e1s\u00e1roljon n\u00e1lunk most, \u00e9s \u00e9lvezze a z\u00f6kken\u0151mentes vezet\u00e9k n\u00e9lk\u00fcli kapcsolat el\u0151nyeit.<\/p>\n","protected":false},"excerpt":{"rendered":"<p>B\u0151v\u00edtse laptopja vezet\u00e9k n\u00e9lk\u00fcli kapcsolat\u00e1t a Lenovo G500 G400 G410 G505 E531 E431 sz\u00e9less\u00e1v\u00fa BCM943142HM vezet\u00e9k n\u00e9lk\u00fcli k\u00e1rty\u00e1val. Ez a kiv\u00e1l\u00f3 min\u0151s\u00e9g\u0171 vezet\u00e9k n\u00e9lk\u00fcli k\u00e1rtya gyors \u00e9s megb\u00edzhat\u00f3 vezet\u00e9k n\u00e9lk\u00fcli internet-hozz\u00e1f\u00e9r\u00e9st biztos\u00edt laptopja sz\u00e1m\u00e1ra. Fokozza b\u00f6ng\u00e9sz\u00e9si \u00e9lm\u00e9ny\u00e9t, \u00e9s maradjon kapcsolatban ezzel az eredeti Lenovo vezet\u00e9k n\u00e9lk\u00fcli k\u00e1rty\u00e1val. V\u00e1s\u00e1roljon most, \u00e9s \u00e9lvezze a z\u00f6kken\u0151mentes vezet\u00e9k n\u00e9lk\u00fcli kapcsolatot.<\/p>\n","protected":false},"featured_media":554,"template":"","meta":[],"product_brand":[],"product_cat":[27],"product_tag":[26],"class_list":{"0":"post-521","1":"product","2":"type-product","3":"status-publish","4":"has-post-thumbnail","6":"product_cat-motherboards-board-parts","7":"product_tag-lenovo","9":"first","10":"instock","11":"taxable","12":"shipping-taxable","13":"purchasable","14":"product-type-simple"},"_links":{"self":[{"href":"https:\/\/boreait.com\/hu\/wp-json\/wp\/v2\/product\/521","targetHints":{"allow":["GET"]}}],"collection":[{"href":"https:\/\/boreait.com\/hu\/wp-json\/wp\/v2\/product"}],"about":[{"href":"https:\/\/boreait.com\/hu\/wp-json\/wp\/v2\/types\/product"}],"wp:featuredmedia":[{"embeddable":true,"href":"https:\/\/boreait.com\/hu\/wp-json\/wp\/v2\/media\/554"}],"wp:attachment":[{"href":"https:\/\/boreait.com\/hu\/wp-json\/wp\/v2\/media?parent=521"}],"wp:term":[{"taxonomy":"product_brand","embeddable":true,"href":"https:\/\/boreait.com\/hu\/wp-json\/wp\/v2\/product_brand?post=521"},{"taxonomy":"product_cat","embeddable":true,"href":"https:\/\/boreait.com\/hu\/wp-json\/wp\/v2\/product_cat?post=521"},{"taxonomy":"product_tag","embeddable":true,"href":"https:\/\/boreait.com\/hu\/wp-json\/wp\/v2\/product_tag?post=521"}],"curies":[{"name":"wp","href":"https:\/\/api.w.org\/{rel}","templated":true}]}}