{"id":5207,"date":"2025-09-17T11:11:56","date_gmt":"2025-09-17T09:11:56","guid":{"rendered":"https:\/\/boreait.com\/hu\/?post_type=product&#038;p=5207"},"modified":"2026-03-17T14:20:27","modified_gmt":"2026-03-17T13:20:27","slug":"hgst-750-gb-25-sata-hdd-7k1000-750-7200-rpm-60-gbs-laptop-merevlemez","status":"publish","type":"product","link":"https:\/\/boreait.com\/hu\/termek\/hgst-750-gb-25-sata-hdd-7k1000-750-7200-rpm-60-gbs-laptop-merevlemez\/","title":{"rendered":"HGST 750 GB 2,5 SATA HDD 7K1000-750 &#8211; 7200 RPM &#8211; 6,0 Gbs laptop merevlemez"},"content":{"rendered":"<p>B\u0151v\u00edtse laptopja t\u00e1rhely\u00e9t a HGST 750 GB-os 2,5&#8243;-os SATA HDD 7K1000-750 seg\u00edts\u00e9g\u00e9vel. Ezt a nagy kapacit\u00e1s\u00fa merevlemezt \u00fagy tervezt\u00e9k, hogy megfeleljen a mai adatintenz\u00edv alkalmaz\u00e1sok ig\u00e9nyeinek.<\/p>\n<p>F\u0151bb jellemz\u0151k:<\/p>\n<ul>\n<li>T\u00e1rol\u00f3kapacit\u00e1s: 750 GB<\/li>\n<li>Forma t\u00e9nyez\u0151: 2,5 h\u00fcvelykes SATA<\/li>\n<li>Forg\u00e1si sebess\u00e9g: 7200 RPM<\/li>\n<li>Adat\u00e1tviteli sebess\u00e9g: 6,0 Gb\/s<\/li>\n<li>Hard Disk Sentinel tesztelve<\/li>\n<\/ul>\n<p>A 7200 ford.\/perc forg\u00e1si sebess\u00e9g gyors adathozz\u00e1f\u00e9r\u00e9st biztos\u00edt, \u00edgy ide\u00e1lis a nagy sebess\u00e9g\u0171 t\u00e1rol\u00e1st ig\u00e9nyl\u0151 feladatokhoz. Ak\u00e1r nagy m\u00e9diaf\u00e1jlokat t\u00e1rol, ak\u00e1r alkalmaz\u00e1sokat futtat, vagy egyszer\u0171en csak tov\u00e1bbi t\u00e1rhelyre van sz\u00fcks\u00e9ge a dokumentumai sz\u00e1m\u00e1ra, ez a HGST HDD t\u00f6k\u00e9letes megold\u00e1st ny\u00fajt.<\/p>\n<p>Ez a merevlemez kompatibilis a k\u00fcl\u00f6nb\u00f6z\u0151 laptopmodellekkel, \u00e9s z\u00f6kken\u0151mentes friss\u00edt\u00e9si utat k\u00edn\u00e1l azoknak a felhaszn\u00e1l\u00f3knak, akik a teljes\u00edtm\u00e9ny fel\u00e1ldoz\u00e1sa n\u00e9lk\u00fcl szeretn\u00e9nek n\u00f6velni t\u00e1rhely\u00fcket.<\/p>\n<p>K\u00e9rj\u00fck, vegye figyelembe, hogy a lista val\u00f3di f\u00e9nyk\u00e9peket tartalmaz a HGST 750 GB-os 2,5&#8243;-es SATA HDD 7K1000-750-r\u0151l. Telep\u00edt\u00e9si utas\u00edt\u00e1sokat nem adunk, de ha b\u00e1rmilyen k\u00e9rd\u00e9se van, vagy seg\u00edts\u00e9gre van sz\u00fcks\u00e9ge, forduljon bizalommal. N\u00f6velje laptopja t\u00e1rol\u00e1si kapacit\u00e1s\u00e1t a HGST megb\u00edzhat\u00f3s\u00e1g\u00e1val.<\/p>\n","protected":false},"excerpt":{"rendered":"<p>N\u00f6velje laptopja t\u00e1rol\u00f3kapacit\u00e1s\u00e1t a HGST 750 GB-os 2,5&#8243; SATA HDD 7K1000-750 seg\u00edts\u00e9g\u00e9vel. Ez a nagy teljes\u00edtm\u00e9ny\u0171, 7200 RPM-es merevlemez megb\u00edzhat\u00f3 megold\u00e1st k\u00edn\u00e1l t\u00e1rol\u00e1si ig\u00e9nyeire. Gyors, 6,0 Gb\/s adat\u00e1tviteli sebess\u00e9g\u00e9vel gyors hozz\u00e1f\u00e9r\u00e9st biztos\u00edt f\u00e1jljaihoz \u00e9s alkalmaz\u00e1saihoz. Friss\u00edtse a HGST t\u00e1rhelyet ezzel a laptopja HDD-vel.<\/p>\n","protected":false},"featured_media":5246,"template":"","meta":[],"product_brand":[],"product_cat":[61,31],"product_tag":[],"class_list":{"0":"post-5207","1":"product","2":"type-product","3":"status-publish","4":"has-post-thumbnail","6":"product_cat-2-5-hdd","7":"product_cat-ssd-hdd-drives","9":"first","10":"instock","11":"taxable","12":"shipping-taxable","13":"purchasable","14":"product-type-simple"},"_links":{"self":[{"href":"https:\/\/boreait.com\/hu\/wp-json\/wp\/v2\/product\/5207","targetHints":{"allow":["GET"]}}],"collection":[{"href":"https:\/\/boreait.com\/hu\/wp-json\/wp\/v2\/product"}],"about":[{"href":"https:\/\/boreait.com\/hu\/wp-json\/wp\/v2\/types\/product"}],"wp:featuredmedia":[{"embeddable":true,"href":"https:\/\/boreait.com\/hu\/wp-json\/wp\/v2\/media\/5246"}],"wp:attachment":[{"href":"https:\/\/boreait.com\/hu\/wp-json\/wp\/v2\/media?parent=5207"}],"wp:term":[{"taxonomy":"product_brand","embeddable":true,"href":"https:\/\/boreait.com\/hu\/wp-json\/wp\/v2\/product_brand?post=5207"},{"taxonomy":"product_cat","embeddable":true,"href":"https:\/\/boreait.com\/hu\/wp-json\/wp\/v2\/product_cat?post=5207"},{"taxonomy":"product_tag","embeddable":true,"href":"https:\/\/boreait.com\/hu\/wp-json\/wp\/v2\/product_tag?post=5207"}],"curies":[{"name":"wp","href":"https:\/\/api.w.org\/{rel}","templated":true}]}}