{"id":5204,"date":"2025-09-17T11:11:55","date_gmt":"2025-09-17T09:11:55","guid":{"rendered":"https:\/\/boreait.com\/hu\/?post_type=product&#038;p=5204"},"modified":"2025-09-17T11:12:16","modified_gmt":"2025-09-17T09:12:16","slug":"merevlemez-meghajto-hdd-750gb-sata-2-5-hgst-5k1000-750","status":"publish","type":"product","link":"https:\/\/boreait.com\/hu\/termek\/merevlemez-meghajto-hdd-750gb-sata-2-5-hgst-5k1000-750\/","title":{"rendered":"Merevlemez meghajt\u00f3 HDD 750GB SATA 2.5 HGST 5K1000-750"},"content":{"rendered":"<p>B\u0151v\u00edtse sz\u00e1m\u00edt\u00f3g\u00e9p\u00e9t vagy laptopj\u00e1t HGST\u00a0750 GB-os SATA 2,5 h\u00fcvelykes merevlemez-meghajt\u00f3val (HDD), amely a megb\u00edzhat\u00f3\u00a05K1000-750 modellt tartalmazza. Ezt az eredeti OEM-meghajt\u00f3t \u00fagy tervezt\u00e9k, hogy b\u0151s\u00e9ges t\u00e1rhelyet \u00e9s fokozott teljes\u00edtm\u00e9nyt biztos\u00edtson laptopja sz\u00e1m\u00e1ra.<\/p>\n<p>F\u0151bb jellemz\u0151k:<\/p>\n<ul>\n<li>T\u00e1rol\u00f3kapacit\u00e1s: 750 GB<\/li>\n<li>Forma t\u00e9nyez\u0151: 2,5 h\u00fcvelykes SATA<\/li>\n<li>Modell: HGST 5K1000-750<\/li>\n<li>Hard Disk Sentinel tesztelve<\/li>\n<\/ul>\n<p> \u00c9lvezze a f\u00e1jlok, alkalmaz\u00e1sok \u00e9s multim\u00e9dia t\u00e1rhely\u00e9nek jelent\u0151s n\u00f6veked\u00e9s\u00e9t. A SATA interf\u00e9sz z\u00f6kken\u0151mentes adat\u00e1tvitelt tesz lehet\u0151v\u00e9, m\u00edg a 2,5 h\u00fcvelykes form\u00e1tum t\u00f6k\u00e9letesen illeszkedik laptopj\u00e1hoz.<\/p>\n<p>Ak\u00e1r meghib\u00e1sodott meghajt\u00f3t cser\u00e9l, ak\u00e1r nagyobb kapacit\u00e1s \u00e9rdek\u00e9ben friss\u00edt, ez a HDD megb\u00edzhat\u00f3 v\u00e1laszt\u00e1s. A HGST 5K1000-750 modell tart\u00f3ss\u00e1g\u00e1r\u00f3l \u00e9s teljes\u00edtm\u00e9ny\u00e9r\u0151l ismert, \u00edgy megb\u00edzhat\u00f3 t\u00e1rol\u00e1si megold\u00e1st k\u00edn\u00e1l laptopja sz\u00e1m\u00e1ra.<\/p>\n<p>K\u00e9rj\u00fck, vegye figyelembe, hogy ez az adatlap val\u00f3di f\u00e9nyk\u00e9peket tartalmaz a HGST 5K1000-750-r\u0151l. Telep\u00edt\u00e9si \u00fatmutat\u00f3 nem tal\u00e1lhat\u00f3, de ha b\u00e1rmilyen k\u00e9rd\u00e9se van, vagy seg\u00edts\u00e9gre van sz\u00fcks\u00e9ge, forduljon bizalommal. B\u0151v\u00edtse laptopja t\u00e1rhely\u00e9t ezzel az eredeti OEM HDD-vel, \u00e9s tapasztalja meg a jobb teljes\u00edtm\u00e9nyt \u00e9s megb\u00edzhat\u00f3s\u00e1got.<\/p>\n","protected":false},"excerpt":{"rendered":"<p>Fejlessze sz\u00e1m\u00edt\u00f3g\u00e9p\u00e9t vagy laptopj\u00e1t ezzel az eredeti OEM merevlemez-meghajt\u00f3val (HDD). A t\u00e1gas, 750 GB-os t\u00e1rol\u00f3kapacit\u00e1ssal \u00e9s SATA interf\u00e9sszel rendelkez\u0151 HGST 5K1000-750 HDD az optim\u00e1lis teljes\u00edtm\u00e9nyre lett kialak\u00edtva.<\/p>\n","protected":false},"featured_media":5230,"template":"","meta":[],"product_brand":[],"product_cat":[61,31],"product_tag":[],"class_list":{"0":"post-5204","1":"product","2":"type-product","3":"status-publish","4":"has-post-thumbnail","6":"product_cat-2-5-hdd","7":"product_cat-ssd-hdd-drives","9":"first","10":"instock","11":"taxable","12":"shipping-taxable","13":"purchasable","14":"product-type-simple"},"_links":{"self":[{"href":"https:\/\/boreait.com\/hu\/wp-json\/wp\/v2\/product\/5204","targetHints":{"allow":["GET"]}}],"collection":[{"href":"https:\/\/boreait.com\/hu\/wp-json\/wp\/v2\/product"}],"about":[{"href":"https:\/\/boreait.com\/hu\/wp-json\/wp\/v2\/types\/product"}],"wp:featuredmedia":[{"embeddable":true,"href":"https:\/\/boreait.com\/hu\/wp-json\/wp\/v2\/media\/5230"}],"wp:attachment":[{"href":"https:\/\/boreait.com\/hu\/wp-json\/wp\/v2\/media?parent=5204"}],"wp:term":[{"taxonomy":"product_brand","embeddable":true,"href":"https:\/\/boreait.com\/hu\/wp-json\/wp\/v2\/product_brand?post=5204"},{"taxonomy":"product_cat","embeddable":true,"href":"https:\/\/boreait.com\/hu\/wp-json\/wp\/v2\/product_cat?post=5204"},{"taxonomy":"product_tag","embeddable":true,"href":"https:\/\/boreait.com\/hu\/wp-json\/wp\/v2\/product_tag?post=5204"}],"curies":[{"name":"wp","href":"https:\/\/api.w.org\/{rel}","templated":true}]}}