{"id":5182,"date":"2025-09-17T11:11:32","date_gmt":"2025-09-17T09:11:32","guid":{"rendered":"https:\/\/boreait.com\/hu\/?post_type=product&#038;p=5182"},"modified":"2026-01-12T10:30:27","modified_gmt":"2026-01-12T09:30:27","slug":"intel-6235anhmw-vezetek-nelkuli-kartya-wi-fi-kartya-670292-001-nagy-sebessegu-csatlakozas","status":"publish","type":"product","link":"https:\/\/boreait.com\/hu\/termek\/intel-6235anhmw-vezetek-nelkuli-kartya-wi-fi-kartya-670292-001-nagy-sebessegu-csatlakozas\/","title":{"rendered":"Intel 6235anhmw vezet\u00e9k n\u00e9lk\u00fcli k\u00e1rtya Wi-Fi k\u00e1rtya 670292-001 &#8211; Nagy sebess\u00e9g\u0171 csatlakoz\u00e1s!"},"content":{"rendered":"<p>N\u00f6velje laptopja vezet\u00e9k n\u00e9lk\u00fcli teljes\u00edtm\u00e9ny\u00e9t az Intel 6235anhmw Wireless Board 670292-001 Wi-Fi k\u00e1rty\u00e1val. Ez a Wi-Fi k\u00e1rtya azoknak k\u00e9sz\u00fclt, akik nagy sebess\u00e9g\u0171 kapcsolatot \u00e9s megb\u00edzhat\u00f3 vezet\u00e9k n\u00e9lk\u00fcli teljes\u00edtm\u00e9nyt ig\u00e9nyelnek.<\/p>\n<p>F\u0151bb jellemz\u0151k:<\/p>\n<ul>\n<li>Modell: Intel 6235anhmw<\/li>\n<li>Alkatr\u00e9szsz\u00e1m: 670292-001<\/li>\n<li>Jav\u00edtja a Wi-Fi sebess\u00e9g\u00e9t \u00e9s megb\u00edzhat\u00f3s\u00e1g\u00e1t<\/li>\n<li>K\u00fcl\u00f6nf\u00e9le laptopmodellekkel kompatibilis<\/li>\n<\/ul>\n<p>Tapasztalja meg a gyorsabb let\u00f6lt\u00e9seket, a z\u00f6kken\u0151mentes streamel\u00e9st \u00e9s a megb\u00edzhat\u00f3 internetes b\u00f6ng\u00e9sz\u00e9st az Intel 6235anhmw Wi-Fi k\u00e1rty\u00e1val. Ak\u00e1r jelenlegi laptopj\u00e1t friss\u00edti, ak\u00e1r hib\u00e1s Wi-Fi k\u00e1rty\u00e1t cser\u00e9l, az Intel 6235anhmw megb\u00edzhat\u00f3 v\u00e1laszt\u00e1s.<\/p>\n<p>K\u00e9rj\u00fck, vegye figyelembe, hogy ez a lista val\u00f3di f\u00e9nyk\u00e9peket tartalmaz az Intel 6235anhmw Wireless Board 670292-001 Wi-Fi k\u00e1rty\u00e1j\u00e1r\u00f3l, \u00e9s nem tartalmaz telep\u00edt\u00e9si utas\u00edt\u00e1st. Ha b\u00e1rmilyen k\u00e9rd\u00e9se van, vagy seg\u00edts\u00e9gre van sz\u00fcks\u00e9ge, forduljon bizalommal. Maradjon bizalommal kapcsolatban az Intel 6235anhmw seg\u00edts\u00e9g\u00e9vel a kiv\u00e1l\u00f3 vezet\u00e9k n\u00e9lk\u00fcli \u00e9lm\u00e9ny \u00e9rdek\u00e9ben.<\/p>\n","protected":false},"excerpt":{"rendered":"<p>B\u0151v\u00edtse laptopja vezet\u00e9k n\u00e9lk\u00fcli k\u00e9pess\u00e9geit az Intel 6235anhmw Wireless Board 670292-001 Wi-Fi k\u00e1rty\u00e1val. Ez a megb\u00edzhat\u00f3 Wi-Fi k\u00e1rtya nagy sebess\u00e9g\u0171 kapcsolatot biztos\u00edt, \u00e9s z\u00f6kken\u0151mentes online \u00e9lm\u00e9nyt biztos\u00edt. T\u00f6k\u00e9letes laptopja vezet\u00e9k n\u00e9lk\u00fcli teljes\u00edtm\u00e9ny\u00e9nek fokoz\u00e1s\u00e1ra, ez a k\u00e1rtya k\u00fcl\u00f6nf\u00e9le modellekkel kompatibilis. Maradjon kapcsolatban az Intel 6235anhmw-vel a gyorsabb let\u00f6lt\u00e9sek, a z\u00f6kken\u0151mentes streamel\u00e9s \u00e9s a megb\u00edzhat\u00f3 internetb\u00f6ng\u00e9sz\u00e9s \u00e9rdek\u00e9ben.<\/p>\n","protected":false},"featured_media":5221,"template":"","meta":[],"product_brand":[],"product_cat":[27],"product_tag":[],"class_list":{"0":"post-5182","1":"product","2":"type-product","3":"status-publish","4":"has-post-thumbnail","6":"product_cat-motherboards-board-parts","8":"first","9":"instock","10":"taxable","11":"shipping-taxable","12":"purchasable","13":"product-type-simple"},"_links":{"self":[{"href":"https:\/\/boreait.com\/hu\/wp-json\/wp\/v2\/product\/5182","targetHints":{"allow":["GET"]}}],"collection":[{"href":"https:\/\/boreait.com\/hu\/wp-json\/wp\/v2\/product"}],"about":[{"href":"https:\/\/boreait.com\/hu\/wp-json\/wp\/v2\/types\/product"}],"wp:featuredmedia":[{"embeddable":true,"href":"https:\/\/boreait.com\/hu\/wp-json\/wp\/v2\/media\/5221"}],"wp:attachment":[{"href":"https:\/\/boreait.com\/hu\/wp-json\/wp\/v2\/media?parent=5182"}],"wp:term":[{"taxonomy":"product_brand","embeddable":true,"href":"https:\/\/boreait.com\/hu\/wp-json\/wp\/v2\/product_brand?post=5182"},{"taxonomy":"product_cat","embeddable":true,"href":"https:\/\/boreait.com\/hu\/wp-json\/wp\/v2\/product_cat?post=5182"},{"taxonomy":"product_tag","embeddable":true,"href":"https:\/\/boreait.com\/hu\/wp-json\/wp\/v2\/product_tag?post=5182"}],"curies":[{"name":"wp","href":"https:\/\/api.w.org\/{rel}","templated":true}]}}