{"id":5181,"date":"2025-09-17T11:11:32","date_gmt":"2025-09-17T09:11:32","guid":{"rendered":"https:\/\/boreait.com\/hu\/?post_type=product&#038;p=5181"},"modified":"2026-01-12T10:27:57","modified_gmt":"2026-01-12T09:27:57","slug":"intel-ultimate-n-6300-633anhmw-wifi-vezetek-nelkuli-kartya-thinkpad-fru-60y3233-hoz","status":"publish","type":"product","link":"https:\/\/boreait.com\/hu\/termek\/intel-ultimate-n-6300-633anhmw-wifi-vezetek-nelkuli-kartya-thinkpad-fru-60y3233-hoz\/","title":{"rendered":"Intel Ultimate N 6300 633ANHMW WIFI vezet\u00e9k n\u00e9lk\u00fcli k\u00e1rtya Thinkpad FRU 60Y3233-hoz"},"content":{"rendered":"<p>B\u0151v\u00edtse Thinkpad vezet\u00e9k n\u00e9lk\u00fcli kapcsolat\u00e1t az Intel Ultimate N 6300 633ANHMW WIFI vezet\u00e9k n\u00e9lk\u00fcli k\u00e1rty\u00e1val. Ez a k\u00e1rtya, amely kompatibilis az FRU 60Y3233-as Thinkpad modellekkel, kiv\u00e1l\u00f3 vezet\u00e9k n\u00e9lk\u00fcli h\u00e1l\u00f3zati \u00e9lm\u00e9nyt biztos\u00edt.<\/p>\n<p>F\u0151bb jellemz\u0151k:<\/p>\n<ul>\n<li>Modell: Intel Ultimate N 6300<\/li>\n<li>FRU: 60Y3233<\/li>\n<li>Fokozza a Thinkpad laptopok vezet\u00e9k n\u00e9lk\u00fcli teljes\u00edtm\u00e9ny\u00e9t<\/li>\n<li>Megb\u00edzhat\u00f3 \u00e9s gyors vezet\u00e9k n\u00e9lk\u00fcli internetkapcsolat<\/li>\n<\/ul>\n<p>Ak\u00e1r hib\u00e1s vezet\u00e9k n\u00e9lk\u00fcli k\u00e1rty\u00e1t cser\u00e9l, ak\u00e1r friss\u00edt, hogy gyorsabb internetkapcsolatot \u00e9lvezhessen, az Intel Ultimate N 6300 megb\u00edzhat\u00f3 v\u00e1laszt\u00e1s. Speci\u00e1lis funkci\u00f3inak k\u00f6sz\u00f6nhet\u0151en z\u00f6kken\u0151mentes online \u00e9lm\u00e9nyre sz\u00e1m\u00edthat, ak\u00e1r streamel, ak\u00e1r j\u00e1tszik, ak\u00e1r dolgozik.<\/p>\n<p>K\u00e9rj\u00fck, vegye figyelembe, hogy ez a lista val\u00f3di f\u00e9nyk\u00e9peket tartalmaz az Intel Ultimate N 6300 633ANHMW WIFI vezet\u00e9k n\u00e9lk\u00fcli k\u00e1rtya Thinkpad FRU 60Y3233-hoz. Telep\u00edt\u00e9si \u00fatmutat\u00f3 nem tal\u00e1lhat\u00f3, de ha b\u00e1rmilyen k\u00e9rd\u00e9se van, vagy seg\u00edts\u00e9gre van sz\u00fcks\u00e9ge, nyugodtan \u00edrjon nek\u00fcnk. N\u00f6velje Thinkpad vezet\u00e9k n\u00e9lk\u00fcli k\u00e9pess\u00e9geit ezzel a nagy teljes\u00edtm\u00e9ny\u0171 Intel WIFI-k\u00e1rty\u00e1val.<\/p>\n","protected":false},"excerpt":{"rendered":"<p>Fokozza laptopja csatlakoztathat\u00f3s\u00e1g\u00e1t az Intel Ultimate N 6300 633ANHMW WIFI vezet\u00e9k n\u00e9lk\u00fcli k\u00e1rty\u00e1val. Ez a kifejezetten az FRU 60Y3233-as Thinkpad modellekhez tervezett vezet\u00e9k n\u00e9lk\u00fcli k\u00e1rtya nagy teljes\u00edtm\u00e9ny\u0171 vezet\u00e9k n\u00e9lk\u00fcli h\u00e1l\u00f3zatot biztos\u00edt. B\u0151v\u00edtse laptopja vezet\u00e9k n\u00e9lk\u00fcli k\u00e9pess\u00e9geit a z\u00f6kken\u0151mentes csatlakoz\u00e1s \u00e9s a gyors, megb\u00edzhat\u00f3 internet-hozz\u00e1f\u00e9r\u00e9s \u00e9rdek\u00e9ben.<\/p>\n","protected":false},"featured_media":5220,"template":"","meta":[],"product_brand":[],"product_cat":[27],"product_tag":[26],"class_list":{"0":"post-5181","1":"product","2":"type-product","3":"status-publish","4":"has-post-thumbnail","6":"product_cat-motherboards-board-parts","7":"product_tag-lenovo","9":"first","10":"instock","11":"taxable","12":"shipping-taxable","13":"purchasable","14":"product-type-simple"},"_links":{"self":[{"href":"https:\/\/boreait.com\/hu\/wp-json\/wp\/v2\/product\/5181","targetHints":{"allow":["GET"]}}],"collection":[{"href":"https:\/\/boreait.com\/hu\/wp-json\/wp\/v2\/product"}],"about":[{"href":"https:\/\/boreait.com\/hu\/wp-json\/wp\/v2\/types\/product"}],"wp:featuredmedia":[{"embeddable":true,"href":"https:\/\/boreait.com\/hu\/wp-json\/wp\/v2\/media\/5220"}],"wp:attachment":[{"href":"https:\/\/boreait.com\/hu\/wp-json\/wp\/v2\/media?parent=5181"}],"wp:term":[{"taxonomy":"product_brand","embeddable":true,"href":"https:\/\/boreait.com\/hu\/wp-json\/wp\/v2\/product_brand?post=5181"},{"taxonomy":"product_cat","embeddable":true,"href":"https:\/\/boreait.com\/hu\/wp-json\/wp\/v2\/product_cat?post=5181"},{"taxonomy":"product_tag","embeddable":true,"href":"https:\/\/boreait.com\/hu\/wp-json\/wp\/v2\/product_tag?post=5181"}],"curies":[{"name":"wp","href":"https:\/\/api.w.org\/{rel}","templated":true}]}}