{"id":5180,"date":"2025-09-17T11:11:32","date_gmt":"2025-09-17T09:11:32","guid":{"rendered":"https:\/\/boreait.com\/hu\/?post_type=product&#038;p=5180"},"modified":"2026-01-19T06:43:51","modified_gmt":"2026-01-19T05:43:51","slug":"1-gb-laptop-ram-samsung-m470t2864qz3-cf7-ddr2-pc2-6400-800-mhz-sodimm-memoriamodul","status":"publish","type":"product","link":"https:\/\/boreait.com\/hu\/termek\/1-gb-laptop-ram-samsung-m470t2864qz3-cf7-ddr2-pc2-6400-800-mhz-sodimm-memoriamodul\/","title":{"rendered":"1 GB laptop RAM &#8211; Samsung M470T2864QZ3-CF7 DDR2 PC2-6400 800 MHz SODIMM mem\u00f3riamodul"},"content":{"rendered":"<p>B\u0151v\u00edtse laptopja mem\u00f3ri\u00e1j\u00e1t a Samsung M470T2864QZ3-CF7 1 GB DDR2 SODIMM RAM modullal. A z\u00f6kken\u0151mentes teljes\u00edtm\u00e9nyn\u00f6vel\u00e9sre tervezett mem\u00f3riamodul ide\u00e1lis laptopja sebess\u00e9g\u00e9nek \u00e9s reakci\u00f3k\u00e9szs\u00e9g\u00e9nek n\u00f6vel\u00e9s\u00e9re.<\/p>\n<p>F\u0151bb jellemz\u0151k:<\/p>\n<ul>\n<li>Kapacit\u00e1s: 1 GB<\/li>\n<li>T\u00edpus: DDR2 SODIMM<\/li>\n<li>Sebess\u00e9g: 800 MHz (PC2-6400)<\/li>\n<li>Kompatibilit\u00e1s: K\u00fcl\u00f6nf\u00e9le laptopmodellekhez tervezt\u00e9k<\/li>\n<\/ul>\n<p>Tapasztalja meg a gyorsabb adathozz\u00e1f\u00e9r\u00e9st \u00e9s a tov\u00e1bbfejlesztett t\u00f6bbfeladatos k\u00e9pess\u00e9geket a megn\u00f6velt mem\u00f3riakapacit\u00e1s r\u00e9v\u00e9n. Ez a Samsung RAM modul megb\u00edzhat\u00f3 teljes\u00edtm\u00e9nyt biztos\u00edt laptopja sz\u00e1m\u00e1ra, ak\u00e1r h\u00e9tk\u00f6znapi felhaszn\u00e1l\u00f3, ak\u00e1r t\u00f6bbfeladatos szakember.<\/p>\n<p>Friss\u00edt\u00e9s gond n\u00e9lk\u00fcl, \u00e9s \u00e9lvezze az alkalmaz\u00e1sok g\u00f6rd\u00fcl\u00e9kenyebb bet\u00f6lt\u00e9s\u00e9nek \u00e9s a jobb \u00e1ltal\u00e1nos rendszerteljes\u00edtm\u00e9ny el\u0151nyeit. K\u00e9rj\u00fck, vegye figyelembe, hogy ez a lista val\u00f3s f\u00e9nyk\u00e9peket tartalmaz a Samsung M470T2864QZ3-CF7 1 GB-os laptop RAM-r\u00f3l, \u00e9s nem tartalmaz telep\u00edt\u00e9si utas\u00edt\u00e1st. Ha b\u00e1rmilyen k\u00e9rd\u00e9se van, vagy seg\u00edts\u00e9gre van sz\u00fcks\u00e9ge, forduljon bizalommal. N\u00f6velje laptopja k\u00e9pess\u00e9geit ezzel a kiv\u00e1l\u00f3 min\u0151s\u00e9g\u0171 Samsung RAM modullal.<\/p>\n","protected":false},"excerpt":{"rendered":"<p>N\u00f6velje laptopja teljes\u00edtm\u00e9ny\u00e9t az 1 GB-os Samsung M470T2864QZ3-CF7 laptop RAM-mal. Ez a DDR2 SODIMM mem\u00f3riamodul 800 MHz-en m\u0171k\u00f6dik, ami jelent\u0151sen megn\u00f6veli laptopja sebess\u00e9g\u00e9t \u00e9s reakci\u00f3k\u00e9pess\u00e9g\u00e9t. K\u00f6nnyed\u00e9n friss\u00edthet, \u00e9s sim\u00e1bb t\u00f6bbfeladatos munkav\u00e9gz\u00e9st \u00e9s jobb \u00e1ltal\u00e1nos rendszerteljes\u00edtm\u00e9nyt tapasztalhat.<\/p>\n","protected":false},"featured_media":5219,"template":"","meta":[],"product_brand":[],"product_cat":[41,36],"product_tag":[],"class_list":{"0":"post-5180","1":"product","2":"type-product","3":"status-publish","4":"has-post-thumbnail","6":"product_cat-ddr2","7":"product_cat-ram-memory","9":"first","10":"instock","11":"taxable","12":"shipping-taxable","13":"purchasable","14":"product-type-simple"},"_links":{"self":[{"href":"https:\/\/boreait.com\/hu\/wp-json\/wp\/v2\/product\/5180","targetHints":{"allow":["GET"]}}],"collection":[{"href":"https:\/\/boreait.com\/hu\/wp-json\/wp\/v2\/product"}],"about":[{"href":"https:\/\/boreait.com\/hu\/wp-json\/wp\/v2\/types\/product"}],"wp:featuredmedia":[{"embeddable":true,"href":"https:\/\/boreait.com\/hu\/wp-json\/wp\/v2\/media\/5219"}],"wp:attachment":[{"href":"https:\/\/boreait.com\/hu\/wp-json\/wp\/v2\/media?parent=5180"}],"wp:term":[{"taxonomy":"product_brand","embeddable":true,"href":"https:\/\/boreait.com\/hu\/wp-json\/wp\/v2\/product_brand?post=5180"},{"taxonomy":"product_cat","embeddable":true,"href":"https:\/\/boreait.com\/hu\/wp-json\/wp\/v2\/product_cat?post=5180"},{"taxonomy":"product_tag","embeddable":true,"href":"https:\/\/boreait.com\/hu\/wp-json\/wp\/v2\/product_tag?post=5180"}],"curies":[{"name":"wp","href":"https:\/\/api.w.org\/{rel}","templated":true}]}}