{"id":5160,"date":"2025-09-17T11:11:07","date_gmt":"2025-09-17T09:11:07","guid":{"rendered":"https:\/\/boreait.com\/hu\/?post_type=product&#038;p=5160"},"modified":"2025-09-17T11:11:52","modified_gmt":"2025-09-17T09:11:52","slug":"acer-aspire-a515-43-sata-merevlemez-csatlakozokartya-es-ls-h802p-kabel-eredeti-oem","status":"publish","type":"product","link":"https:\/\/boreait.com\/hu\/termek\/acer-aspire-a515-43-sata-merevlemez-csatlakozokartya-es-ls-h802p-kabel-eredeti-oem\/","title":{"rendered":"Acer Aspire A515-43 SATA merevlemez-csatlakoz\u00f3k\u00e1rtya \u00e9s LS-H802P k\u00e1bel &#8211; Eredeti OEM"},"content":{"rendered":"<p>N\u00f6velje Acer Aspire A515-43 t\u00e1rol\u00e1si teljes\u00edtm\u00e9ny\u00e9t az Acer LS-H802P SATA merevlemez-csatlakoz\u00f3k\u00e1rty\u00e1val \u00e9s -k\u00e1bellel. Ezt az eredeti OEM alkatr\u00e9szt \u00fagy tervezt\u00e9k, hogy biztons\u00e1gos \u00e9s hat\u00e9kony kapcsolatot biztos\u00edtson laptopja \u00e9s SATA merevlemeze k\u00f6z\u00f6tt.<\/p>\n<p>F\u0151bb jellemz\u0151k:<\/p>\n<ul>\n<li>Modell: LS-H802P<\/li>\n<li>Kompatibilit\u00e1s: Acer Aspire A515-43<\/li>\n<li>Eredeti OEM-alkatr\u00e9sz<\/li>\n<li>Gondoskodjon megb\u00edzhat\u00f3 kapcsolatr\u00f3l laptopja \u00e9s SATA merevlemeze k\u00f6z\u00f6tt<\/li>\n<\/ul>\n<p>Ak\u00e1r hib\u00e1s csatlakoz\u00f3k\u00e1rty\u00e1t szeretne cser\u00e9lni, ak\u00e1r laptopja t\u00e1rol\u00f3kapacit\u00e1s\u00e1nak b\u0151v\u00edt\u00e9s\u00e9t tervezi, az Acer LS-H802P garant\u00e1lja az igazi Acer min\u0151s\u00e9get. Kulcsfontoss\u00e1g\u00fa eleme az optim\u00e1lis teljes\u00edtm\u00e9ny \u00e9s adat\u00e1tviteli sebess\u00e9g fenntart\u00e1s\u00e1nak.<\/p>\n<p>K\u00e9rj\u00fck, vegye figyelembe, hogy ez a lista val\u00f3s f\u00e9nyk\u00e9peket tartalmaz az Acer LS-H802P SATA merevlemez-csatlakoz\u00f3k\u00e1rty\u00e1r\u00f3l \u00e9s -k\u00e1belr\u0151l, \u00e9s nem tartalmaz telep\u00edt\u00e9si utas\u00edt\u00e1st. Ha k\u00e9rd\u00e9se van, vagy tov\u00e1bbi seg\u00edts\u00e9gre van sz\u00fcks\u00e9ge, forduljon bizalommal. N\u00f6velje Acer Aspire A515-43 t\u00e1rol\u00e1si k\u00e9pess\u00e9geit ezzel az eredeti OEM csatlakoz\u00f3k\u00e1rty\u00e1val \u00e9s k\u00e1bellel.<\/p>\n","protected":false},"excerpt":{"rendered":"<p>N\u00f6velje Acer Aspire A515-43 t\u00e1rol\u00e1si k\u00e9pess\u00e9geit az eredeti OEM Acer LS-H802P SATA merevlemez-csatlakoz\u00f3k\u00e1rty\u00e1val \u00e9s -k\u00e1bellel. Ez az alapvet\u0151 \u00f6sszetev\u0151 megb\u00edzhat\u00f3 kapcsolatot biztos\u00edt a laptop \u00e9s a SATA merevlemez k\u00f6z\u00f6tt. B\u00e1tran friss\u00edtse vagy cser\u00e9lje ki, tudva, hogy kiv\u00e1l\u00f3 min\u0151s\u00e9g\u0171, a gy\u00e1rt\u00f3 \u00e1ltal j\u00f3v\u00e1hagyott alkatr\u00e9szt kap a z\u00f6kken\u0151mentes kompatibilit\u00e1s \u00e9rdek\u00e9ben.<\/p>\n","protected":false},"featured_media":5201,"template":"","meta":[],"product_brand":[],"product_cat":[27],"product_tag":[29],"class_list":{"0":"post-5160","1":"product","2":"type-product","3":"status-publish","4":"has-post-thumbnail","6":"product_cat-motherboards-board-parts","7":"product_tag-acer","9":"first","10":"instock","11":"taxable","12":"shipping-taxable","13":"purchasable","14":"product-type-simple"},"_links":{"self":[{"href":"https:\/\/boreait.com\/hu\/wp-json\/wp\/v2\/product\/5160","targetHints":{"allow":["GET"]}}],"collection":[{"href":"https:\/\/boreait.com\/hu\/wp-json\/wp\/v2\/product"}],"about":[{"href":"https:\/\/boreait.com\/hu\/wp-json\/wp\/v2\/types\/product"}],"wp:featuredmedia":[{"embeddable":true,"href":"https:\/\/boreait.com\/hu\/wp-json\/wp\/v2\/media\/5201"}],"wp:attachment":[{"href":"https:\/\/boreait.com\/hu\/wp-json\/wp\/v2\/media?parent=5160"}],"wp:term":[{"taxonomy":"product_brand","embeddable":true,"href":"https:\/\/boreait.com\/hu\/wp-json\/wp\/v2\/product_brand?post=5160"},{"taxonomy":"product_cat","embeddable":true,"href":"https:\/\/boreait.com\/hu\/wp-json\/wp\/v2\/product_cat?post=5160"},{"taxonomy":"product_tag","embeddable":true,"href":"https:\/\/boreait.com\/hu\/wp-json\/wp\/v2\/product_tag?post=5160"}],"curies":[{"name":"wp","href":"https:\/\/api.w.org\/{rel}","templated":true}]}}