{"id":5157,"date":"2025-09-17T11:11:07","date_gmt":"2025-09-17T09:11:07","guid":{"rendered":"https:\/\/boreait.com\/hu\/?post_type=product&#038;p=5157"},"modified":"2026-01-12T10:27:22","modified_gmt":"2026-01-12T09:27:22","slug":"lenovo-thinkpad-t430-rj45-ethernet-lan-aljzat-usb-port-kartya-ns-a081-0b56242","status":"publish","type":"product","link":"https:\/\/boreait.com\/hu\/termek\/lenovo-thinkpad-t430-rj45-ethernet-lan-aljzat-usb-port-kartya-ns-a081-0b56242\/","title":{"rendered":"Lenovo ThinkPad T430 RJ45 Ethernet LAN-aljzat USB-port k\u00e1rtya NS-A081 0B56242"},"content":{"rendered":"<p>B\u0151v\u00edtse Lenovo ThinkPad T430 csatlakoztathat\u00f3s\u00e1g\u00e1t a Lenovo ThinkPad T430 RJ45 Ethernet LAN-aljzat USB-port k\u00e1rty\u00e1val, NS-A081 0B56242. Ezt az eredeti Lenovo alkatr\u00e9szt \u00fagy tervezt\u00e9k, hogy n\u00f6velje laptopja funkcionalit\u00e1s\u00e1t, megb\u00edzhat\u00f3 Ethernet-kapcsolatot \u00e9s tov\u00e1bbi USB-portot biztos\u00edtva.<\/p>\n<p>F\u0151bb jellemz\u0151k:<\/p>\n<ul>\n<li>Kompatibilis a Lenovo ThinkPad T430-al<\/li>\n<li>Eredeti Lenovo alkatr\u00e9sz: NS-A081 0B56242<\/li>\n<li>RJ45 Ethernet LAN-aljzat<\/li>\n<li>Tov\u00e1bbi USB-port a sokoldal\u00fas\u00e1g \u00e9rdek\u00e9ben<\/li>\n<\/ul>\n<p>Ak\u00e1r egy hib\u00e1s k\u00e1rtya cser\u00e9j\u00e9re van sz\u00fcks\u00e9ge, vagy tov\u00e1bbi csatlakoz\u00e1si lehet\u0151s\u00e9geket szeretne hozz\u00e1adni T430-hoz, ez a k\u00e1rtya a t\u00f6k\u00e9letes megold\u00e1s. Biztos\u00edtson stabil \u00e9s gyors Ethernet-kapcsolatot a z\u00f6kken\u0151mentes online tev\u00e9kenys\u00e9gekhez, \u00e9s haszn\u00e1lja ki a kieg\u00e9sz\u00edt\u0151 USB-port el\u0151nyeit a sokoldal\u00fabb haszn\u00e1lat \u00e9rdek\u00e9ben.<\/p>\n<p>K\u00e9rj\u00fck, vegye figyelembe, hogy ez a lista val\u00f3di f\u00e9nyk\u00e9peket tartalmaz a Lenovo ThinkPad T430 RJ45 Ethernet LAN-aljzat USB-port k\u00e1rty\u00e1j\u00e1r\u00f3l, NS-A081 0B56242. Telep\u00edt\u00e9si \u00fatmutat\u00f3 nem tal\u00e1lhat\u00f3, de ha b\u00e1rmilyen k\u00e9rd\u00e9se van, vagy tov\u00e1bbi seg\u00edts\u00e9gre van sz\u00fcks\u00e9ge, forduljon bizalommal. N\u00f6velje Lenovo ThinkPad T430 csatlakoztathat\u00f3s\u00e1g\u00e1t ezzel az eredeti \u00e9s megb\u00edzhat\u00f3 alkatr\u00e9szrel.<\/p>\n","protected":false},"excerpt":{"rendered":"<p>Fokozza Lenovo ThinkPad T430 csatlakoztathat\u00f3s\u00e1g\u00e1t az RJ45 Ethernet LAN-aljzat USB-port k\u00e1rty\u00e1val NS-A081 0B56242. Ez a k\u00e1rtya megb\u00edzhat\u00f3 Ethernet-kapcsolatot \u00e9s egy tov\u00e1bbi USB-portot biztos\u00edt, amely biztos\u00edtja, hogy laptopja tov\u00e1bbra is csatlakoztatva maradjon \u00e9s sokoldal\u00fa legyen. Friss\u00edtse T430-\u00e1t ezzel az eredeti Lenovo alkatr\u00e9szrel a z\u00f6kken\u0151mentes funkcionalit\u00e1s \u00e9s a b\u0151v\u00edtett csatlakoz\u00e1si lehet\u0151s\u00e9gek \u00e9rdek\u00e9ben.<\/p>\n","protected":false},"featured_media":5198,"template":"","meta":[],"product_brand":[],"product_cat":[27],"product_tag":[26],"class_list":{"0":"post-5157","1":"product","2":"type-product","3":"status-publish","4":"has-post-thumbnail","6":"product_cat-motherboards-board-parts","7":"product_tag-lenovo","9":"first","10":"instock","11":"taxable","12":"shipping-taxable","13":"purchasable","14":"product-type-simple"},"_links":{"self":[{"href":"https:\/\/boreait.com\/hu\/wp-json\/wp\/v2\/product\/5157","targetHints":{"allow":["GET"]}}],"collection":[{"href":"https:\/\/boreait.com\/hu\/wp-json\/wp\/v2\/product"}],"about":[{"href":"https:\/\/boreait.com\/hu\/wp-json\/wp\/v2\/types\/product"}],"wp:featuredmedia":[{"embeddable":true,"href":"https:\/\/boreait.com\/hu\/wp-json\/wp\/v2\/media\/5198"}],"wp:attachment":[{"href":"https:\/\/boreait.com\/hu\/wp-json\/wp\/v2\/media?parent=5157"}],"wp:term":[{"taxonomy":"product_brand","embeddable":true,"href":"https:\/\/boreait.com\/hu\/wp-json\/wp\/v2\/product_brand?post=5157"},{"taxonomy":"product_cat","embeddable":true,"href":"https:\/\/boreait.com\/hu\/wp-json\/wp\/v2\/product_cat?post=5157"},{"taxonomy":"product_tag","embeddable":true,"href":"https:\/\/boreait.com\/hu\/wp-json\/wp\/v2\/product_tag?post=5157"}],"curies":[{"name":"wp","href":"https:\/\/api.w.org\/{rel}","templated":true}]}}